{"id":5237,"date":"2018-09-17T14:57:32","date_gmt":"2018-09-17T12:57:32","guid":{"rendered":"https:\/\/plumplumcreations.com\/faq\/"},"modified":"2022-08-05T12:52:03","modified_gmt":"2022-08-05T10:52:03","slug":"faq","status":"publish","type":"page","link":"https:\/\/plumplumcreations.com\/it\/faq\/","title":{"rendered":"FAQ"},"content":{"rendered":"<div class=\"wpb-content-wrapper\"><p>[vc_row][vc_column][vc_empty_space height=&#8221;50px&#8221;][\/vc_column][\/vc_row][vc_row][vc_column][vc_column_text]<\/p>\n<h3 style=\"text-align: center;\">Arianna risponde<\/h3>\n<p>[\/vc_column_text][\/vc_column][\/vc_row][vc_row][vc_column][vc_tta_accordion color=&#8221;white&#8221; gap=&#8221;25&#8243; active_section=&#8221;1&#8243; no_fill=&#8221;true&#8221;][vc_tta_section title=&#8221;Gli oggetti in vendita sono fatti da te?&#8221; tab_id=&#8221;1537179928241-5ed9019a-8d1d&#8221;][vc_column_text]S\u00ec, tutti gli oggetti in vendita sono mie creazioni originali.[\/vc_column_text][\/vc_tta_section][vc_tta_section title=&#8221;Dove vengono fatti gli oggetti in vendita?&#8221; tab_id=&#8221;1537180103476-9c7ab259-1fe6&#8243;][vc_column_text]Tutti i miei lavori vengono eseguiti presso il mio studio di Venezia<a href=\"https:\/\/www.google.it\/maps\/place\/Plum+Plum+Creations+di+Arianna+Sautariello\/@45.4434288,12.3273256,16.55z\/data=!4m5!3m4!1s0x0:0x529ba437c2e4ff35!8m2!3d45.445325!4d12.3293344?shorturl=1\" target=\"_blank\" rel=\"noopener noreferrer\"> a Cannaregio, in Fondamenta dei Ormesini<\/a>[\/vc_column_text][\/vc_tta_section][vc_tta_section title=&#8221;I soggetti sono originali?&#8221; tab_id=&#8221;1537179928257-46e8a178-87f0&#8243;][vc_column_text]S\u00ec, le mie creazioni nascono tutte da miei disegni originali[\/vc_column_text][\/vc_tta_section][vc_tta_section title=&#8221;Che differenza c\u2019\u00e8 tra un Acquerello originale e una Riproduzione?&#8221; tab_id=&#8221;1537180514265-9bdbe1af-b48d&#8221;][vc_column_text]L\u2019<strong>acquerello originale<\/strong> \u00e8 un lavoro unico, fatto a mano, che richiede ore di lavoro e di prove, e che trova il suo compimento in un unico soggetto non riproducibile in modo identico manualmente.<\/p>\n<p>La <strong>riproduzione<\/strong> consiste nella scansione e successiva stampa digitale ad altissima qualit\u00e0 su carta avorio Modigliani martellata da 260 gr. di un soggetto originale. In sostanza, la riproduzione \u00e8 la versione \u201cin serie\u201d di un acquerello originale.[\/vc_column_text][\/vc_tta_section][vc_tta_section title=&#8221;Cos\u2019\u00e8 una calcografia?&#8221; tab_id=&#8221;1537180574464-3e709bd0-b289&#8243;][vc_column_text]La calcografia o stampa calcografica \u00e8 una tecnica di stampa in cavo, che prevede l\u2019 incisione di una lastra di rame o zinco.<span class=\"Apple-converted-space\">\u00a0 <\/span>Le principali tecniche di stampa calcografica sono la puntasecca e l&#8217;acquaforte.<span class=\"Apple-converted-space\">\u00a0<\/span><\/p>\n<p><b>Puntasecca<br \/>\n<\/b>Consiste nell&#8217;incidere la propria opera su una lastra di rame o zinco con uno strumento chiamato &#8220;punta&#8221; (un ago d&#8217;acciaio molto appuntito, dotato di un manico di legno e usato come una matita). Una volta incisa, la lastra viene inchiostrata e poi ripulita affinch\u00e9 l&#8217;inchiostro rimanga solo nelle parti precedentemente incise, dopo di che viene collocata sul torchio calcografico che permette la stampa.<\/p>\n<p><b>Acquaforte<br \/>\n<\/b>La superficie della lastra, dopo essere stata levigata e sgrassata, viene coperta da uno strato sottile uniforme di cera per acquaforte (verniciatura) poi annerita con nerofumo per rendere la cera pi\u00f9 resistente all&#8217;azione degli acidi e pi\u00f9 visibili i segni. Con una punta di acciaio, leggermente arrotondata, si esercita una pressione sufficiente a scoprire il metallo, tracciando i segni che comporranno l&#8217;immagine. Protetti i margini e il retro con una vernice si immerge la lastra incerata in una bacinella contenente acido diluito che morder\u00e0 il metallo dove il disegno ha scalfito la cera mettendo a nudo il metallo stesso (morsura).<\/p>\n<p>La morsura si dice :<\/p>\n<p>1. &#8220;piana&#8221; quando si fa una sola immersione nell&#8217;acido, i segni hanno tutti la stessa forza : il chiaroscuro, le tonalit\u00e0 sono dati dagli incroci e dalle linee pi\u00f9 o meno ravvicinate.<\/p>\n<p>2. per &#8220;coperture&#8221; quando avviene in momenti successivi, determinati da pi\u00f9 immersioni : dopo aver acidato una prima volta, si coprono con una vernice protettiva i segni che dovranno risultare pi\u00f9 sottili, leggeri, fini nella stampa ; si immerge di nuovo per avere segni pi\u00f9 grossi, si coprono questi e si ripete l&#8217;operazione fino ai segni pi\u00f9 larghi. Nella stampa si vedranno i confini netti fra le varie zone con differente morsura.<\/p>\n<p>3. per &#8220;aggiunte&#8221; quando si trattano sulla lastra per primi i segni che si vogliono pi\u00f9 forti nella stampa, si acidano e in successione si aggiungono, dopo ogni morsura i segni che via via si vogliono pi\u00f9 sottili. Questo metodo permette di avere, oltre i segni differenziati, i passaggi sfumati, morbidi proprio perch\u00e9 si pu\u00f2 intervenire in qualsiasi momento e in qualunque parte del lavoro fino al termine delle morsure.<\/p>\n<p>Per saperne di pi\u00f9 sulla tecnica della stampa calcografica, puoi guardare i miei video\u00a0<strong><a href=\"https:\/\/youtu.be\/WoTJfsLzSPY\" target=\"_blank\" rel=\"noopener noreferrer\">&#8220;The making of an etching &#8211; part 1&#8221;<\/a><\/strong>\u00a0e\u00a0<a href=\"https:\/\/www.youtube.com\/watch?v=n22c3OULGaY&amp;frags=pl%2Cwn\" target=\"_blank\" rel=\"noopener noreferrer\"><strong>&#8220;The making of an etching &#8211; part 2&#8221;<\/strong><\/a>[\/vc_column_text][\/vc_tta_section][vc_tta_section title=&#8221;Cos\u2019\u00e8 una linoleografia?&#8221; tab_id=&#8221;1537180680432-25cec07a-f0c9&#8243;][vc_column_text]La linoleografia \u00e8 la tecnica di stampa artistica in rilievo, che \u00e8 volta alla riproduzione di immagini e grafiche su carta, cartone o stoffa mediante l&#8217;uso di una matrice ricavata per incisione da una porzione di linoleum adatto o gomma.<span class=\"Apple-converted-space\">\u00a0<\/span><\/p>\n<p>La linoleografia \u00e8 una variante della xilografia (dove la matrice \u00e8 in legno).<\/p>\n<p>Si comincia da una sottile lastra di linoleum che viene disegnata riproducendo il soggetto, e poi incisa utilizzando degli appositi scalpelli. Dopo aver inciso la matrice, questa verr\u00e0 inchiostrata utilizzando un rullo a superficie piatta; successivamente, un foglio di carta o cartoncino verr\u00e0 pressato sulla matrice; questa, verr\u00e0 cos\u00ec stampata sulla sua superficie. \u00c8 possibile stampare matrici a pi\u00f9 colori (solitamente le mie linoleografie sono a due colori): per ottenere questo risultato, \u00e8 possibile stampare alternando matrici diverse (una per ciascun colore). Le mie linoleografie vengono stampate nel mio studio di Venezia con una pressa verticale.[\/vc_column_text][\/vc_tta_section][vc_tta_section title=&#8221;Mi interessano molto queste tecniche di stampa. Come posso impararle?&#8221; tab_id=&#8221;1537180780909-0b4a5391-3a5e&#8221;][vc_column_text]Puoi frequentare <a href=\"https:\/\/plumplumcreations.com\/it\/corsi-di-incisione\/\">uno dei miei corsi di incisione individuali<\/a> che si tengono presso il mio studio, e in base ai tuoi interessi e alla tua disponibilit\u00e0 si pu\u00f2 decidere di svolgere un corso<span class=\"Apple-converted-space\">\u00a0 <\/span>personalizzato. <a href=\"https:\/\/plumplumcreations.com\/it\/contatti\/\">Scrivimi per avere maggiori informazioni!<\/a>[\/vc_column_text][\/vc_tta_section][vc_tta_section title=&#8221;Posso ordinare un oggetto che non \u00e8 pi\u00f9 disponibile nel sito?&#8221; tab_id=&#8221;1537180872588-f82c9a0b-479f&#8221;][vc_column_text]Certamente! Se navighi nel sito e vedi che un oggetto \u00e8 esaurito (non \u00e8 presente il prezzo di vendita) <a href=\"https:\/\/plumplumcreations.com\/it\/contatti\/\">puoi mandarmi un messaggio attraverso il form contatti<\/a><span class=\"Apple-converted-space\">\u00a0(o mandarmi una mail a <a href=\"mailto:info@plumplumcreations.com\">info@plumplumcreations.com<\/a>)\u00a0<\/span>chiedendomi di rifarlo. Ti mander\u00f2 al pi\u00f9 presto un preventivo![\/vc_column_text][\/vc_tta_section][vc_tta_section title=&#8221;Fai lavori su commissione?&#8221; tab_id=&#8221;1537181047720-c5cc2a55-33b5&#8243;][vc_column_text]S\u00ec, molto spesso mi chiedono disegni e acquerelli su commissione. <a href=\"https:\/\/plumplumcreations.com\/it\/contatti\/\">Contattami per avere maggiori informazioni!<\/a>[\/vc_column_text][\/vc_tta_section][vc_tta_section title=&#8221;Voglio acquistare dal tuo sito. Come posso pagare?&#8221; tab_id=&#8221;1537181102364-a8ce6835-8216&#8243;][vc_column_text]Per acquistare dal mio sito puoi utilizzare quattro metodi di pagamento diversi.<\/p>\n<p><b>1. Pagamento con carta di credito <\/b><em>(al momento non disponibile)<\/em>: Se si desidera utilizzare la carta di credito, \u00e8 possibile scegliere la prima opzione &#8220;Carta di credito&#8221; e inserire i propri dati. Il pagamento avverr\u00e0 tramite la piattaforma Stripe: Stripe \u00e8 stato verificato da un ente indipendente PCI Qualified Security Assessor (QSA) ed \u00e8 certificato come PCI Level 1 Service Provider. Questo \u00e8 il livello di certificazione pi\u00f9 severo disponibile nel settore dei pagamenti.<\/p>\n<p><b>2. Pagamento con PayPal<\/b>: Se sei titolare di un conto PayPal, puoi pagare direttamente attraverso il tuo conto PayPal, senza dover usare la carta di credito. Basta inserire il tuo indirizzo PayPal, e il pagamento viene effettuato in automatico.<\/p>\n<p><b>3. Pagamento con Amazon Pay <\/b><em>(al momento non disponibile)<\/em>: in questo caso \u00e8 ancora pi\u00f9 semplice! Se sei cliente Amazon, basta inserire il tuo username e la password Amazon e il sistema prender\u00e0 i dati Amazon senza che tu debba compilare nulla! Si tratta di un nuovo strumento fornito da Amazon, sicuro al 100% che semplifica moltissimo la modalit\u00e0 d\u2019acquisto.<\/p>\n<p><b>4. Pagamento tramite Bonifico Bancario:<\/b> in questo caso ti verranno forniti il numero di conto e gli estremi per effettuare un bonifico. Tieni presente che i prodotti verrano spediti solo dopo che il pagamento verr\u00e0 ricevuto nel conto di Plum Plum Creations.[\/vc_column_text][\/vc_tta_section][vc_tta_section title=&#8221;I pagamenti sono sicuri?&#8221; tab_id=&#8221;1537181201424-bc7f2659-a08f&#8221;][vc_column_text]Assolutamente s\u00ec, <strong>i pagamenti sono sicuri e affidabili al 100%<\/strong> utilizzando la tecnologia sicura di PayPal.<\/p>\n<p>I pagamenti con carta di credito utilizzano la piattaforma Stripe: Stripe \u00e8 stato verificato da un ente indipendente PCI Qualified Security Assessor (QSA) ed \u00e8 certificato come PCI Level 1 Service Provider. Questo \u00e8 il livello di certificazione pi\u00f9 severo disponibile nel settore dei pagamenti.<\/p>\n<p>Quando paghi con Amazon Pay, porti con te la protezione della garanzia Amazon. Amazon non condivide i dati della tua carta e sei coperto dallo stesso piano di protezione degli acquirenti disponibile su Amazon.[\/vc_column_text][\/vc_tta_section][vc_tta_section title=&#8221;A quanto ammontano le spese di spedizione?&#8221; tab_id=&#8221;1538853932754-3b419dd0-dc20&#8243;][vc_column_text]I costi delle spese di spedizione sono:<\/p>\n<p><strong>24 euro<\/strong> per <strong>Oceania e Australia<\/strong><br \/>\n<strong>19 euro<\/strong> verso <strong>USA, Sud America, Asia e Africa<\/strong><br \/>\n<strong>16 euro<\/strong> per l&#8217;<strong>Europa<\/strong> (Italia esclusa)<br \/>\n<strong>12 euro<\/strong> per l&#8217;<strong>Italia<\/strong><\/p>\n<p>Se spendete almeno <strong>150 euro<\/strong>, potete scegliere la spedizione gratuita.[\/vc_column_text][\/vc_tta_section][vc_tta_section title=&#8221;Ho acquistato un oggetto dal sito. Adesso cosa succede?&#8221; tab_id=&#8221;1537181295106-5a570f13-c853&#8243;][vc_column_text]Al momento dell\u2019acquisto ti arriver\u00e0 una email con il riepilogo dell\u2019ordine. Se il prodotto \u00e8 a disposizione, verr\u00e0 spedito nel pi\u00f9 breve tempo possibile (di solito entro due giorni, e comunque non oltre i 5 giorni lavorativi). Se il prodotto invece richiedesse pi\u00f9 tempo (perch\u00e9 ad esempio \u00e8 terminato e deve essere ristampato, e quindi necessita di un paio di giorni di asciugatura della stampa), ti verr\u00e0 comunicato via mail gli eventuali giorni di ritardo (al massimo due o tre). Ti invier\u00f2 comunque una mail indicandoti la data di spedizione.<\/p>\n<p>Al momento della spedizione riceverai una mail con un link e un codice di tracciamento per poter tracciare la spedizione.[\/vc_column_text][\/vc_tta_section][vc_tta_section title=&#8221;Quanto ci mette ad arrivare un oggetto?&#8221; tab_id=&#8221;1537181396404-08ba374c-e917&#8243;][vc_column_text]Per le consegne in territorio italiano, di solito la consegna avviene solitamente entro 5-6 (cinque-sei) giorni lavorativi a partire dalla data di spedizione.<span class=\"Apple-converted-space\">\u00a0<\/span><\/p>\n<p>Per le consegne in territorio UE, la consegna solitamente avviene entro 7-9 (sette-nove) giorni lavorativi.<\/p>\n<p>Per le consegne extra UE, i tempi di consegna possono variare da 10 (dieci) a 15 (quindici) giorni lavorativi.[\/vc_column_text][\/vc_tta_section][vc_tta_section title=&#8221;Come viene spedito l\u2019oggetto?&#8221; tab_id=&#8221;1537181588897-98985397-1abb&#8221;][vc_column_text]Tutti gli articoli vengono spediti in modo sicuro tramite raccomandata delle Poste Italiane. La spedizione \u00e8 tacciabile attraverso il sito delle Poste.<\/p>\n<p>Le immagini stampate a mano o dipinte vengono inizialmente protette da un foglio di carta velina.<\/p>\n<p>Successivamente l\u2019articolo viene posto tra due fogli di cartone pesante tagliati della giusta misura e inseriti in una busta imbottita da pluriball, che viene sigillata e su cui viene posto l\u2019indirizzo fornito dal cliente.[\/vc_column_text][\/vc_tta_section][vc_tta_section title=&#8221;Cosa faccio se un oggetto arriva danneggiato?&#8221; tab_id=&#8221;1537181659730-4a68bcf7-880b&#8221;][vc_column_text]Plum Plum Creations non si ritiene responsabile nei confronti del cliente per eventuali danni arrecati al prodotto causati dal vettore. Tuttavia, se dovessero risultare danni alla consegna, <a href=\"mailto:info@plumplumcreations.com\">mandami al pi\u00f9 presto una mail a info@plumplumcreations.com<\/a> e una soluzione la troviamo di sicuro![\/vc_column_text][\/vc_tta_section][vc_tta_section title=&#8221;Posso restituire un oggetto di cui non sono soddisfatto?&#8221; tab_id=&#8221;1537181732565-7beb26d2-2685&#8243;][vc_column_text]Certamente. Il consumatore ha diritto di esercitare il diritto di recesso. In particolare, il consumatore ha diritto di recedere da qualunque contratto concluso con Plum Plum Creations, senza alcuna penalit\u00e0 e senza specificarne il motivo, entro il termine di 14 (quattordici) giorni lavorativi decorrenti dal ricevimento del bene. Il prodotto &#8211;<strong>che deve essere perfettamente integro e non rovinato in alcuna sua parte<\/strong>&#8211; deve venire restituito e spedito in condizioni di sicurezza analoghe a quelle utilizzate da Plum Plum Creations. Le spese di spedizione sono a carico del Cliente. Non vengono in ogni caso rimborsate le spese di spedizione. Il rimborso verr\u00e0 effettuato quando il\/i prodotto\/i torneranno fisicamente a Plum Plum Creations.[\/vc_column_text][\/vc_tta_section][\/vc_tta_accordion][\/vc_column][\/vc_row]<\/p>\n<\/div>","protected":false},"excerpt":{"rendered":"<p>[vc_row][vc_column][vc_empty_space height=&#8221;50px&#8221;][\/vc_column][\/vc_row][vc_row][vc_column][vc_column_text] Arianna risponde [\/vc_column_text][\/vc_column][\/vc_row][vc_row][vc_column][vc_tta_accordion color=&#8221;white&#8221; gap=&#8221;25&#8243; active_section=&#8221;1&#8243; no_fill=&#8221;true&#8221;][vc_tta_section title=&#8221;Gli oggetti in vendita sono fatti da te?&#8221; tab_id=&#8221;1537179928241-5ed9019a-8d1d&#8221;][vc_column_text]S\u00ec, tutti gli oggetti in vendita sono mie creazioni originali.[\/vc_column_text][\/vc_tta_section][vc_tta_section title=&#8221;Dove vengono fatti gli oggetti in vendita?&#8221; tab_id=&#8221;1537180103476-9c7ab259-1fe6&#8243;][vc_column_text]Tutti i miei lavori vengono eseguiti presso il mio studio di Venezia a Cannaregio, in Fondamenta dei Ormesini[\/vc_column_text][\/vc_tta_section][vc_tta_section title=&#8221;I soggetti sono &#8230;<a class=\"r_more_blog\" href=\"https:\/\/plumplumcreations.com\/it\/faq\/#more-5237\"><i class=\"fa fa-sign-in\"><\/i> read more<\/a><\/p>\n","protected":false},"author":3,"featured_media":0,"parent":0,"menu_order":0,"comment_status":"closed","ping_status":"closed","template":"","meta":{"footnotes":""},"class_list":["post-5237","page","type-page","status-publish","hentry"],"yoast_head":"<!-- This site is optimized with the Yoast SEO plugin v27.2 - https:\/\/yoast.com\/product\/yoast-seo-wordpress\/ -->\n<title>FAQ - Plum Plum Creations<\/title>\n<meta name=\"description\" content=\"Any question? I&#039;m here to help and answer any question you may have. If you don&#039;t find your question, please write me at info@plumplumcreations.com\" \/>\n<meta name=\"robots\" content=\"index, follow, max-snippet:-1, max-image-preview:large, max-video-preview:-1\" \/>\n<link rel=\"canonical\" href=\"https:\/\/plumplumcreations.com\/it\/faq\/\" \/>\n<meta property=\"og:locale\" content=\"it_IT\" \/>\n<meta property=\"og:type\" content=\"article\" \/>\n<meta property=\"og:title\" content=\"FAQ - Plum Plum Creations\" \/>\n<meta property=\"og:description\" content=\"Any question? I&#039;m here to help and answer any question you may have. If you don&#039;t find your question, please write me at info@plumplumcreations.com\" \/>\n<meta property=\"og:url\" content=\"https:\/\/plumplumcreations.com\/it\/faq\/\" \/>\n<meta property=\"og:site_name\" content=\"Plum Plum Creations\" \/>\n<meta property=\"article:publisher\" content=\"https:\/\/www.facebook.com\/plumplumcreations\/\" \/>\n<meta property=\"article:modified_time\" content=\"2022-08-05T10:52:03+00:00\" \/>\n<meta name=\"twitter:card\" content=\"summary_large_image\" \/>\n<meta name=\"twitter:site\" content=\"@Plum2Creations\" \/>\n<meta name=\"twitter:label1\" content=\"Tempo di lettura stimato\" \/>\n\t<meta name=\"twitter:data1\" content=\"8 minuti\" \/>\n<script type=\"application\/ld+json\" class=\"yoast-schema-graph\">{\"@context\":\"https:\/\/schema.org\",\"@graph\":[{\"@type\":\"WebPage\",\"@id\":\"https:\/\/plumplumcreations.com\/it\/faq\/\",\"url\":\"https:\/\/plumplumcreations.com\/it\/faq\/\",\"name\":\"FAQ - Plum Plum Creations\",\"isPartOf\":{\"@id\":\"https:\/\/plumplumcreations.com\/it\/#website\"},\"datePublished\":\"2018-09-17T12:57:32+00:00\",\"dateModified\":\"2022-08-05T10:52:03+00:00\",\"description\":\"Any question? I'm here to help and answer any question you may have. If you don't find your question, please write me at info@plumplumcreations.com\",\"breadcrumb\":{\"@id\":\"https:\/\/plumplumcreations.com\/it\/faq\/#breadcrumb\"},\"inLanguage\":\"it-IT\",\"potentialAction\":[{\"@type\":\"ReadAction\",\"target\":[\"https:\/\/plumplumcreations.com\/it\/faq\/\"]}]},{\"@type\":\"BreadcrumbList\",\"@id\":\"https:\/\/plumplumcreations.com\/it\/faq\/#breadcrumb\",\"itemListElement\":[{\"@type\":\"ListItem\",\"position\":1,\"name\":\"Home\",\"item\":\"https:\/\/plumplumcreations.com\/it\/\"},{\"@type\":\"ListItem\",\"position\":2,\"name\":\"FAQ\"}]},{\"@type\":\"WebSite\",\"@id\":\"https:\/\/plumplumcreations.com\/it\/#website\",\"url\":\"https:\/\/plumplumcreations.com\/it\/\",\"name\":\"Plum Plum Creations\",\"description\":\"Art for Crafts'sake\",\"publisher\":{\"@id\":\"https:\/\/plumplumcreations.com\/it\/#organization\"},\"potentialAction\":[{\"@type\":\"SearchAction\",\"target\":{\"@type\":\"EntryPoint\",\"urlTemplate\":\"https:\/\/plumplumcreations.com\/it\/?s={search_term_string}\"},\"query-input\":{\"@type\":\"PropertyValueSpecification\",\"valueRequired\":true,\"valueName\":\"search_term_string\"}}],\"inLanguage\":\"it-IT\"},{\"@type\":\"Organization\",\"@id\":\"https:\/\/plumplumcreations.com\/it\/#organization\",\"name\":\"Plum Plum Creations di Arianna Sautariello\",\"url\":\"https:\/\/plumplumcreations.com\/it\/\",\"logo\":{\"@type\":\"ImageObject\",\"inLanguage\":\"it-IT\",\"@id\":\"https:\/\/plumplumcreations.com\/it\/#\/schema\/logo\/image\/\",\"url\":\"https:\/\/plumplumcreations.com\/wp-content\/uploads\/2017\/05\/logo-1.png\",\"contentUrl\":\"https:\/\/plumplumcreations.com\/wp-content\/uploads\/2017\/05\/logo-1.png\",\"width\":190,\"height\":57,\"caption\":\"Plum Plum Creations di Arianna Sautariello\"},\"image\":{\"@id\":\"https:\/\/plumplumcreations.com\/it\/#\/schema\/logo\/image\/\"},\"sameAs\":[\"https:\/\/www.facebook.com\/plumplumcreations\/\",\"https:\/\/x.com\/Plum2Creations\",\"http:\/\/instagram.com\/plumplumcreations\",\"http:\/\/pinterest.com\/ariautas\",\"https:\/\/www.youtube.com\/channel\/UCVw_esEH4FG7Pd2CNkOViig\"]}]}<\/script>\n<!-- \/ Yoast SEO plugin. -->","yoast_head_json":{"title":"FAQ - Plum Plum Creations","description":"Any question? I'm here to help and answer any question you may have. If you don't find your question, please write me at info@plumplumcreations.com","robots":{"index":"index","follow":"follow","max-snippet":"max-snippet:-1","max-image-preview":"max-image-preview:large","max-video-preview":"max-video-preview:-1"},"canonical":"https:\/\/plumplumcreations.com\/it\/faq\/","og_locale":"it_IT","og_type":"article","og_title":"FAQ - Plum Plum Creations","og_description":"Any question? I'm here to help and answer any question you may have. If you don't find your question, please write me at info@plumplumcreations.com","og_url":"https:\/\/plumplumcreations.com\/it\/faq\/","og_site_name":"Plum Plum Creations","article_publisher":"https:\/\/www.facebook.com\/plumplumcreations\/","article_modified_time":"2022-08-05T10:52:03+00:00","twitter_card":"summary_large_image","twitter_site":"@Plum2Creations","twitter_misc":{"Tempo di lettura stimato":"8 minuti"},"schema":{"@context":"https:\/\/schema.org","@graph":[{"@type":"WebPage","@id":"https:\/\/plumplumcreations.com\/it\/faq\/","url":"https:\/\/plumplumcreations.com\/it\/faq\/","name":"FAQ - Plum Plum Creations","isPartOf":{"@id":"https:\/\/plumplumcreations.com\/it\/#website"},"datePublished":"2018-09-17T12:57:32+00:00","dateModified":"2022-08-05T10:52:03+00:00","description":"Any question? I'm here to help and answer any question you may have. If you don't find your question, please write me at info@plumplumcreations.com","breadcrumb":{"@id":"https:\/\/plumplumcreations.com\/it\/faq\/#breadcrumb"},"inLanguage":"it-IT","potentialAction":[{"@type":"ReadAction","target":["https:\/\/plumplumcreations.com\/it\/faq\/"]}]},{"@type":"BreadcrumbList","@id":"https:\/\/plumplumcreations.com\/it\/faq\/#breadcrumb","itemListElement":[{"@type":"ListItem","position":1,"name":"Home","item":"https:\/\/plumplumcreations.com\/it\/"},{"@type":"ListItem","position":2,"name":"FAQ"}]},{"@type":"WebSite","@id":"https:\/\/plumplumcreations.com\/it\/#website","url":"https:\/\/plumplumcreations.com\/it\/","name":"Plum Plum Creations","description":"Art for Crafts'sake","publisher":{"@id":"https:\/\/plumplumcreations.com\/it\/#organization"},"potentialAction":[{"@type":"SearchAction","target":{"@type":"EntryPoint","urlTemplate":"https:\/\/plumplumcreations.com\/it\/?s={search_term_string}"},"query-input":{"@type":"PropertyValueSpecification","valueRequired":true,"valueName":"search_term_string"}}],"inLanguage":"it-IT"},{"@type":"Organization","@id":"https:\/\/plumplumcreations.com\/it\/#organization","name":"Plum Plum Creations di Arianna Sautariello","url":"https:\/\/plumplumcreations.com\/it\/","logo":{"@type":"ImageObject","inLanguage":"it-IT","@id":"https:\/\/plumplumcreations.com\/it\/#\/schema\/logo\/image\/","url":"https:\/\/plumplumcreations.com\/wp-content\/uploads\/2017\/05\/logo-1.png","contentUrl":"https:\/\/plumplumcreations.com\/wp-content\/uploads\/2017\/05\/logo-1.png","width":190,"height":57,"caption":"Plum Plum Creations di Arianna Sautariello"},"image":{"@id":"https:\/\/plumplumcreations.com\/it\/#\/schema\/logo\/image\/"},"sameAs":["https:\/\/www.facebook.com\/plumplumcreations\/","https:\/\/x.com\/Plum2Creations","http:\/\/instagram.com\/plumplumcreations","http:\/\/pinterest.com\/ariautas","https:\/\/www.youtube.com\/channel\/UCVw_esEH4FG7Pd2CNkOViig"]}]}},"_links":{"self":[{"href":"https:\/\/plumplumcreations.com\/it\/wp-json\/wp\/v2\/pages\/5237","targetHints":{"allow":["GET"]}}],"collection":[{"href":"https:\/\/plumplumcreations.com\/it\/wp-json\/wp\/v2\/pages"}],"about":[{"href":"https:\/\/plumplumcreations.com\/it\/wp-json\/wp\/v2\/types\/page"}],"author":[{"embeddable":true,"href":"https:\/\/plumplumcreations.com\/it\/wp-json\/wp\/v2\/users\/3"}],"replies":[{"embeddable":true,"href":"https:\/\/plumplumcreations.com\/it\/wp-json\/wp\/v2\/comments?post=5237"}],"version-history":[{"count":5,"href":"https:\/\/plumplumcreations.com\/it\/wp-json\/wp\/v2\/pages\/5237\/revisions"}],"predecessor-version":[{"id":8071,"href":"https:\/\/plumplumcreations.com\/it\/wp-json\/wp\/v2\/pages\/5237\/revisions\/8071"}],"wp:attachment":[{"href":"https:\/\/plumplumcreations.com\/it\/wp-json\/wp\/v2\/media?parent=5237"}],"curies":[{"name":"wp","href":"https:\/\/api.w.org\/{rel}","templated":true}]}}