{"id":1410,"date":"2017-05-05T16:48:56","date_gmt":"2017-05-05T14:48:56","guid":{"rendered":"http:\/\/plumplumcreations.com\/prodotto\/leone-di-san-marco\/"},"modified":"2020-04-28T01:01:37","modified_gmt":"2020-04-27T23:01:37","slug":"leone-di-san-marco","status":"publish","type":"product","link":"https:\/\/plumplumcreations.com\/it\/prodotto\/leone-di-san-marco\/","title":{"rendered":"Leone di San Marco"},"content":{"rendered":"<div class=\"wpb-content-wrapper\"><p>[vc_row][vc_column][vc_column_text]Incisione su rame raffigurante il leone alato di San Marco (il Leone di San Marco, che rappresenta l&#8217;evangelista San Marco, \u00e8 il simbolo della citt\u00e0 di Venezia e gi\u00e0 della Repubblica di Venezia). Questa \u00e8 la scultura che si pu\u00f2 vedere in cima alla colonna in Piazzetta San Marco, vicino a Piazza San Marco (la Piazzetta di San Marco non fa (a voler essere precisi) parte della Piazza, ma \u00e8 uno spazio aperto adiacente che collega il lato sud della Piazza al corso d&#8217;acqua della laguna).<br \/>\nLa Piazzetta \u00e8 segnata da due grandi colonne di granito che portano i simboli dei due santi patroni di Venezia (San Teodoro e San Marco, rappresentato dal leone alato).<\/p>\n<p>Questo leone ha una lunga storia, iniziata probabilmente come leone alato su un monumento al dio Sandon a Tarso in Cilicia (Turchia meridionale) nel 300 a.C. circa. Si pensa che le colonne siano state erette intorno al 1268, quando l&#8217;acqua era pi\u00f9 vicina e si trovavano sul bordo della laguna, incorniciando l&#8217;ingresso alla citt\u00e0 dal mare.<\/p>\n<p><strong>Acquaforte su matrice di rame<\/strong>.<br \/>\nLe tecniche utilizzate sono:<br \/>\n&#8211; Acquaforte acquaforte, per ottenere le linee del disegno<br \/>\n&#8211; Aquatinta, per ottenere le sfumature e dare un senso di profondit\u00e0.<\/p>\n<p>Stampato con inchiostro calcografico su carta rosaspina.<br \/>\n<strong>Formato carta<\/strong>: cm. 25 x 17,5<br \/>\n<strong>Dimensioni immagine<\/strong>: cm. 10 x 7<\/p>\n<p><strong>Venduto senza cornice.<\/strong><\/p>\n<p><strong>\u00a0<\/strong>[\/vc_column_text][\/vc_column][\/vc_row][vc_row][vc_column][vc_message style=&#8221;square&#8221;]Questo oggetto \u00e8 fatto a mano nel mio studio di Venezia \u2013 ci possono essere piccole variazioni di colore, rendendolo un pezzo unico. L\u2019opera pu\u00f2 apparire leggermente diversa dalle foto. Piccole imperfezioni o irregolarit\u00e0 aggiungono fascino all\u2019opera artigianale, distinguendo questo lavoro\u00a0dalle stampe prodotte in serie[\/vc_message][\/vc_column][\/vc_row]<\/p>\n<\/div>","protected":false},"excerpt":{"rendered":"<p>[vc_row][vc_column][vc_column_text]Incisione su rame raffigurante il leone alato di San Marco (il Leone di San Marco, che rappresenta l&#8217;evangelista San Marco, \u00e8 il simbolo della citt\u00e0 di Venezia e gi\u00e0 della Repubblica di Venezia). Questa \u00e8 la scultura che si pu\u00f2 vedere in cima alla colonna in Piazzetta San Marco, vicino a Piazza San Marco (la &#8230;<a class=\"r_more_blog\" href=\"https:\/\/plumplumcreations.com\/it\/prodotto\/leone-di-san-marco\/#more-1410\"><i class=\"fa fa-sign-in\"><\/i> read more<\/a><\/p>\n","protected":false},"featured_media":4102,"template":"","meta":[],"product_brand":[],"product_cat":[42,34,691],"product_tag":[63,62,122,123,83],"class_list":{"0":"post-1410","1":"product","2":"type-product","3":"status-publish","4":"has-post-thumbnail","6":"product_cat-incisioni","7":"product_cat-calcog","8":"product_cat-tutti-prodotti","9":"product_tag-acquaforte","10":"product_tag-incisione","11":"product_tag-leone","12":"product_tag-san-marco","13":"product_tag-venezia","15":"first","16":"instock","17":"shipping-taxable","18":"purchasable","19":"product-type-variable"},"yoast_head":"<!-- This site is optimized with the Yoast SEO plugin v27.2 - https:\/\/yoast.com\/product\/yoast-seo-wordpress\/ -->\n<title>Leone di San Marco - Plum Plum Creations<\/title>\n<meta name=\"description\" content=\"Incisione su rame raffigurante il leone alato di San Marco. Acquaforte su matrice di rame. Le tecniche utilizzate sono: Acquaforte e Aquatinta.\" \/>\n<meta name=\"robots\" content=\"index, follow, max-snippet:-1, max-image-preview:large, max-video-preview:-1\" \/>\n<link rel=\"canonical\" href=\"https:\/\/plumplumcreations.com\/it\/prodotto\/leone-di-san-marco\/\" \/>\n<meta property=\"og:locale\" content=\"it_IT\" \/>\n<meta property=\"og:type\" content=\"article\" \/>\n<meta property=\"og:title\" content=\"Leone di San Marco - Plum Plum Creations\" \/>\n<meta property=\"og:description\" content=\"Incisione su rame raffigurante il leone alato di San Marco. Acquaforte su matrice di rame. Le tecniche utilizzate sono: Acquaforte e Aquatinta.\" \/>\n<meta property=\"og:url\" content=\"https:\/\/plumplumcreations.com\/it\/prodotto\/leone-di-san-marco\/\" \/>\n<meta property=\"og:site_name\" content=\"Plum Plum Creations\" \/>\n<meta property=\"article:publisher\" content=\"https:\/\/www.facebook.com\/plumplumcreations\/\" \/>\n<meta property=\"article:modified_time\" content=\"2020-04-27T23:01:37+00:00\" \/>\n<meta property=\"og:image\" content=\"https:\/\/plumplumcreations.com\/wp-content\/uploads\/2017\/11\/leone_avorio_azzurro.jpg\" \/>\n\t<meta property=\"og:image:width\" content=\"2000\" \/>\n\t<meta property=\"og:image:height\" content=\"1335\" \/>\n\t<meta property=\"og:image:type\" content=\"image\/jpeg\" \/>\n<meta name=\"twitter:card\" content=\"summary_large_image\" \/>\n<meta name=\"twitter:site\" content=\"@Plum2Creations\" \/>\n<meta name=\"twitter:label1\" content=\"Tempo di lettura stimato\" \/>\n\t<meta name=\"twitter:data1\" content=\"1 minuto\" \/>\n<script type=\"application\/ld+json\" class=\"yoast-schema-graph\">{\"@context\":\"https:\/\/schema.org\",\"@graph\":[{\"@type\":\"WebPage\",\"@id\":\"https:\/\/plumplumcreations.com\/it\/prodotto\/leone-di-san-marco\/\",\"url\":\"https:\/\/plumplumcreations.com\/it\/prodotto\/leone-di-san-marco\/\",\"name\":\"Leone di San Marco - Plum Plum Creations\",\"isPartOf\":{\"@id\":\"https:\/\/plumplumcreations.com\/it\/#website\"},\"primaryImageOfPage\":{\"@id\":\"https:\/\/plumplumcreations.com\/it\/prodotto\/leone-di-san-marco\/#primaryimage\"},\"image\":{\"@id\":\"https:\/\/plumplumcreations.com\/it\/prodotto\/leone-di-san-marco\/#primaryimage\"},\"thumbnailUrl\":\"https:\/\/plumplumcreations.com\/wp-content\/uploads\/2017\/11\/leone_avorio_azzurro.jpg\",\"datePublished\":\"2017-05-05T14:48:56+00:00\",\"dateModified\":\"2020-04-27T23:01:37+00:00\",\"description\":\"Incisione su rame raffigurante il leone alato di San Marco. Acquaforte su matrice di rame. Le tecniche utilizzate sono: Acquaforte e Aquatinta.\",\"breadcrumb\":{\"@id\":\"https:\/\/plumplumcreations.com\/it\/prodotto\/leone-di-san-marco\/#breadcrumb\"},\"inLanguage\":\"it-IT\",\"potentialAction\":[{\"@type\":\"ReadAction\",\"target\":[\"https:\/\/plumplumcreations.com\/it\/prodotto\/leone-di-san-marco\/\"]}]},{\"@type\":\"ImageObject\",\"inLanguage\":\"it-IT\",\"@id\":\"https:\/\/plumplumcreations.com\/it\/prodotto\/leone-di-san-marco\/#primaryimage\",\"url\":\"https:\/\/plumplumcreations.com\/wp-content\/uploads\/2017\/11\/leone_avorio_azzurro.jpg\",\"contentUrl\":\"https:\/\/plumplumcreations.com\/wp-content\/uploads\/2017\/11\/leone_avorio_azzurro.jpg\",\"width\":2000,\"height\":1335,\"caption\":\"leone di san marco azzurro su carta bianca\"},{\"@type\":\"BreadcrumbList\",\"@id\":\"https:\/\/plumplumcreations.com\/it\/prodotto\/leone-di-san-marco\/#breadcrumb\",\"itemListElement\":[{\"@type\":\"ListItem\",\"position\":1,\"name\":\"Home\",\"item\":\"https:\/\/plumplumcreations.com\/it\/\"},{\"@type\":\"ListItem\",\"position\":2,\"name\":\"Lavori\",\"item\":\"https:\/\/plumplumcreations.com\/it\/lavori\/\"},{\"@type\":\"ListItem\",\"position\":3,\"name\":\"Leone di San Marco\"}]},{\"@type\":\"WebSite\",\"@id\":\"https:\/\/plumplumcreations.com\/it\/#website\",\"url\":\"https:\/\/plumplumcreations.com\/it\/\",\"name\":\"Plum Plum Creations\",\"description\":\"Art for Crafts'sake\",\"publisher\":{\"@id\":\"https:\/\/plumplumcreations.com\/it\/#organization\"},\"potentialAction\":[{\"@type\":\"SearchAction\",\"target\":{\"@type\":\"EntryPoint\",\"urlTemplate\":\"https:\/\/plumplumcreations.com\/it\/?s={search_term_string}\"},\"query-input\":{\"@type\":\"PropertyValueSpecification\",\"valueRequired\":true,\"valueName\":\"search_term_string\"}}],\"inLanguage\":\"it-IT\"},{\"@type\":\"Organization\",\"@id\":\"https:\/\/plumplumcreations.com\/it\/#organization\",\"name\":\"Plum Plum Creations di Arianna Sautariello\",\"url\":\"https:\/\/plumplumcreations.com\/it\/\",\"logo\":{\"@type\":\"ImageObject\",\"inLanguage\":\"it-IT\",\"@id\":\"https:\/\/plumplumcreations.com\/it\/#\/schema\/logo\/image\/\",\"url\":\"https:\/\/plumplumcreations.com\/wp-content\/uploads\/2017\/05\/logo-1.png\",\"contentUrl\":\"https:\/\/plumplumcreations.com\/wp-content\/uploads\/2017\/05\/logo-1.png\",\"width\":190,\"height\":57,\"caption\":\"Plum Plum Creations di Arianna Sautariello\"},\"image\":{\"@id\":\"https:\/\/plumplumcreations.com\/it\/#\/schema\/logo\/image\/\"},\"sameAs\":[\"https:\/\/www.facebook.com\/plumplumcreations\/\",\"https:\/\/x.com\/Plum2Creations\",\"http:\/\/instagram.com\/plumplumcreations\",\"http:\/\/pinterest.com\/ariautas\",\"https:\/\/www.youtube.com\/channel\/UCVw_esEH4FG7Pd2CNkOViig\"]}]}<\/script>\n<!-- \/ Yoast SEO plugin. -->","yoast_head_json":{"title":"Leone di San Marco - Plum Plum Creations","description":"Incisione su rame raffigurante il leone alato di San Marco. Acquaforte su matrice di rame. Le tecniche utilizzate sono: Acquaforte e Aquatinta.","robots":{"index":"index","follow":"follow","max-snippet":"max-snippet:-1","max-image-preview":"max-image-preview:large","max-video-preview":"max-video-preview:-1"},"canonical":"https:\/\/plumplumcreations.com\/it\/prodotto\/leone-di-san-marco\/","og_locale":"it_IT","og_type":"article","og_title":"Leone di San Marco - Plum Plum Creations","og_description":"Incisione su rame raffigurante il leone alato di San Marco. Acquaforte su matrice di rame. Le tecniche utilizzate sono: Acquaforte e Aquatinta.","og_url":"https:\/\/plumplumcreations.com\/it\/prodotto\/leone-di-san-marco\/","og_site_name":"Plum Plum Creations","article_publisher":"https:\/\/www.facebook.com\/plumplumcreations\/","article_modified_time":"2020-04-27T23:01:37+00:00","og_image":[{"width":2000,"height":1335,"url":"https:\/\/plumplumcreations.com\/wp-content\/uploads\/2017\/11\/leone_avorio_azzurro.jpg","type":"image\/jpeg"}],"twitter_card":"summary_large_image","twitter_site":"@Plum2Creations","twitter_misc":{"Tempo di lettura stimato":"1 minuto"},"schema":{"@context":"https:\/\/schema.org","@graph":[{"@type":"WebPage","@id":"https:\/\/plumplumcreations.com\/it\/prodotto\/leone-di-san-marco\/","url":"https:\/\/plumplumcreations.com\/it\/prodotto\/leone-di-san-marco\/","name":"Leone di San Marco - Plum Plum Creations","isPartOf":{"@id":"https:\/\/plumplumcreations.com\/it\/#website"},"primaryImageOfPage":{"@id":"https:\/\/plumplumcreations.com\/it\/prodotto\/leone-di-san-marco\/#primaryimage"},"image":{"@id":"https:\/\/plumplumcreations.com\/it\/prodotto\/leone-di-san-marco\/#primaryimage"},"thumbnailUrl":"https:\/\/plumplumcreations.com\/wp-content\/uploads\/2017\/11\/leone_avorio_azzurro.jpg","datePublished":"2017-05-05T14:48:56+00:00","dateModified":"2020-04-27T23:01:37+00:00","description":"Incisione su rame raffigurante il leone alato di San Marco. Acquaforte su matrice di rame. Le tecniche utilizzate sono: Acquaforte e Aquatinta.","breadcrumb":{"@id":"https:\/\/plumplumcreations.com\/it\/prodotto\/leone-di-san-marco\/#breadcrumb"},"inLanguage":"it-IT","potentialAction":[{"@type":"ReadAction","target":["https:\/\/plumplumcreations.com\/it\/prodotto\/leone-di-san-marco\/"]}]},{"@type":"ImageObject","inLanguage":"it-IT","@id":"https:\/\/plumplumcreations.com\/it\/prodotto\/leone-di-san-marco\/#primaryimage","url":"https:\/\/plumplumcreations.com\/wp-content\/uploads\/2017\/11\/leone_avorio_azzurro.jpg","contentUrl":"https:\/\/plumplumcreations.com\/wp-content\/uploads\/2017\/11\/leone_avorio_azzurro.jpg","width":2000,"height":1335,"caption":"leone di san marco azzurro su carta bianca"},{"@type":"BreadcrumbList","@id":"https:\/\/plumplumcreations.com\/it\/prodotto\/leone-di-san-marco\/#breadcrumb","itemListElement":[{"@type":"ListItem","position":1,"name":"Home","item":"https:\/\/plumplumcreations.com\/it\/"},{"@type":"ListItem","position":2,"name":"Lavori","item":"https:\/\/plumplumcreations.com\/it\/lavori\/"},{"@type":"ListItem","position":3,"name":"Leone di San Marco"}]},{"@type":"WebSite","@id":"https:\/\/plumplumcreations.com\/it\/#website","url":"https:\/\/plumplumcreations.com\/it\/","name":"Plum Plum Creations","description":"Art for Crafts'sake","publisher":{"@id":"https:\/\/plumplumcreations.com\/it\/#organization"},"potentialAction":[{"@type":"SearchAction","target":{"@type":"EntryPoint","urlTemplate":"https:\/\/plumplumcreations.com\/it\/?s={search_term_string}"},"query-input":{"@type":"PropertyValueSpecification","valueRequired":true,"valueName":"search_term_string"}}],"inLanguage":"it-IT"},{"@type":"Organization","@id":"https:\/\/plumplumcreations.com\/it\/#organization","name":"Plum Plum Creations di Arianna Sautariello","url":"https:\/\/plumplumcreations.com\/it\/","logo":{"@type":"ImageObject","inLanguage":"it-IT","@id":"https:\/\/plumplumcreations.com\/it\/#\/schema\/logo\/image\/","url":"https:\/\/plumplumcreations.com\/wp-content\/uploads\/2017\/05\/logo-1.png","contentUrl":"https:\/\/plumplumcreations.com\/wp-content\/uploads\/2017\/05\/logo-1.png","width":190,"height":57,"caption":"Plum Plum Creations di Arianna Sautariello"},"image":{"@id":"https:\/\/plumplumcreations.com\/it\/#\/schema\/logo\/image\/"},"sameAs":["https:\/\/www.facebook.com\/plumplumcreations\/","https:\/\/x.com\/Plum2Creations","http:\/\/instagram.com\/plumplumcreations","http:\/\/pinterest.com\/ariautas","https:\/\/www.youtube.com\/channel\/UCVw_esEH4FG7Pd2CNkOViig"]}]}},"_links":{"self":[{"href":"https:\/\/plumplumcreations.com\/it\/wp-json\/wp\/v2\/product\/1410","targetHints":{"allow":["GET"]}}],"collection":[{"href":"https:\/\/plumplumcreations.com\/it\/wp-json\/wp\/v2\/product"}],"about":[{"href":"https:\/\/plumplumcreations.com\/it\/wp-json\/wp\/v2\/types\/product"}],"wp:featuredmedia":[{"embeddable":true,"href":"https:\/\/plumplumcreations.com\/it\/wp-json\/wp\/v2\/media\/4102"}],"wp:attachment":[{"href":"https:\/\/plumplumcreations.com\/it\/wp-json\/wp\/v2\/media?parent=1410"}],"wp:term":[{"taxonomy":"product_brand","embeddable":true,"href":"https:\/\/plumplumcreations.com\/it\/wp-json\/wp\/v2\/product_brand?post=1410"},{"taxonomy":"product_cat","embeddable":true,"href":"https:\/\/plumplumcreations.com\/it\/wp-json\/wp\/v2\/product_cat?post=1410"},{"taxonomy":"product_tag","embeddable":true,"href":"https:\/\/plumplumcreations.com\/it\/wp-json\/wp\/v2\/product_tag?post=1410"}],"curies":[{"name":"wp","href":"https:\/\/api.w.org\/{rel}","templated":true}]}}