{"id":1467,"date":"2017-05-05T18:03:53","date_gmt":"2017-05-10T08:02:15","guid":{"rendered":"http:\/\/plumplumcreations.com\/?post_type=product&#038;p=1467\/"},"modified":"2020-04-21T01:00:21","modified_gmt":"2020-04-20T23:00:21","slug":"palazzo-in-fondamenta-ca-bala","status":"publish","type":"product","link":"https:\/\/plumplumcreations.com\/it\/prodotto\/palazzo-in-fondamenta-ca-bala\/","title":{"rendered":"Palazzo in Fondamenta Ca&#8217; Bal\u00e0"},"content":{"rendered":"<div class=\"wpb-content-wrapper\"><p>[vc_row][vc_column][vc_column_text]Casa cinquecentesca con un grande salone al primo piano che fungeva da soggiorno e passaggio su cui si affacciano le altre stanze. Le finestre sul bordo delle pareti sono bilanciate dalla linea verticale della ciminiera. La casa era un tempo affrescata e ne sono ancora visibili alcune tracce.<\/p>\n<p>&#8220;Fondamenta&#8221; significa &#8220;fondazione&#8221; in italiano, e descrive l&#8217;argine pedonale lungo un canale. Era (ed \u00e8 ancora oggi) una zona molto frequentata per il carico e lo scarico delle barche, proprio come una darsena.<\/p>\n<p>Questa Fondamenta \u00e8 molto vicina alla Chiesa della Salute, una delle chiese pi\u00f9 famose di Venezia. Potete vedere il palazzo su Google Street View qui: : <a href=\"http:\/\/goo.gl\/maps\/TRhsU\" target=\"_blank\" rel=\"noopener noreferrer\">http:\/\/goo.gl\/maps\/TRhsU<\/a><\/p>\n<p>I colori utilizzati sono acrilici (colore non tossico e indelebile). La carta \u00e8 priva di acidi, cloro e pH neutro.<\/p>\n<p>Stampato su carta avorio Favini 200 gr.<\/p>\n<p><strong>Dimensione immagine<\/strong>: cm. 16,5 x 16,8<br \/>\n<strong>Formato carta<\/strong>: A4 cm. 21 x 29,7<\/p>\n<p><strong>Venduto senza cornice.<\/strong>[\/vc_column_text][\/vc_column][\/vc_row][vc_row][vc_column][vc_message style=&#8221;square&#8221;]Questo oggetto \u00e8 fatto a mano nel mio studio di Venezia \u2013 ci possono essere piccole variazioni di colore, rendendolo un pezzo unico. L\u2019opera pu\u00f2 apparire leggermente diversa dalle foto. Piccole imperfezioni o irregolarit\u00e0 aggiungono fascino all\u2019opera artigianale, distinguendo questo lavoro\u00a0dalle stampe prodotte in serie[\/vc_message][\/vc_column][\/vc_row]<\/p>\n<\/div>","protected":false},"excerpt":{"rendered":"<p>[vc_row][vc_column][vc_column_text]Casa cinquecentesca con un grande salone al primo piano che fungeva da soggiorno e passaggio su cui si affacciano le altre stanze. Le finestre sul bordo delle pareti sono bilanciate dalla linea verticale della ciminiera. La casa era un tempo affrescata e ne sono ancora visibili alcune tracce. &#8220;Fondamenta&#8221; significa &#8220;fondazione&#8221; in italiano, e descrive &#8230;<a class=\"r_more_blog\" href=\"https:\/\/plumplumcreations.com\/it\/prodotto\/palazzo-in-fondamenta-ca-bala\/#more-1467\"><i class=\"fa fa-sign-in\"><\/i> read more<\/a><\/p>\n","protected":false},"featured_media":1460,"template":"","meta":[],"product_brand":[],"product_cat":[42,35,691],"product_tag":[146,148,147,149,151,132,64,150,83],"class_list":{"0":"post-1467","1":"product","2":"type-product","3":"status-publish","4":"has-post-thumbnail","6":"product_cat-incisioni","7":"product_cat-linol","8":"product_cat-tutti-prodotti","9":"product_tag-colore","10":"product_tag-fatto-a-mano","11":"product_tag-fondamenta-ca-bala-it","12":"product_tag-linoleografia","13":"product_tag-linoleografie","14":"product_tag-stampa-it","15":"product_tag-stampa","16":"product_tag-stampa-linoleografia","17":"product_tag-venezia","19":"first","20":"instock","21":"featured","22":"shipping-taxable","23":"purchasable","24":"product-type-variable"},"yoast_head":"<!-- This site is optimized with the Yoast SEO plugin v27.2 - https:\/\/yoast.com\/product\/yoast-seo-wordpress\/ -->\n<title>Palazzo in Fondamenta Ca&#039; Bal\u00e0 - Plum Plum Creations<\/title>\n<meta name=\"description\" content=\"Palazzo in Fondamenta Ca&#039; Bal\u00e0 \u00e8 una linoleografia di un palazzo veneziano. I colori utilizzati sono acrilici. Stampato su carta avorio Favini 200 gr.\" \/>\n<meta name=\"robots\" content=\"index, follow, max-snippet:-1, max-image-preview:large, max-video-preview:-1\" \/>\n<link rel=\"canonical\" href=\"https:\/\/plumplumcreations.com\/it\/prodotto\/palazzo-in-fondamenta-ca-bala\/\" \/>\n<meta property=\"og:locale\" content=\"it_IT\" \/>\n<meta property=\"og:type\" content=\"article\" \/>\n<meta property=\"og:title\" content=\"Palazzo in Fondamenta Ca&#039; Bal\u00e0 - Plum Plum Creations\" \/>\n<meta property=\"og:description\" content=\"Palazzo in Fondamenta Ca&#039; Bal\u00e0 \u00e8 una linoleografia di un palazzo veneziano. I colori utilizzati sono acrilici. Stampato su carta avorio Favini 200 gr.\" \/>\n<meta property=\"og:url\" content=\"https:\/\/plumplumcreations.com\/it\/prodotto\/palazzo-in-fondamenta-ca-bala\/\" \/>\n<meta property=\"og:site_name\" content=\"Plum Plum Creations\" \/>\n<meta property=\"article:publisher\" content=\"https:\/\/www.facebook.com\/plumplumcreations\/\" \/>\n<meta property=\"article:modified_time\" content=\"2020-04-20T23:00:21+00:00\" \/>\n<meta property=\"og:image\" content=\"https:\/\/plumplumcreations.com\/wp-content\/uploads\/2017\/05\/Ca_Bala_giallo-1.jpg\" \/>\n\t<meta property=\"og:image:width\" content=\"2000\" \/>\n\t<meta property=\"og:image:height\" content=\"1335\" \/>\n\t<meta property=\"og:image:type\" content=\"image\/jpeg\" \/>\n<meta name=\"twitter:card\" content=\"summary_large_image\" \/>\n<meta name=\"twitter:site\" content=\"@Plum2Creations\" \/>\n<meta name=\"twitter:label1\" content=\"Tempo di lettura stimato\" \/>\n\t<meta name=\"twitter:data1\" content=\"1 minuto\" \/>\n<script type=\"application\/ld+json\" class=\"yoast-schema-graph\">{\"@context\":\"https:\/\/schema.org\",\"@graph\":[{\"@type\":\"WebPage\",\"@id\":\"https:\/\/plumplumcreations.com\/it\/prodotto\/palazzo-in-fondamenta-ca-bala\/\",\"url\":\"https:\/\/plumplumcreations.com\/it\/prodotto\/palazzo-in-fondamenta-ca-bala\/\",\"name\":\"Palazzo in Fondamenta Ca' Bal\u00e0 - Plum Plum Creations\",\"isPartOf\":{\"@id\":\"https:\/\/plumplumcreations.com\/it\/#website\"},\"primaryImageOfPage\":{\"@id\":\"https:\/\/plumplumcreations.com\/it\/prodotto\/palazzo-in-fondamenta-ca-bala\/#primaryimage\"},\"image\":{\"@id\":\"https:\/\/plumplumcreations.com\/it\/prodotto\/palazzo-in-fondamenta-ca-bala\/#primaryimage\"},\"thumbnailUrl\":\"https:\/\/plumplumcreations.com\/wp-content\/uploads\/2017\/05\/Ca_Bala_giallo-1.jpg\",\"datePublished\":\"2017-05-10T08:02:15+00:00\",\"dateModified\":\"2020-04-20T23:00:21+00:00\",\"description\":\"Palazzo in Fondamenta Ca' Bal\u00e0 \u00e8 una linoleografia di un palazzo veneziano. I colori utilizzati sono acrilici. Stampato su carta avorio Favini 200 gr.\",\"breadcrumb\":{\"@id\":\"https:\/\/plumplumcreations.com\/it\/prodotto\/palazzo-in-fondamenta-ca-bala\/#breadcrumb\"},\"inLanguage\":\"it-IT\",\"potentialAction\":[{\"@type\":\"ReadAction\",\"target\":[\"https:\/\/plumplumcreations.com\/it\/prodotto\/palazzo-in-fondamenta-ca-bala\/\"]}]},{\"@type\":\"ImageObject\",\"inLanguage\":\"it-IT\",\"@id\":\"https:\/\/plumplumcreations.com\/it\/prodotto\/palazzo-in-fondamenta-ca-bala\/#primaryimage\",\"url\":\"https:\/\/plumplumcreations.com\/wp-content\/uploads\/2017\/05\/Ca_Bala_giallo-1.jpg\",\"contentUrl\":\"https:\/\/plumplumcreations.com\/wp-content\/uploads\/2017\/05\/Ca_Bala_giallo-1.jpg\",\"width\":2000,\"height\":1335},{\"@type\":\"BreadcrumbList\",\"@id\":\"https:\/\/plumplumcreations.com\/it\/prodotto\/palazzo-in-fondamenta-ca-bala\/#breadcrumb\",\"itemListElement\":[{\"@type\":\"ListItem\",\"position\":1,\"name\":\"Home\",\"item\":\"https:\/\/plumplumcreations.com\/it\/\"},{\"@type\":\"ListItem\",\"position\":2,\"name\":\"Lavori\",\"item\":\"https:\/\/plumplumcreations.com\/it\/lavori\/\"},{\"@type\":\"ListItem\",\"position\":3,\"name\":\"Palazzo in Fondamenta Ca&#8217; Bal\u00e0\"}]},{\"@type\":\"WebSite\",\"@id\":\"https:\/\/plumplumcreations.com\/it\/#website\",\"url\":\"https:\/\/plumplumcreations.com\/it\/\",\"name\":\"Plum Plum Creations\",\"description\":\"Art for Crafts'sake\",\"publisher\":{\"@id\":\"https:\/\/plumplumcreations.com\/it\/#organization\"},\"potentialAction\":[{\"@type\":\"SearchAction\",\"target\":{\"@type\":\"EntryPoint\",\"urlTemplate\":\"https:\/\/plumplumcreations.com\/it\/?s={search_term_string}\"},\"query-input\":{\"@type\":\"PropertyValueSpecification\",\"valueRequired\":true,\"valueName\":\"search_term_string\"}}],\"inLanguage\":\"it-IT\"},{\"@type\":\"Organization\",\"@id\":\"https:\/\/plumplumcreations.com\/it\/#organization\",\"name\":\"Plum Plum Creations di Arianna Sautariello\",\"url\":\"https:\/\/plumplumcreations.com\/it\/\",\"logo\":{\"@type\":\"ImageObject\",\"inLanguage\":\"it-IT\",\"@id\":\"https:\/\/plumplumcreations.com\/it\/#\/schema\/logo\/image\/\",\"url\":\"https:\/\/plumplumcreations.com\/wp-content\/uploads\/2017\/05\/logo-1.png\",\"contentUrl\":\"https:\/\/plumplumcreations.com\/wp-content\/uploads\/2017\/05\/logo-1.png\",\"width\":190,\"height\":57,\"caption\":\"Plum Plum Creations di Arianna Sautariello\"},\"image\":{\"@id\":\"https:\/\/plumplumcreations.com\/it\/#\/schema\/logo\/image\/\"},\"sameAs\":[\"https:\/\/www.facebook.com\/plumplumcreations\/\",\"https:\/\/x.com\/Plum2Creations\",\"http:\/\/instagram.com\/plumplumcreations\",\"http:\/\/pinterest.com\/ariautas\",\"https:\/\/www.youtube.com\/channel\/UCVw_esEH4FG7Pd2CNkOViig\"]}]}<\/script>\n<!-- \/ Yoast SEO plugin. -->","yoast_head_json":{"title":"Palazzo in Fondamenta Ca' Bal\u00e0 - Plum Plum Creations","description":"Palazzo in Fondamenta Ca' Bal\u00e0 \u00e8 una linoleografia di un palazzo veneziano. I colori utilizzati sono acrilici. Stampato su carta avorio Favini 200 gr.","robots":{"index":"index","follow":"follow","max-snippet":"max-snippet:-1","max-image-preview":"max-image-preview:large","max-video-preview":"max-video-preview:-1"},"canonical":"https:\/\/plumplumcreations.com\/it\/prodotto\/palazzo-in-fondamenta-ca-bala\/","og_locale":"it_IT","og_type":"article","og_title":"Palazzo in Fondamenta Ca' Bal\u00e0 - Plum Plum Creations","og_description":"Palazzo in Fondamenta Ca' Bal\u00e0 \u00e8 una linoleografia di un palazzo veneziano. I colori utilizzati sono acrilici. Stampato su carta avorio Favini 200 gr.","og_url":"https:\/\/plumplumcreations.com\/it\/prodotto\/palazzo-in-fondamenta-ca-bala\/","og_site_name":"Plum Plum Creations","article_publisher":"https:\/\/www.facebook.com\/plumplumcreations\/","article_modified_time":"2020-04-20T23:00:21+00:00","og_image":[{"width":2000,"height":1335,"url":"https:\/\/plumplumcreations.com\/wp-content\/uploads\/2017\/05\/Ca_Bala_giallo-1.jpg","type":"image\/jpeg"}],"twitter_card":"summary_large_image","twitter_site":"@Plum2Creations","twitter_misc":{"Tempo di lettura stimato":"1 minuto"},"schema":{"@context":"https:\/\/schema.org","@graph":[{"@type":"WebPage","@id":"https:\/\/plumplumcreations.com\/it\/prodotto\/palazzo-in-fondamenta-ca-bala\/","url":"https:\/\/plumplumcreations.com\/it\/prodotto\/palazzo-in-fondamenta-ca-bala\/","name":"Palazzo in Fondamenta Ca' Bal\u00e0 - Plum Plum Creations","isPartOf":{"@id":"https:\/\/plumplumcreations.com\/it\/#website"},"primaryImageOfPage":{"@id":"https:\/\/plumplumcreations.com\/it\/prodotto\/palazzo-in-fondamenta-ca-bala\/#primaryimage"},"image":{"@id":"https:\/\/plumplumcreations.com\/it\/prodotto\/palazzo-in-fondamenta-ca-bala\/#primaryimage"},"thumbnailUrl":"https:\/\/plumplumcreations.com\/wp-content\/uploads\/2017\/05\/Ca_Bala_giallo-1.jpg","datePublished":"2017-05-10T08:02:15+00:00","dateModified":"2020-04-20T23:00:21+00:00","description":"Palazzo in Fondamenta Ca' Bal\u00e0 \u00e8 una linoleografia di un palazzo veneziano. I colori utilizzati sono acrilici. Stampato su carta avorio Favini 200 gr.","breadcrumb":{"@id":"https:\/\/plumplumcreations.com\/it\/prodotto\/palazzo-in-fondamenta-ca-bala\/#breadcrumb"},"inLanguage":"it-IT","potentialAction":[{"@type":"ReadAction","target":["https:\/\/plumplumcreations.com\/it\/prodotto\/palazzo-in-fondamenta-ca-bala\/"]}]},{"@type":"ImageObject","inLanguage":"it-IT","@id":"https:\/\/plumplumcreations.com\/it\/prodotto\/palazzo-in-fondamenta-ca-bala\/#primaryimage","url":"https:\/\/plumplumcreations.com\/wp-content\/uploads\/2017\/05\/Ca_Bala_giallo-1.jpg","contentUrl":"https:\/\/plumplumcreations.com\/wp-content\/uploads\/2017\/05\/Ca_Bala_giallo-1.jpg","width":2000,"height":1335},{"@type":"BreadcrumbList","@id":"https:\/\/plumplumcreations.com\/it\/prodotto\/palazzo-in-fondamenta-ca-bala\/#breadcrumb","itemListElement":[{"@type":"ListItem","position":1,"name":"Home","item":"https:\/\/plumplumcreations.com\/it\/"},{"@type":"ListItem","position":2,"name":"Lavori","item":"https:\/\/plumplumcreations.com\/it\/lavori\/"},{"@type":"ListItem","position":3,"name":"Palazzo in Fondamenta Ca&#8217; Bal\u00e0"}]},{"@type":"WebSite","@id":"https:\/\/plumplumcreations.com\/it\/#website","url":"https:\/\/plumplumcreations.com\/it\/","name":"Plum Plum Creations","description":"Art for Crafts'sake","publisher":{"@id":"https:\/\/plumplumcreations.com\/it\/#organization"},"potentialAction":[{"@type":"SearchAction","target":{"@type":"EntryPoint","urlTemplate":"https:\/\/plumplumcreations.com\/it\/?s={search_term_string}"},"query-input":{"@type":"PropertyValueSpecification","valueRequired":true,"valueName":"search_term_string"}}],"inLanguage":"it-IT"},{"@type":"Organization","@id":"https:\/\/plumplumcreations.com\/it\/#organization","name":"Plum Plum Creations di Arianna Sautariello","url":"https:\/\/plumplumcreations.com\/it\/","logo":{"@type":"ImageObject","inLanguage":"it-IT","@id":"https:\/\/plumplumcreations.com\/it\/#\/schema\/logo\/image\/","url":"https:\/\/plumplumcreations.com\/wp-content\/uploads\/2017\/05\/logo-1.png","contentUrl":"https:\/\/plumplumcreations.com\/wp-content\/uploads\/2017\/05\/logo-1.png","width":190,"height":57,"caption":"Plum Plum Creations di Arianna Sautariello"},"image":{"@id":"https:\/\/plumplumcreations.com\/it\/#\/schema\/logo\/image\/"},"sameAs":["https:\/\/www.facebook.com\/plumplumcreations\/","https:\/\/x.com\/Plum2Creations","http:\/\/instagram.com\/plumplumcreations","http:\/\/pinterest.com\/ariautas","https:\/\/www.youtube.com\/channel\/UCVw_esEH4FG7Pd2CNkOViig"]}]}},"_links":{"self":[{"href":"https:\/\/plumplumcreations.com\/it\/wp-json\/wp\/v2\/product\/1467","targetHints":{"allow":["GET"]}}],"collection":[{"href":"https:\/\/plumplumcreations.com\/it\/wp-json\/wp\/v2\/product"}],"about":[{"href":"https:\/\/plumplumcreations.com\/it\/wp-json\/wp\/v2\/types\/product"}],"wp:featuredmedia":[{"embeddable":true,"href":"https:\/\/plumplumcreations.com\/it\/wp-json\/wp\/v2\/media\/1460"}],"wp:attachment":[{"href":"https:\/\/plumplumcreations.com\/it\/wp-json\/wp\/v2\/media?parent=1467"}],"wp:term":[{"taxonomy":"product_brand","embeddable":true,"href":"https:\/\/plumplumcreations.com\/it\/wp-json\/wp\/v2\/product_brand?post=1467"},{"taxonomy":"product_cat","embeddable":true,"href":"https:\/\/plumplumcreations.com\/it\/wp-json\/wp\/v2\/product_cat?post=1467"},{"taxonomy":"product_tag","embeddable":true,"href":"https:\/\/plumplumcreations.com\/it\/wp-json\/wp\/v2\/product_tag?post=1467"}],"curies":[{"name":"wp","href":"https:\/\/api.w.org\/{rel}","templated":true}]}}