{"id":2486,"date":"2020-04-24T12:15:27","date_gmt":"2017-05-10T10:15:27","guid":{"rendered":"http:\/\/plumplumcreations.com\/prodotto\/ponte-degli-scudi\/"},"modified":"2020-04-24T15:34:07","modified_gmt":"2020-04-24T13:34:07","slug":"ponte-degli-scudi","status":"publish","type":"product","link":"https:\/\/plumplumcreations.com\/it\/prodotto\/ponte-degli-scudi\/","title":{"rendered":"Ponte degli Scudi"},"content":{"rendered":"<div class=\"wpb-content-wrapper\"><p>[vc_row][vc_column][vc_column_text]Ponte degli Scudi \u00e8 un ponte nel sestiere di Castello a Venezia. Castello \u00e8 il pi\u00f9 grande dei sei sestieri di Venezia.<\/p>\n<p>Se c\u2019\u00e8 un quartiere di Venezia che si pu\u00f2 definire \u201ccaratteristico\u201d, questo \u00e8 certamente Castello con i suoi canali, chiese e giardinetti risalenti al XIII secolo. Qui si possono vedere i vestiti stesi ad asciugare tra una finestra e l\u2019altra: questa \u00e8 la citt\u00e0 che hai sempre sognato!<\/p>\n<p>Ponte degli Scudi \u00e8 nel cuore di Castello, vicino a San Francesco della Vigna, a pochi passi da Arsenale.<\/p>\n<p>Tecnica utilizzata: disegno a pennarello nero sottile colorato con acquerelli.<\/p>\n<p>Formato carta: A4\u00a0cm. 21 x 29,7<br \/>\nDimensione immagine:\u00a0cm. 12 x 17,5[\/vc_column_text][\/vc_column][\/vc_row][vc_row][vc_column][\/vc_column][\/vc_row]<\/p>\n<\/div>","protected":false},"excerpt":{"rendered":"<p>[vc_row][vc_column][vc_column_text]Ponte degli Scudi \u00e8 un ponte nel sestiere di Castello a Venezia. Castello \u00e8 il pi\u00f9 grande dei sei sestieri di Venezia. Se c\u2019\u00e8 un quartiere di Venezia che si pu\u00f2 definire \u201ccaratteristico\u201d, questo \u00e8 certamente Castello con i suoi canali, chiese e giardinetti risalenti al XIII secolo. Qui si possono vedere i vestiti stesi &#8230;<a class=\"r_more_blog\" href=\"https:\/\/plumplumcreations.com\/it\/prodotto\/ponte-degli-scudi\/#more-2486\"><i class=\"fa fa-sign-in\"><\/i> read more<\/a><\/p>\n","protected":false},"featured_media":7519,"template":"","meta":[],"product_brand":[],"product_cat":[36,691],"product_tag":[302,272,175,263,280,322,176,298,83],"class_list":{"0":"post-2486","1":"product","2":"type-product","3":"status-publish","4":"has-post-thumbnail","6":"product_cat-dipinti","7":"product_cat-tutti-prodotti","8":"product_tag-acqua","9":"product_tag-acquerello","10":"product_tag-canale","11":"product_tag-castello-it","12":"product_tag-disegno","13":"product_tag-italia","14":"product_tag-ponte","15":"product_tag-riflessi","16":"product_tag-venezia","18":"first","19":"outofstock","20":"sold-individually","21":"shipping-taxable","22":"product-type-simple"},"yoast_head":"<!-- This site is optimized with the Yoast SEO plugin v27.2 - https:\/\/yoast.com\/product\/yoast-seo-wordpress\/ -->\n<title>Ponte degli Scudi - Plum Plum Creations<\/title>\n<meta name=\"description\" content=\"Ponte degli Scudi \u00e8 un ponte nel sestiere di Castello a Venezia. Castello \u00e8 il pi\u00f9 grande dei sei sestieri di Venezia.Formato carta: A4\u00a0\" \/>\n<meta name=\"robots\" content=\"index, follow, max-snippet:-1, max-image-preview:large, max-video-preview:-1\" \/>\n<link rel=\"canonical\" href=\"https:\/\/plumplumcreations.com\/it\/prodotto\/ponte-degli-scudi\/\" \/>\n<meta property=\"og:locale\" content=\"it_IT\" \/>\n<meta property=\"og:type\" content=\"article\" \/>\n<meta property=\"og:title\" content=\"Ponte degli Scudi - Plum Plum Creations\" \/>\n<meta property=\"og:description\" content=\"Ponte degli Scudi \u00e8 un ponte nel sestiere di Castello a Venezia. Castello \u00e8 il pi\u00f9 grande dei sei sestieri di Venezia.Formato carta: A4\u00a0\" \/>\n<meta property=\"og:url\" content=\"https:\/\/plumplumcreations.com\/it\/prodotto\/ponte-degli-scudi\/\" \/>\n<meta property=\"og:site_name\" content=\"Plum Plum Creations\" \/>\n<meta property=\"article:publisher\" content=\"https:\/\/www.facebook.com\/plumplumcreations\/\" \/>\n<meta property=\"article:modified_time\" content=\"2020-04-24T13:34:07+00:00\" \/>\n<meta property=\"og:image\" content=\"https:\/\/plumplumcreations.com\/wp-content\/uploads\/2017\/05\/scudi_cornice.jpg\" \/>\n\t<meta property=\"og:image:width\" content=\"1200\" \/>\n\t<meta property=\"og:image:height\" content=\"1476\" \/>\n\t<meta property=\"og:image:type\" content=\"image\/jpeg\" \/>\n<meta name=\"twitter:card\" content=\"summary_large_image\" \/>\n<meta name=\"twitter:site\" content=\"@Plum2Creations\" \/>\n<meta name=\"twitter:label1\" content=\"Tempo di lettura stimato\" \/>\n\t<meta name=\"twitter:data1\" content=\"1 minuto\" \/>\n<script type=\"application\/ld+json\" class=\"yoast-schema-graph\">{\"@context\":\"https:\/\/schema.org\",\"@graph\":[{\"@type\":\"WebPage\",\"@id\":\"https:\/\/plumplumcreations.com\/it\/prodotto\/ponte-degli-scudi\/\",\"url\":\"https:\/\/plumplumcreations.com\/it\/prodotto\/ponte-degli-scudi\/\",\"name\":\"Ponte degli Scudi - Plum Plum Creations\",\"isPartOf\":{\"@id\":\"https:\/\/plumplumcreations.com\/it\/#website\"},\"primaryImageOfPage\":{\"@id\":\"https:\/\/plumplumcreations.com\/it\/prodotto\/ponte-degli-scudi\/#primaryimage\"},\"image\":{\"@id\":\"https:\/\/plumplumcreations.com\/it\/prodotto\/ponte-degli-scudi\/#primaryimage\"},\"thumbnailUrl\":\"https:\/\/plumplumcreations.com\/wp-content\/uploads\/2017\/05\/scudi_cornice.jpg\",\"datePublished\":\"2017-05-10T10:15:27+00:00\",\"dateModified\":\"2020-04-24T13:34:07+00:00\",\"description\":\"Ponte degli Scudi \u00e8 un ponte nel sestiere di Castello a Venezia. Castello \u00e8 il pi\u00f9 grande dei sei sestieri di Venezia.Formato carta: A4\u00a0\",\"breadcrumb\":{\"@id\":\"https:\/\/plumplumcreations.com\/it\/prodotto\/ponte-degli-scudi\/#breadcrumb\"},\"inLanguage\":\"it-IT\",\"potentialAction\":[{\"@type\":\"ReadAction\",\"target\":[\"https:\/\/plumplumcreations.com\/it\/prodotto\/ponte-degli-scudi\/\"]}]},{\"@type\":\"ImageObject\",\"inLanguage\":\"it-IT\",\"@id\":\"https:\/\/plumplumcreations.com\/it\/prodotto\/ponte-degli-scudi\/#primaryimage\",\"url\":\"https:\/\/plumplumcreations.com\/wp-content\/uploads\/2017\/05\/scudi_cornice.jpg\",\"contentUrl\":\"https:\/\/plumplumcreations.com\/wp-content\/uploads\/2017\/05\/scudi_cornice.jpg\",\"width\":1200,\"height\":1476},{\"@type\":\"BreadcrumbList\",\"@id\":\"https:\/\/plumplumcreations.com\/it\/prodotto\/ponte-degli-scudi\/#breadcrumb\",\"itemListElement\":[{\"@type\":\"ListItem\",\"position\":1,\"name\":\"Home\",\"item\":\"https:\/\/plumplumcreations.com\/it\/\"},{\"@type\":\"ListItem\",\"position\":2,\"name\":\"Lavori\",\"item\":\"https:\/\/plumplumcreations.com\/it\/lavori\/\"},{\"@type\":\"ListItem\",\"position\":3,\"name\":\"Ponte degli Scudi\"}]},{\"@type\":\"WebSite\",\"@id\":\"https:\/\/plumplumcreations.com\/it\/#website\",\"url\":\"https:\/\/plumplumcreations.com\/it\/\",\"name\":\"Plum Plum Creations\",\"description\":\"Art for Crafts'sake\",\"publisher\":{\"@id\":\"https:\/\/plumplumcreations.com\/it\/#organization\"},\"potentialAction\":[{\"@type\":\"SearchAction\",\"target\":{\"@type\":\"EntryPoint\",\"urlTemplate\":\"https:\/\/plumplumcreations.com\/it\/?s={search_term_string}\"},\"query-input\":{\"@type\":\"PropertyValueSpecification\",\"valueRequired\":true,\"valueName\":\"search_term_string\"}}],\"inLanguage\":\"it-IT\"},{\"@type\":\"Organization\",\"@id\":\"https:\/\/plumplumcreations.com\/it\/#organization\",\"name\":\"Plum Plum Creations di Arianna Sautariello\",\"url\":\"https:\/\/plumplumcreations.com\/it\/\",\"logo\":{\"@type\":\"ImageObject\",\"inLanguage\":\"it-IT\",\"@id\":\"https:\/\/plumplumcreations.com\/it\/#\/schema\/logo\/image\/\",\"url\":\"https:\/\/plumplumcreations.com\/wp-content\/uploads\/2017\/05\/logo-1.png\",\"contentUrl\":\"https:\/\/plumplumcreations.com\/wp-content\/uploads\/2017\/05\/logo-1.png\",\"width\":190,\"height\":57,\"caption\":\"Plum Plum Creations di Arianna Sautariello\"},\"image\":{\"@id\":\"https:\/\/plumplumcreations.com\/it\/#\/schema\/logo\/image\/\"},\"sameAs\":[\"https:\/\/www.facebook.com\/plumplumcreations\/\",\"https:\/\/x.com\/Plum2Creations\",\"http:\/\/instagram.com\/plumplumcreations\",\"http:\/\/pinterest.com\/ariautas\",\"https:\/\/www.youtube.com\/channel\/UCVw_esEH4FG7Pd2CNkOViig\"]}]}<\/script>\n<!-- \/ Yoast SEO plugin. -->","yoast_head_json":{"title":"Ponte degli Scudi - Plum Plum Creations","description":"Ponte degli Scudi \u00e8 un ponte nel sestiere di Castello a Venezia. Castello \u00e8 il pi\u00f9 grande dei sei sestieri di Venezia.Formato carta: A4\u00a0","robots":{"index":"index","follow":"follow","max-snippet":"max-snippet:-1","max-image-preview":"max-image-preview:large","max-video-preview":"max-video-preview:-1"},"canonical":"https:\/\/plumplumcreations.com\/it\/prodotto\/ponte-degli-scudi\/","og_locale":"it_IT","og_type":"article","og_title":"Ponte degli Scudi - Plum Plum Creations","og_description":"Ponte degli Scudi \u00e8 un ponte nel sestiere di Castello a Venezia. Castello \u00e8 il pi\u00f9 grande dei sei sestieri di Venezia.Formato carta: A4\u00a0","og_url":"https:\/\/plumplumcreations.com\/it\/prodotto\/ponte-degli-scudi\/","og_site_name":"Plum Plum Creations","article_publisher":"https:\/\/www.facebook.com\/plumplumcreations\/","article_modified_time":"2020-04-24T13:34:07+00:00","og_image":[{"width":1200,"height":1476,"url":"https:\/\/plumplumcreations.com\/wp-content\/uploads\/2017\/05\/scudi_cornice.jpg","type":"image\/jpeg"}],"twitter_card":"summary_large_image","twitter_site":"@Plum2Creations","twitter_misc":{"Tempo di lettura stimato":"1 minuto"},"schema":{"@context":"https:\/\/schema.org","@graph":[{"@type":"WebPage","@id":"https:\/\/plumplumcreations.com\/it\/prodotto\/ponte-degli-scudi\/","url":"https:\/\/plumplumcreations.com\/it\/prodotto\/ponte-degli-scudi\/","name":"Ponte degli Scudi - Plum Plum Creations","isPartOf":{"@id":"https:\/\/plumplumcreations.com\/it\/#website"},"primaryImageOfPage":{"@id":"https:\/\/plumplumcreations.com\/it\/prodotto\/ponte-degli-scudi\/#primaryimage"},"image":{"@id":"https:\/\/plumplumcreations.com\/it\/prodotto\/ponte-degli-scudi\/#primaryimage"},"thumbnailUrl":"https:\/\/plumplumcreations.com\/wp-content\/uploads\/2017\/05\/scudi_cornice.jpg","datePublished":"2017-05-10T10:15:27+00:00","dateModified":"2020-04-24T13:34:07+00:00","description":"Ponte degli Scudi \u00e8 un ponte nel sestiere di Castello a Venezia. Castello \u00e8 il pi\u00f9 grande dei sei sestieri di Venezia.Formato carta: A4\u00a0","breadcrumb":{"@id":"https:\/\/plumplumcreations.com\/it\/prodotto\/ponte-degli-scudi\/#breadcrumb"},"inLanguage":"it-IT","potentialAction":[{"@type":"ReadAction","target":["https:\/\/plumplumcreations.com\/it\/prodotto\/ponte-degli-scudi\/"]}]},{"@type":"ImageObject","inLanguage":"it-IT","@id":"https:\/\/plumplumcreations.com\/it\/prodotto\/ponte-degli-scudi\/#primaryimage","url":"https:\/\/plumplumcreations.com\/wp-content\/uploads\/2017\/05\/scudi_cornice.jpg","contentUrl":"https:\/\/plumplumcreations.com\/wp-content\/uploads\/2017\/05\/scudi_cornice.jpg","width":1200,"height":1476},{"@type":"BreadcrumbList","@id":"https:\/\/plumplumcreations.com\/it\/prodotto\/ponte-degli-scudi\/#breadcrumb","itemListElement":[{"@type":"ListItem","position":1,"name":"Home","item":"https:\/\/plumplumcreations.com\/it\/"},{"@type":"ListItem","position":2,"name":"Lavori","item":"https:\/\/plumplumcreations.com\/it\/lavori\/"},{"@type":"ListItem","position":3,"name":"Ponte degli Scudi"}]},{"@type":"WebSite","@id":"https:\/\/plumplumcreations.com\/it\/#website","url":"https:\/\/plumplumcreations.com\/it\/","name":"Plum Plum Creations","description":"Art for Crafts'sake","publisher":{"@id":"https:\/\/plumplumcreations.com\/it\/#organization"},"potentialAction":[{"@type":"SearchAction","target":{"@type":"EntryPoint","urlTemplate":"https:\/\/plumplumcreations.com\/it\/?s={search_term_string}"},"query-input":{"@type":"PropertyValueSpecification","valueRequired":true,"valueName":"search_term_string"}}],"inLanguage":"it-IT"},{"@type":"Organization","@id":"https:\/\/plumplumcreations.com\/it\/#organization","name":"Plum Plum Creations di Arianna Sautariello","url":"https:\/\/plumplumcreations.com\/it\/","logo":{"@type":"ImageObject","inLanguage":"it-IT","@id":"https:\/\/plumplumcreations.com\/it\/#\/schema\/logo\/image\/","url":"https:\/\/plumplumcreations.com\/wp-content\/uploads\/2017\/05\/logo-1.png","contentUrl":"https:\/\/plumplumcreations.com\/wp-content\/uploads\/2017\/05\/logo-1.png","width":190,"height":57,"caption":"Plum Plum Creations di Arianna Sautariello"},"image":{"@id":"https:\/\/plumplumcreations.com\/it\/#\/schema\/logo\/image\/"},"sameAs":["https:\/\/www.facebook.com\/plumplumcreations\/","https:\/\/x.com\/Plum2Creations","http:\/\/instagram.com\/plumplumcreations","http:\/\/pinterest.com\/ariautas","https:\/\/www.youtube.com\/channel\/UCVw_esEH4FG7Pd2CNkOViig"]}]}},"_links":{"self":[{"href":"https:\/\/plumplumcreations.com\/it\/wp-json\/wp\/v2\/product\/2486","targetHints":{"allow":["GET"]}}],"collection":[{"href":"https:\/\/plumplumcreations.com\/it\/wp-json\/wp\/v2\/product"}],"about":[{"href":"https:\/\/plumplumcreations.com\/it\/wp-json\/wp\/v2\/types\/product"}],"wp:featuredmedia":[{"embeddable":true,"href":"https:\/\/plumplumcreations.com\/it\/wp-json\/wp\/v2\/media\/7519"}],"wp:attachment":[{"href":"https:\/\/plumplumcreations.com\/it\/wp-json\/wp\/v2\/media?parent=2486"}],"wp:term":[{"taxonomy":"product_brand","embeddable":true,"href":"https:\/\/plumplumcreations.com\/it\/wp-json\/wp\/v2\/product_brand?post=2486"},{"taxonomy":"product_cat","embeddable":true,"href":"https:\/\/plumplumcreations.com\/it\/wp-json\/wp\/v2\/product_cat?post=2486"},{"taxonomy":"product_tag","embeddable":true,"href":"https:\/\/plumplumcreations.com\/it\/wp-json\/wp\/v2\/product_tag?post=2486"}],"curies":[{"name":"wp","href":"https:\/\/api.w.org\/{rel}","templated":true}]}}