{"id":2544,"date":"2017-05-10T14:19:20","date_gmt":"2017-05-10T12:19:20","guid":{"rendered":"http:\/\/plumplumcreations.com\/prodotto\/rio-del-fontego-dei-tedeschi\/"},"modified":"2017-05-10T14:20:09","modified_gmt":"2017-05-10T12:20:09","slug":"rio-del-fontego-dei-tedeschi","status":"publish","type":"product","link":"https:\/\/plumplumcreations.com\/it\/prodotto\/rio-del-fontego-dei-tedeschi\/","title":{"rendered":"Rio del Fontego dei Tedeschi"},"content":{"rendered":"<div class=\"wpb-content-wrapper\"><p>[vc_row][vc_column][vc_column_text]In questo acquarello si pu\u00f2 vedere il Rio del Fontego dei Tedeschi, come si vede da Ponte de l\u2019Ogio (\u201cponte dell\u2019olio\u201d in veneziano). Il canale prende il nome dal Fontego dei Tedeschi: infatti un\u00a0lato di questo meraviglioso edificio si affaccia sul canale.<\/p>\n<p>Costruito\u00a0nel 1228 e situato ai piedi del ponte di Rialto di fronte al mercato del pesce, il Fontego dei Tedeschi \u00e8 uno degli edifici pi\u00f9 grandi e pi\u00f9 riconoscibili di Venezia. E\u2019 stato utilizzato come un posto di scambio per i commercianti tedeschi, una dogana sotto Napoleone, e un ufficio postale fino a pochi anni fa. Ora \u00e8 diventato\u00a0centro commerciale di lusso.<\/p>\n<p>Tecnica utilizzata: disegno a pennarello nero sottile colorato con acquerelli su carta\u00a0Rismacqua Favini color avorio da 200 gr.<\/p>\n<p>Formato carta: A4 (cm. 21 x 29,7)<br \/>\nDimensione immagine:\u00a0cm. 14,5 x 21[\/vc_column_text][\/vc_column][\/vc_row][vc_row][vc_column][vc_message style=&#8221;square&#8221;]Se vi piace questo acquerello e volete ordinarne uno nuovo, posso dipingerlo nuovamente. Naturalmente ci potrebbero essere variazioni di colore, rendendolo di fatto un pezzo unico. Se desiderate avere questo acquerello potete contattarmi <a href=\"https:\/\/plumplumcreations.com\/it\/contatti\/\">cliccando qui<\/a>, grazie mille.[\/vc_message][\/vc_column][\/vc_row]<\/p>\n<\/div>","protected":false},"excerpt":{"rendered":"<p>[vc_row][vc_column][vc_column_text]In questo acquarello si pu\u00f2 vedere il Rio del Fontego dei Tedeschi, come si vede da Ponte de l\u2019Ogio (\u201cponte dell\u2019olio\u201d in veneziano). Il canale prende il nome dal Fontego dei Tedeschi: infatti un\u00a0lato di questo meraviglioso edificio si affaccia sul canale. Costruito\u00a0nel 1228 e situato ai piedi del ponte di Rialto di fronte al &#8230;<a class=\"r_more_blog\" href=\"https:\/\/plumplumcreations.com\/it\/prodotto\/rio-del-fontego-dei-tedeschi\/#more-2544\"><i class=\"fa fa-sign-in\"><\/i> read more<\/a><\/p>\n","protected":false},"featured_media":2543,"template":"","meta":[],"product_brand":[],"product_cat":[36,691],"product_tag":[272,369,298,83],"class_list":{"0":"post-2544","1":"product","2":"type-product","3":"status-publish","4":"has-post-thumbnail","6":"product_cat-dipinti","7":"product_cat-tutti-prodotti","8":"product_tag-acquerello","9":"product_tag-fontego-dei-tedeschi-it","10":"product_tag-riflessi","11":"product_tag-venezia","13":"first","14":"outofstock","15":"shipping-taxable","16":"product-type-simple"},"yoast_head":"<!-- This site is optimized with the Yoast SEO plugin v27.2 - https:\/\/yoast.com\/product\/yoast-seo-wordpress\/ -->\n<title>Rio del Fontego dei Tedeschi - Plum Plum Creations<\/title>\n<meta name=\"robots\" content=\"index, follow, max-snippet:-1, max-image-preview:large, max-video-preview:-1\" \/>\n<link rel=\"canonical\" href=\"https:\/\/plumplumcreations.com\/it\/prodotto\/rio-del-fontego-dei-tedeschi\/\" \/>\n<meta property=\"og:locale\" content=\"it_IT\" \/>\n<meta property=\"og:type\" content=\"article\" \/>\n<meta property=\"og:title\" content=\"Rio del Fontego dei Tedeschi - Plum Plum Creations\" \/>\n<meta property=\"og:description\" content=\"[vc_row][vc_column][vc_column_text]In questo acquarello si pu\u00f2 vedere il Rio del Fontego dei Tedeschi, come si vede da Ponte de l\u2019Ogio (\u201cponte dell\u2019olio\u201d in veneziano). Il canale prende il nome dal Fontego dei Tedeschi: infatti un\u00a0lato di questo meraviglioso edificio si affaccia sul canale. Costruito\u00a0nel 1228 e situato ai piedi del ponte di Rialto di fronte al ... read more\" \/>\n<meta property=\"og:url\" content=\"https:\/\/plumplumcreations.com\/it\/prodotto\/rio-del-fontego-dei-tedeschi\/\" \/>\n<meta property=\"og:site_name\" content=\"Plum Plum Creations\" \/>\n<meta property=\"article:publisher\" content=\"https:\/\/www.facebook.com\/plumplumcreations\/\" \/>\n<meta property=\"article:modified_time\" content=\"2017-05-10T12:20:09+00:00\" \/>\n<meta property=\"og:image\" content=\"https:\/\/plumplumcreations.com\/wp-content\/uploads\/2017\/05\/01-2-1.jpg\" \/>\n\t<meta property=\"og:image:width\" content=\"991\" \/>\n\t<meta property=\"og:image:height\" content=\"1400\" \/>\n\t<meta property=\"og:image:type\" content=\"image\/jpeg\" \/>\n<meta name=\"twitter:card\" content=\"summary_large_image\" \/>\n<meta name=\"twitter:site\" content=\"@Plum2Creations\" \/>\n<meta name=\"twitter:label1\" content=\"Tempo di lettura stimato\" \/>\n\t<meta name=\"twitter:data1\" content=\"1 minuto\" \/>\n<script type=\"application\/ld+json\" class=\"yoast-schema-graph\">{\"@context\":\"https:\/\/schema.org\",\"@graph\":[{\"@type\":\"WebPage\",\"@id\":\"https:\/\/plumplumcreations.com\/it\/prodotto\/rio-del-fontego-dei-tedeschi\/\",\"url\":\"https:\/\/plumplumcreations.com\/it\/prodotto\/rio-del-fontego-dei-tedeschi\/\",\"name\":\"Rio del Fontego dei Tedeschi - Plum Plum Creations\",\"isPartOf\":{\"@id\":\"https:\/\/plumplumcreations.com\/it\/#website\"},\"primaryImageOfPage\":{\"@id\":\"https:\/\/plumplumcreations.com\/it\/prodotto\/rio-del-fontego-dei-tedeschi\/#primaryimage\"},\"image\":{\"@id\":\"https:\/\/plumplumcreations.com\/it\/prodotto\/rio-del-fontego-dei-tedeschi\/#primaryimage\"},\"thumbnailUrl\":\"https:\/\/plumplumcreations.com\/wp-content\/uploads\/2017\/05\/01-2-1.jpg\",\"datePublished\":\"2017-05-10T12:19:20+00:00\",\"dateModified\":\"2017-05-10T12:20:09+00:00\",\"breadcrumb\":{\"@id\":\"https:\/\/plumplumcreations.com\/it\/prodotto\/rio-del-fontego-dei-tedeschi\/#breadcrumb\"},\"inLanguage\":\"it-IT\",\"potentialAction\":[{\"@type\":\"ReadAction\",\"target\":[\"https:\/\/plumplumcreations.com\/it\/prodotto\/rio-del-fontego-dei-tedeschi\/\"]}]},{\"@type\":\"ImageObject\",\"inLanguage\":\"it-IT\",\"@id\":\"https:\/\/plumplumcreations.com\/it\/prodotto\/rio-del-fontego-dei-tedeschi\/#primaryimage\",\"url\":\"https:\/\/plumplumcreations.com\/wp-content\/uploads\/2017\/05\/01-2-1.jpg\",\"contentUrl\":\"https:\/\/plumplumcreations.com\/wp-content\/uploads\/2017\/05\/01-2-1.jpg\",\"width\":991,\"height\":1400},{\"@type\":\"BreadcrumbList\",\"@id\":\"https:\/\/plumplumcreations.com\/it\/prodotto\/rio-del-fontego-dei-tedeschi\/#breadcrumb\",\"itemListElement\":[{\"@type\":\"ListItem\",\"position\":1,\"name\":\"Home\",\"item\":\"https:\/\/plumplumcreations.com\/it\/\"},{\"@type\":\"ListItem\",\"position\":2,\"name\":\"Lavori\",\"item\":\"https:\/\/plumplumcreations.com\/it\/lavori\/\"},{\"@type\":\"ListItem\",\"position\":3,\"name\":\"Rio del Fontego dei Tedeschi\"}]},{\"@type\":\"WebSite\",\"@id\":\"https:\/\/plumplumcreations.com\/it\/#website\",\"url\":\"https:\/\/plumplumcreations.com\/it\/\",\"name\":\"Plum Plum Creations\",\"description\":\"Art for Crafts'sake\",\"publisher\":{\"@id\":\"https:\/\/plumplumcreations.com\/it\/#organization\"},\"potentialAction\":[{\"@type\":\"SearchAction\",\"target\":{\"@type\":\"EntryPoint\",\"urlTemplate\":\"https:\/\/plumplumcreations.com\/it\/?s={search_term_string}\"},\"query-input\":{\"@type\":\"PropertyValueSpecification\",\"valueRequired\":true,\"valueName\":\"search_term_string\"}}],\"inLanguage\":\"it-IT\"},{\"@type\":\"Organization\",\"@id\":\"https:\/\/plumplumcreations.com\/it\/#organization\",\"name\":\"Plum Plum Creations di Arianna Sautariello\",\"url\":\"https:\/\/plumplumcreations.com\/it\/\",\"logo\":{\"@type\":\"ImageObject\",\"inLanguage\":\"it-IT\",\"@id\":\"https:\/\/plumplumcreations.com\/it\/#\/schema\/logo\/image\/\",\"url\":\"https:\/\/plumplumcreations.com\/wp-content\/uploads\/2017\/05\/logo-1.png\",\"contentUrl\":\"https:\/\/plumplumcreations.com\/wp-content\/uploads\/2017\/05\/logo-1.png\",\"width\":190,\"height\":57,\"caption\":\"Plum Plum Creations di Arianna Sautariello\"},\"image\":{\"@id\":\"https:\/\/plumplumcreations.com\/it\/#\/schema\/logo\/image\/\"},\"sameAs\":[\"https:\/\/www.facebook.com\/plumplumcreations\/\",\"https:\/\/x.com\/Plum2Creations\",\"http:\/\/instagram.com\/plumplumcreations\",\"http:\/\/pinterest.com\/ariautas\",\"https:\/\/www.youtube.com\/channel\/UCVw_esEH4FG7Pd2CNkOViig\"]}]}<\/script>\n<!-- \/ Yoast SEO plugin. -->","yoast_head_json":{"title":"Rio del Fontego dei Tedeschi - Plum Plum Creations","robots":{"index":"index","follow":"follow","max-snippet":"max-snippet:-1","max-image-preview":"max-image-preview:large","max-video-preview":"max-video-preview:-1"},"canonical":"https:\/\/plumplumcreations.com\/it\/prodotto\/rio-del-fontego-dei-tedeschi\/","og_locale":"it_IT","og_type":"article","og_title":"Rio del Fontego dei Tedeschi - Plum Plum Creations","og_description":"[vc_row][vc_column][vc_column_text]In questo acquarello si pu\u00f2 vedere il Rio del Fontego dei Tedeschi, come si vede da Ponte de l\u2019Ogio (\u201cponte dell\u2019olio\u201d in veneziano). Il canale prende il nome dal Fontego dei Tedeschi: infatti un\u00a0lato di questo meraviglioso edificio si affaccia sul canale. Costruito\u00a0nel 1228 e situato ai piedi del ponte di Rialto di fronte al ... read more","og_url":"https:\/\/plumplumcreations.com\/it\/prodotto\/rio-del-fontego-dei-tedeschi\/","og_site_name":"Plum Plum Creations","article_publisher":"https:\/\/www.facebook.com\/plumplumcreations\/","article_modified_time":"2017-05-10T12:20:09+00:00","og_image":[{"width":991,"height":1400,"url":"https:\/\/plumplumcreations.com\/wp-content\/uploads\/2017\/05\/01-2-1.jpg","type":"image\/jpeg"}],"twitter_card":"summary_large_image","twitter_site":"@Plum2Creations","twitter_misc":{"Tempo di lettura stimato":"1 minuto"},"schema":{"@context":"https:\/\/schema.org","@graph":[{"@type":"WebPage","@id":"https:\/\/plumplumcreations.com\/it\/prodotto\/rio-del-fontego-dei-tedeschi\/","url":"https:\/\/plumplumcreations.com\/it\/prodotto\/rio-del-fontego-dei-tedeschi\/","name":"Rio del Fontego dei Tedeschi - Plum Plum Creations","isPartOf":{"@id":"https:\/\/plumplumcreations.com\/it\/#website"},"primaryImageOfPage":{"@id":"https:\/\/plumplumcreations.com\/it\/prodotto\/rio-del-fontego-dei-tedeschi\/#primaryimage"},"image":{"@id":"https:\/\/plumplumcreations.com\/it\/prodotto\/rio-del-fontego-dei-tedeschi\/#primaryimage"},"thumbnailUrl":"https:\/\/plumplumcreations.com\/wp-content\/uploads\/2017\/05\/01-2-1.jpg","datePublished":"2017-05-10T12:19:20+00:00","dateModified":"2017-05-10T12:20:09+00:00","breadcrumb":{"@id":"https:\/\/plumplumcreations.com\/it\/prodotto\/rio-del-fontego-dei-tedeschi\/#breadcrumb"},"inLanguage":"it-IT","potentialAction":[{"@type":"ReadAction","target":["https:\/\/plumplumcreations.com\/it\/prodotto\/rio-del-fontego-dei-tedeschi\/"]}]},{"@type":"ImageObject","inLanguage":"it-IT","@id":"https:\/\/plumplumcreations.com\/it\/prodotto\/rio-del-fontego-dei-tedeschi\/#primaryimage","url":"https:\/\/plumplumcreations.com\/wp-content\/uploads\/2017\/05\/01-2-1.jpg","contentUrl":"https:\/\/plumplumcreations.com\/wp-content\/uploads\/2017\/05\/01-2-1.jpg","width":991,"height":1400},{"@type":"BreadcrumbList","@id":"https:\/\/plumplumcreations.com\/it\/prodotto\/rio-del-fontego-dei-tedeschi\/#breadcrumb","itemListElement":[{"@type":"ListItem","position":1,"name":"Home","item":"https:\/\/plumplumcreations.com\/it\/"},{"@type":"ListItem","position":2,"name":"Lavori","item":"https:\/\/plumplumcreations.com\/it\/lavori\/"},{"@type":"ListItem","position":3,"name":"Rio del Fontego dei Tedeschi"}]},{"@type":"WebSite","@id":"https:\/\/plumplumcreations.com\/it\/#website","url":"https:\/\/plumplumcreations.com\/it\/","name":"Plum Plum Creations","description":"Art for Crafts'sake","publisher":{"@id":"https:\/\/plumplumcreations.com\/it\/#organization"},"potentialAction":[{"@type":"SearchAction","target":{"@type":"EntryPoint","urlTemplate":"https:\/\/plumplumcreations.com\/it\/?s={search_term_string}"},"query-input":{"@type":"PropertyValueSpecification","valueRequired":true,"valueName":"search_term_string"}}],"inLanguage":"it-IT"},{"@type":"Organization","@id":"https:\/\/plumplumcreations.com\/it\/#organization","name":"Plum Plum Creations di Arianna Sautariello","url":"https:\/\/plumplumcreations.com\/it\/","logo":{"@type":"ImageObject","inLanguage":"it-IT","@id":"https:\/\/plumplumcreations.com\/it\/#\/schema\/logo\/image\/","url":"https:\/\/plumplumcreations.com\/wp-content\/uploads\/2017\/05\/logo-1.png","contentUrl":"https:\/\/plumplumcreations.com\/wp-content\/uploads\/2017\/05\/logo-1.png","width":190,"height":57,"caption":"Plum Plum Creations di Arianna Sautariello"},"image":{"@id":"https:\/\/plumplumcreations.com\/it\/#\/schema\/logo\/image\/"},"sameAs":["https:\/\/www.facebook.com\/plumplumcreations\/","https:\/\/x.com\/Plum2Creations","http:\/\/instagram.com\/plumplumcreations","http:\/\/pinterest.com\/ariautas","https:\/\/www.youtube.com\/channel\/UCVw_esEH4FG7Pd2CNkOViig"]}]}},"_links":{"self":[{"href":"https:\/\/plumplumcreations.com\/it\/wp-json\/wp\/v2\/product\/2544","targetHints":{"allow":["GET"]}}],"collection":[{"href":"https:\/\/plumplumcreations.com\/it\/wp-json\/wp\/v2\/product"}],"about":[{"href":"https:\/\/plumplumcreations.com\/it\/wp-json\/wp\/v2\/types\/product"}],"wp:featuredmedia":[{"embeddable":true,"href":"https:\/\/plumplumcreations.com\/it\/wp-json\/wp\/v2\/media\/2543"}],"wp:attachment":[{"href":"https:\/\/plumplumcreations.com\/it\/wp-json\/wp\/v2\/media?parent=2544"}],"wp:term":[{"taxonomy":"product_brand","embeddable":true,"href":"https:\/\/plumplumcreations.com\/it\/wp-json\/wp\/v2\/product_brand?post=2544"},{"taxonomy":"product_cat","embeddable":true,"href":"https:\/\/plumplumcreations.com\/it\/wp-json\/wp\/v2\/product_cat?post=2544"},{"taxonomy":"product_tag","embeddable":true,"href":"https:\/\/plumplumcreations.com\/it\/wp-json\/wp\/v2\/product_tag?post=2544"}],"curies":[{"name":"wp","href":"https:\/\/api.w.org\/{rel}","templated":true}]}}