{"id":2586,"date":"2020-05-07T15:30:48","date_gmt":"2017-05-10T14:03:48","guid":{"rendered":"http:\/\/plumplumcreations.com\/prodotto\/un-canale-di-venezia-nel-sestiere-di-san-marco\/"},"modified":"2020-05-07T15:52:56","modified_gmt":"2020-05-07T13:52:56","slug":"un-canale-di-venezia-nel-sestiere-di-san-marco","status":"publish","type":"product","link":"https:\/\/plumplumcreations.com\/it\/prodotto\/un-canale-di-venezia-nel-sestiere-di-san-marco\/","title":{"rendered":"Un canale di Venezia nel sestiere di San Marco"},"content":{"rendered":"<div class=\"wpb-content-wrapper\"><p>[vc_row][vc_column][vc_column_text]Questo acquarello rappresenta un canale di Venezia nel sestiere di San Marco.<\/p>\n<p>Il sestiere di San Marco, originariamente chiamato <i>Rivoalto<\/i> da cui anche il nome Rialto, \u00e8 il nucleo originario della citt\u00e0. Nei suoi primi secoli di vita infatti la citt\u00e0 di Venezia era denominata <i>Civitas Rivoalti<\/i> proprio in riferimento alle isole su cui venne fondata.\u00a0Il cuore del sestiere \u00e8 costituito dalla Piazza San Marco, che per quasi un millennio fu il centro politico e giudiziario della Repubblica di Venezia.<\/p>\n<p>Tecnica utilizzata: disegno a pennarello nero sottile colorato con acquerelli su carta\u00a0Rismacqua Favini color avorio da 200 gr.<\/p>\n<p>Formato carta: A4 (cm. 21 x 29,7)<br \/>\nDimensione immagine:\u00a0cm\u00a012\u00d720<\/p>\n<p><strong>VENDUTO SENZA CORNICE<\/strong>[\/vc_column_text][\/vc_column][\/vc_row]<\/p>\n<\/div>","protected":false},"excerpt":{"rendered":"<p>[vc_row][vc_column][vc_column_text]Questo acquarello rappresenta un canale di Venezia nel sestiere di San Marco. Il sestiere di San Marco, originariamente chiamato Rivoalto da cui anche il nome Rialto, \u00e8 il nucleo originario della citt\u00e0. Nei suoi primi secoli di vita infatti la citt\u00e0 di Venezia era denominata Civitas Rivoalti proprio in riferimento alle isole su cui venne &#8230;<a class=\"r_more_blog\" href=\"https:\/\/plumplumcreations.com\/it\/prodotto\/un-canale-di-venezia-nel-sestiere-di-san-marco\/#more-2586\"><i class=\"fa fa-sign-in\"><\/i> read more<\/a><\/p>\n","protected":false},"featured_media":7684,"template":"","meta":[],"product_brand":[],"product_cat":[36,691],"product_tag":[272,175,279,387,280,383,265,325,385,386,123,396,83],"class_list":{"0":"post-2586","1":"product","2":"type-product","3":"status-publish","4":"has-post-thumbnail","6":"product_cat-dipinti","7":"product_cat-tutti-prodotti","8":"product_tag-acquerello","9":"product_tag-canale","10":"product_tag-colori","11":"product_tag-colori-acquerello","12":"product_tag-disegno","13":"product_tag-favini-it","14":"product_tag-paesaggio-veneziano-it","15":"product_tag-pennarello-nero-sottile","16":"product_tag-rismacqua-it","17":"product_tag-rismacqua-favini-it","18":"product_tag-san-marco","19":"product_tag-sestiere-di-san-marco","20":"product_tag-venezia","22":"first","23":"outofstock","24":"sold-individually","25":"shipping-taxable","26":"product-type-simple"},"yoast_head":"<!-- This site is optimized with the Yoast SEO plugin v27.2 - https:\/\/yoast.com\/product\/yoast-seo-wordpress\/ -->\n<title>Un canale di Venezia nel sestiere di San Marco - Plum Plum Creations<\/title>\n<meta name=\"description\" content=\"Questo acquarello rappresenta un canale di Venezia nel sestiere di San Marco. Tecnica utilizzata: disegno a pennarello nero sottile colorato con acquerelli.\" \/>\n<meta name=\"robots\" content=\"index, follow, max-snippet:-1, max-image-preview:large, max-video-preview:-1\" \/>\n<link rel=\"canonical\" href=\"https:\/\/plumplumcreations.com\/it\/prodotto\/un-canale-di-venezia-nel-sestiere-di-san-marco\/\" \/>\n<meta property=\"og:locale\" content=\"it_IT\" \/>\n<meta property=\"og:type\" content=\"article\" \/>\n<meta property=\"og:title\" content=\"Un canale di Venezia nel sestiere di San Marco - Plum Plum Creations\" \/>\n<meta property=\"og:description\" content=\"Questo acquarello rappresenta un canale di Venezia nel sestiere di San Marco. Tecnica utilizzata: disegno a pennarello nero sottile colorato con acquerelli.\" \/>\n<meta property=\"og:url\" content=\"https:\/\/plumplumcreations.com\/it\/prodotto\/un-canale-di-venezia-nel-sestiere-di-san-marco\/\" \/>\n<meta property=\"og:site_name\" content=\"Plum Plum Creations\" \/>\n<meta property=\"article:publisher\" content=\"https:\/\/www.facebook.com\/plumplumcreations\/\" \/>\n<meta property=\"article:modified_time\" content=\"2020-05-07T13:52:56+00:00\" \/>\n<meta property=\"og:image\" content=\"https:\/\/plumplumcreations.com\/wp-content\/uploads\/2017\/05\/canale_san_marco.jpg\" \/>\n\t<meta property=\"og:image:width\" content=\"2000\" \/>\n\t<meta property=\"og:image:height\" content=\"1335\" \/>\n\t<meta property=\"og:image:type\" content=\"image\/jpeg\" \/>\n<meta name=\"twitter:card\" content=\"summary_large_image\" \/>\n<meta name=\"twitter:site\" content=\"@Plum2Creations\" \/>\n<meta name=\"twitter:label1\" content=\"Tempo di lettura stimato\" \/>\n\t<meta name=\"twitter:data1\" content=\"1 minuto\" \/>\n<script type=\"application\/ld+json\" class=\"yoast-schema-graph\">{\"@context\":\"https:\/\/schema.org\",\"@graph\":[{\"@type\":\"WebPage\",\"@id\":\"https:\/\/plumplumcreations.com\/it\/prodotto\/un-canale-di-venezia-nel-sestiere-di-san-marco\/\",\"url\":\"https:\/\/plumplumcreations.com\/it\/prodotto\/un-canale-di-venezia-nel-sestiere-di-san-marco\/\",\"name\":\"Un canale di Venezia nel sestiere di San Marco - Plum Plum Creations\",\"isPartOf\":{\"@id\":\"https:\/\/plumplumcreations.com\/it\/#website\"},\"primaryImageOfPage\":{\"@id\":\"https:\/\/plumplumcreations.com\/it\/prodotto\/un-canale-di-venezia-nel-sestiere-di-san-marco\/#primaryimage\"},\"image\":{\"@id\":\"https:\/\/plumplumcreations.com\/it\/prodotto\/un-canale-di-venezia-nel-sestiere-di-san-marco\/#primaryimage\"},\"thumbnailUrl\":\"https:\/\/plumplumcreations.com\/wp-content\/uploads\/2017\/05\/canale_san_marco.jpg\",\"datePublished\":\"2017-05-10T14:03:48+00:00\",\"dateModified\":\"2020-05-07T13:52:56+00:00\",\"description\":\"Questo acquarello rappresenta un canale di Venezia nel sestiere di San Marco. Tecnica utilizzata: disegno a pennarello nero sottile colorato con acquerelli.\",\"breadcrumb\":{\"@id\":\"https:\/\/plumplumcreations.com\/it\/prodotto\/un-canale-di-venezia-nel-sestiere-di-san-marco\/#breadcrumb\"},\"inLanguage\":\"it-IT\",\"potentialAction\":[{\"@type\":\"ReadAction\",\"target\":[\"https:\/\/plumplumcreations.com\/it\/prodotto\/un-canale-di-venezia-nel-sestiere-di-san-marco\/\"]}]},{\"@type\":\"ImageObject\",\"inLanguage\":\"it-IT\",\"@id\":\"https:\/\/plumplumcreations.com\/it\/prodotto\/un-canale-di-venezia-nel-sestiere-di-san-marco\/#primaryimage\",\"url\":\"https:\/\/plumplumcreations.com\/wp-content\/uploads\/2017\/05\/canale_san_marco.jpg\",\"contentUrl\":\"https:\/\/plumplumcreations.com\/wp-content\/uploads\/2017\/05\/canale_san_marco.jpg\",\"width\":2000,\"height\":1335},{\"@type\":\"BreadcrumbList\",\"@id\":\"https:\/\/plumplumcreations.com\/it\/prodotto\/un-canale-di-venezia-nel-sestiere-di-san-marco\/#breadcrumb\",\"itemListElement\":[{\"@type\":\"ListItem\",\"position\":1,\"name\":\"Home\",\"item\":\"https:\/\/plumplumcreations.com\/it\/\"},{\"@type\":\"ListItem\",\"position\":2,\"name\":\"Lavori\",\"item\":\"https:\/\/plumplumcreations.com\/it\/lavori\/\"},{\"@type\":\"ListItem\",\"position\":3,\"name\":\"Un canale di Venezia nel sestiere di San Marco\"}]},{\"@type\":\"WebSite\",\"@id\":\"https:\/\/plumplumcreations.com\/it\/#website\",\"url\":\"https:\/\/plumplumcreations.com\/it\/\",\"name\":\"Plum Plum Creations\",\"description\":\"Art for Crafts'sake\",\"publisher\":{\"@id\":\"https:\/\/plumplumcreations.com\/it\/#organization\"},\"potentialAction\":[{\"@type\":\"SearchAction\",\"target\":{\"@type\":\"EntryPoint\",\"urlTemplate\":\"https:\/\/plumplumcreations.com\/it\/?s={search_term_string}\"},\"query-input\":{\"@type\":\"PropertyValueSpecification\",\"valueRequired\":true,\"valueName\":\"search_term_string\"}}],\"inLanguage\":\"it-IT\"},{\"@type\":\"Organization\",\"@id\":\"https:\/\/plumplumcreations.com\/it\/#organization\",\"name\":\"Plum Plum Creations di Arianna Sautariello\",\"url\":\"https:\/\/plumplumcreations.com\/it\/\",\"logo\":{\"@type\":\"ImageObject\",\"inLanguage\":\"it-IT\",\"@id\":\"https:\/\/plumplumcreations.com\/it\/#\/schema\/logo\/image\/\",\"url\":\"https:\/\/plumplumcreations.com\/wp-content\/uploads\/2017\/05\/logo-1.png\",\"contentUrl\":\"https:\/\/plumplumcreations.com\/wp-content\/uploads\/2017\/05\/logo-1.png\",\"width\":190,\"height\":57,\"caption\":\"Plum Plum Creations di Arianna Sautariello\"},\"image\":{\"@id\":\"https:\/\/plumplumcreations.com\/it\/#\/schema\/logo\/image\/\"},\"sameAs\":[\"https:\/\/www.facebook.com\/plumplumcreations\/\",\"https:\/\/x.com\/Plum2Creations\",\"http:\/\/instagram.com\/plumplumcreations\",\"http:\/\/pinterest.com\/ariautas\",\"https:\/\/www.youtube.com\/channel\/UCVw_esEH4FG7Pd2CNkOViig\"]}]}<\/script>\n<!-- \/ Yoast SEO plugin. -->","yoast_head_json":{"title":"Un canale di Venezia nel sestiere di San Marco - Plum Plum Creations","description":"Questo acquarello rappresenta un canale di Venezia nel sestiere di San Marco. Tecnica utilizzata: disegno a pennarello nero sottile colorato con acquerelli.","robots":{"index":"index","follow":"follow","max-snippet":"max-snippet:-1","max-image-preview":"max-image-preview:large","max-video-preview":"max-video-preview:-1"},"canonical":"https:\/\/plumplumcreations.com\/it\/prodotto\/un-canale-di-venezia-nel-sestiere-di-san-marco\/","og_locale":"it_IT","og_type":"article","og_title":"Un canale di Venezia nel sestiere di San Marco - Plum Plum Creations","og_description":"Questo acquarello rappresenta un canale di Venezia nel sestiere di San Marco. Tecnica utilizzata: disegno a pennarello nero sottile colorato con acquerelli.","og_url":"https:\/\/plumplumcreations.com\/it\/prodotto\/un-canale-di-venezia-nel-sestiere-di-san-marco\/","og_site_name":"Plum Plum Creations","article_publisher":"https:\/\/www.facebook.com\/plumplumcreations\/","article_modified_time":"2020-05-07T13:52:56+00:00","og_image":[{"width":2000,"height":1335,"url":"https:\/\/plumplumcreations.com\/wp-content\/uploads\/2017\/05\/canale_san_marco.jpg","type":"image\/jpeg"}],"twitter_card":"summary_large_image","twitter_site":"@Plum2Creations","twitter_misc":{"Tempo di lettura stimato":"1 minuto"},"schema":{"@context":"https:\/\/schema.org","@graph":[{"@type":"WebPage","@id":"https:\/\/plumplumcreations.com\/it\/prodotto\/un-canale-di-venezia-nel-sestiere-di-san-marco\/","url":"https:\/\/plumplumcreations.com\/it\/prodotto\/un-canale-di-venezia-nel-sestiere-di-san-marco\/","name":"Un canale di Venezia nel sestiere di San Marco - Plum Plum Creations","isPartOf":{"@id":"https:\/\/plumplumcreations.com\/it\/#website"},"primaryImageOfPage":{"@id":"https:\/\/plumplumcreations.com\/it\/prodotto\/un-canale-di-venezia-nel-sestiere-di-san-marco\/#primaryimage"},"image":{"@id":"https:\/\/plumplumcreations.com\/it\/prodotto\/un-canale-di-venezia-nel-sestiere-di-san-marco\/#primaryimage"},"thumbnailUrl":"https:\/\/plumplumcreations.com\/wp-content\/uploads\/2017\/05\/canale_san_marco.jpg","datePublished":"2017-05-10T14:03:48+00:00","dateModified":"2020-05-07T13:52:56+00:00","description":"Questo acquarello rappresenta un canale di Venezia nel sestiere di San Marco. Tecnica utilizzata: disegno a pennarello nero sottile colorato con acquerelli.","breadcrumb":{"@id":"https:\/\/plumplumcreations.com\/it\/prodotto\/un-canale-di-venezia-nel-sestiere-di-san-marco\/#breadcrumb"},"inLanguage":"it-IT","potentialAction":[{"@type":"ReadAction","target":["https:\/\/plumplumcreations.com\/it\/prodotto\/un-canale-di-venezia-nel-sestiere-di-san-marco\/"]}]},{"@type":"ImageObject","inLanguage":"it-IT","@id":"https:\/\/plumplumcreations.com\/it\/prodotto\/un-canale-di-venezia-nel-sestiere-di-san-marco\/#primaryimage","url":"https:\/\/plumplumcreations.com\/wp-content\/uploads\/2017\/05\/canale_san_marco.jpg","contentUrl":"https:\/\/plumplumcreations.com\/wp-content\/uploads\/2017\/05\/canale_san_marco.jpg","width":2000,"height":1335},{"@type":"BreadcrumbList","@id":"https:\/\/plumplumcreations.com\/it\/prodotto\/un-canale-di-venezia-nel-sestiere-di-san-marco\/#breadcrumb","itemListElement":[{"@type":"ListItem","position":1,"name":"Home","item":"https:\/\/plumplumcreations.com\/it\/"},{"@type":"ListItem","position":2,"name":"Lavori","item":"https:\/\/plumplumcreations.com\/it\/lavori\/"},{"@type":"ListItem","position":3,"name":"Un canale di Venezia nel sestiere di San Marco"}]},{"@type":"WebSite","@id":"https:\/\/plumplumcreations.com\/it\/#website","url":"https:\/\/plumplumcreations.com\/it\/","name":"Plum Plum Creations","description":"Art for Crafts'sake","publisher":{"@id":"https:\/\/plumplumcreations.com\/it\/#organization"},"potentialAction":[{"@type":"SearchAction","target":{"@type":"EntryPoint","urlTemplate":"https:\/\/plumplumcreations.com\/it\/?s={search_term_string}"},"query-input":{"@type":"PropertyValueSpecification","valueRequired":true,"valueName":"search_term_string"}}],"inLanguage":"it-IT"},{"@type":"Organization","@id":"https:\/\/plumplumcreations.com\/it\/#organization","name":"Plum Plum Creations di Arianna Sautariello","url":"https:\/\/plumplumcreations.com\/it\/","logo":{"@type":"ImageObject","inLanguage":"it-IT","@id":"https:\/\/plumplumcreations.com\/it\/#\/schema\/logo\/image\/","url":"https:\/\/plumplumcreations.com\/wp-content\/uploads\/2017\/05\/logo-1.png","contentUrl":"https:\/\/plumplumcreations.com\/wp-content\/uploads\/2017\/05\/logo-1.png","width":190,"height":57,"caption":"Plum Plum Creations di Arianna Sautariello"},"image":{"@id":"https:\/\/plumplumcreations.com\/it\/#\/schema\/logo\/image\/"},"sameAs":["https:\/\/www.facebook.com\/plumplumcreations\/","https:\/\/x.com\/Plum2Creations","http:\/\/instagram.com\/plumplumcreations","http:\/\/pinterest.com\/ariautas","https:\/\/www.youtube.com\/channel\/UCVw_esEH4FG7Pd2CNkOViig"]}]}},"_links":{"self":[{"href":"https:\/\/plumplumcreations.com\/it\/wp-json\/wp\/v2\/product\/2586","targetHints":{"allow":["GET"]}}],"collection":[{"href":"https:\/\/plumplumcreations.com\/it\/wp-json\/wp\/v2\/product"}],"about":[{"href":"https:\/\/plumplumcreations.com\/it\/wp-json\/wp\/v2\/types\/product"}],"wp:featuredmedia":[{"embeddable":true,"href":"https:\/\/plumplumcreations.com\/it\/wp-json\/wp\/v2\/media\/7684"}],"wp:attachment":[{"href":"https:\/\/plumplumcreations.com\/it\/wp-json\/wp\/v2\/media?parent=2586"}],"wp:term":[{"taxonomy":"product_brand","embeddable":true,"href":"https:\/\/plumplumcreations.com\/it\/wp-json\/wp\/v2\/product_brand?post=2586"},{"taxonomy":"product_cat","embeddable":true,"href":"https:\/\/plumplumcreations.com\/it\/wp-json\/wp\/v2\/product_cat?post=2586"},{"taxonomy":"product_tag","embeddable":true,"href":"https:\/\/plumplumcreations.com\/it\/wp-json\/wp\/v2\/product_tag?post=2586"}],"curies":[{"name":"wp","href":"https:\/\/api.w.org\/{rel}","templated":true}]}}