{"id":2661,"date":"2017-05-11T10:16:30","date_gmt":"2017-05-11T08:16:30","guid":{"rendered":"http:\/\/plumplumcreations.com\/prodotto\/ponte-degli-scudi-2\/"},"modified":"2020-05-26T00:00:17","modified_gmt":"2020-05-25T22:00:17","slug":"ponte-degli-scudi-2","status":"publish","type":"product","link":"https:\/\/plumplumcreations.com\/it\/prodotto\/ponte-degli-scudi-2\/","title":{"rendered":"Ponte degli Scudi"},"content":{"rendered":"<p><b>Ponte degli Scudi<\/b>\u00a0\u00e8 un ponte nel sestiere di Castello a Venezia. Castello \u00e8 il pi\u00f9 grande dei sei sestieri di Venezia.<\/p>\n<p>Se c\u2019\u00e8 un quartiere di Venezia che si pu\u00f2 definire \u201ccaratteristico\u201d, questo \u00e8 certamente Castello con i suoi canali, chiese e giardinetti risalenti al XIII secolo. Qui si possono vedere i vestiti stesi ad asciugare tra una finestra e l\u2019altra: questa \u00e8 la citt\u00e0 che hai sempre sognato!<\/p>\n<p>Ponte degli Scudi \u00e8 nel cuore di Castello, vicino a San Francesco della Vigna, a pochi passi da Arsenale.<\/p>\n<p><b>Riproduzione<\/b>\u00a0stampata\u00a0su carta martellata avorio\u00a0Modigliani\u00a0da\u00a0260 gr.<\/p>\n<p>Formato carta: cm.\u00a034,4\u00a0x\u00a024,5<br \/>\nDimensione immagine:\u00a0cm.\u00a021,1 x 14,7<\/p>\n","protected":false},"excerpt":{"rendered":"<p>Ponte degli Scudi\u00a0\u00e8 un ponte nel sestiere di Castello a Venezia. Castello \u00e8 il pi\u00f9 grande dei sei sestieri di Venezia. Se c\u2019\u00e8 un quartiere di Venezia che si pu\u00f2 definire \u201ccaratteristico\u201d, questo \u00e8 certamente Castello con i suoi canali, chiese e giardinetti risalenti al XIII secolo. Qui si possono vedere i vestiti stesi ad &#8230;<a class=\"r_more_blog\" href=\"https:\/\/plumplumcreations.com\/it\/prodotto\/ponte-degli-scudi-2\/#more-2661\"><i class=\"fa fa-sign-in\"><\/i> read more<\/a><\/p>\n","protected":false},"featured_media":2658,"template":"","meta":[],"product_brand":[],"product_cat":[37,691],"product_tag":[279,176,415,298,412,416,64,83],"class_list":{"0":"post-2661","1":"product","2":"type-product","3":"status-publish","4":"has-post-thumbnail","6":"product_cat-riproduzioni","7":"product_cat-tutti-prodotti","8":"product_tag-colori","9":"product_tag-ponte","10":"product_tag-ponte-degli-scudi-it","11":"product_tag-riflessi","12":"product_tag-riproduzioni","13":"product_tag-scudi-it","14":"product_tag-stampa","15":"product_tag-venezia","17":"first","18":"instock","19":"shipping-taxable","20":"purchasable","21":"product-type-simple"},"yoast_head":"<!-- This site is optimized with the Yoast SEO plugin v27.2 - https:\/\/yoast.com\/product\/yoast-seo-wordpress\/ -->\n<title>Ponte degli Scudi - Plum Plum Creations<\/title>\n<meta name=\"robots\" content=\"index, follow, max-snippet:-1, max-image-preview:large, max-video-preview:-1\" \/>\n<link rel=\"canonical\" href=\"https:\/\/plumplumcreations.com\/it\/prodotto\/ponte-degli-scudi-2\/\" \/>\n<meta property=\"og:locale\" content=\"it_IT\" \/>\n<meta property=\"og:type\" content=\"article\" \/>\n<meta property=\"og:title\" content=\"Ponte degli Scudi - Plum Plum Creations\" \/>\n<meta property=\"og:description\" content=\"Ponte degli Scudi\u00a0\u00e8 un ponte nel sestiere di Castello a Venezia. Castello \u00e8 il pi\u00f9 grande dei sei sestieri di Venezia. Se c\u2019\u00e8 un quartiere di Venezia che si pu\u00f2 definire \u201ccaratteristico\u201d, questo \u00e8 certamente Castello con i suoi canali, chiese e giardinetti risalenti al XIII secolo. Qui si possono vedere i vestiti stesi ad ... read more\" \/>\n<meta property=\"og:url\" content=\"https:\/\/plumplumcreations.com\/it\/prodotto\/ponte-degli-scudi-2\/\" \/>\n<meta property=\"og:site_name\" content=\"Plum Plum Creations\" \/>\n<meta property=\"article:publisher\" content=\"https:\/\/www.facebook.com\/plumplumcreations\/\" \/>\n<meta property=\"article:modified_time\" content=\"2020-05-25T22:00:17+00:00\" \/>\n<meta property=\"og:image\" content=\"https:\/\/plumplumcreations.com\/wp-content\/uploads\/2017\/05\/ponte_scudi.jpg\" \/>\n\t<meta property=\"og:image:width\" content=\"2000\" \/>\n\t<meta property=\"og:image:height\" content=\"1335\" \/>\n\t<meta property=\"og:image:type\" content=\"image\/jpeg\" \/>\n<meta name=\"twitter:card\" content=\"summary_large_image\" \/>\n<meta name=\"twitter:site\" content=\"@Plum2Creations\" \/>\n<meta name=\"twitter:label1\" content=\"Tempo di lettura stimato\" \/>\n\t<meta name=\"twitter:data1\" content=\"1 minuto\" \/>\n<script type=\"application\/ld+json\" class=\"yoast-schema-graph\">{\"@context\":\"https:\/\/schema.org\",\"@graph\":[{\"@type\":\"WebPage\",\"@id\":\"https:\/\/plumplumcreations.com\/it\/prodotto\/ponte-degli-scudi-2\/\",\"url\":\"https:\/\/plumplumcreations.com\/it\/prodotto\/ponte-degli-scudi-2\/\",\"name\":\"Ponte degli Scudi - Plum Plum Creations\",\"isPartOf\":{\"@id\":\"https:\/\/plumplumcreations.com\/it\/#website\"},\"primaryImageOfPage\":{\"@id\":\"https:\/\/plumplumcreations.com\/it\/prodotto\/ponte-degli-scudi-2\/#primaryimage\"},\"image\":{\"@id\":\"https:\/\/plumplumcreations.com\/it\/prodotto\/ponte-degli-scudi-2\/#primaryimage\"},\"thumbnailUrl\":\"https:\/\/plumplumcreations.com\/wp-content\/uploads\/2017\/05\/ponte_scudi.jpg\",\"datePublished\":\"2017-05-11T08:16:30+00:00\",\"dateModified\":\"2020-05-25T22:00:17+00:00\",\"breadcrumb\":{\"@id\":\"https:\/\/plumplumcreations.com\/it\/prodotto\/ponte-degli-scudi-2\/#breadcrumb\"},\"inLanguage\":\"it-IT\",\"potentialAction\":[{\"@type\":\"ReadAction\",\"target\":[\"https:\/\/plumplumcreations.com\/it\/prodotto\/ponte-degli-scudi-2\/\"]}]},{\"@type\":\"ImageObject\",\"inLanguage\":\"it-IT\",\"@id\":\"https:\/\/plumplumcreations.com\/it\/prodotto\/ponte-degli-scudi-2\/#primaryimage\",\"url\":\"https:\/\/plumplumcreations.com\/wp-content\/uploads\/2017\/05\/ponte_scudi.jpg\",\"contentUrl\":\"https:\/\/plumplumcreations.com\/wp-content\/uploads\/2017\/05\/ponte_scudi.jpg\",\"width\":2000,\"height\":1335},{\"@type\":\"BreadcrumbList\",\"@id\":\"https:\/\/plumplumcreations.com\/it\/prodotto\/ponte-degli-scudi-2\/#breadcrumb\",\"itemListElement\":[{\"@type\":\"ListItem\",\"position\":1,\"name\":\"Home\",\"item\":\"https:\/\/plumplumcreations.com\/it\/\"},{\"@type\":\"ListItem\",\"position\":2,\"name\":\"Lavori\",\"item\":\"https:\/\/plumplumcreations.com\/it\/lavori\/\"},{\"@type\":\"ListItem\",\"position\":3,\"name\":\"Ponte degli Scudi\"}]},{\"@type\":\"WebSite\",\"@id\":\"https:\/\/plumplumcreations.com\/it\/#website\",\"url\":\"https:\/\/plumplumcreations.com\/it\/\",\"name\":\"Plum Plum Creations\",\"description\":\"Art for Crafts'sake\",\"publisher\":{\"@id\":\"https:\/\/plumplumcreations.com\/it\/#organization\"},\"potentialAction\":[{\"@type\":\"SearchAction\",\"target\":{\"@type\":\"EntryPoint\",\"urlTemplate\":\"https:\/\/plumplumcreations.com\/it\/?s={search_term_string}\"},\"query-input\":{\"@type\":\"PropertyValueSpecification\",\"valueRequired\":true,\"valueName\":\"search_term_string\"}}],\"inLanguage\":\"it-IT\"},{\"@type\":\"Organization\",\"@id\":\"https:\/\/plumplumcreations.com\/it\/#organization\",\"name\":\"Plum Plum Creations di Arianna Sautariello\",\"url\":\"https:\/\/plumplumcreations.com\/it\/\",\"logo\":{\"@type\":\"ImageObject\",\"inLanguage\":\"it-IT\",\"@id\":\"https:\/\/plumplumcreations.com\/it\/#\/schema\/logo\/image\/\",\"url\":\"https:\/\/plumplumcreations.com\/wp-content\/uploads\/2017\/05\/logo-1.png\",\"contentUrl\":\"https:\/\/plumplumcreations.com\/wp-content\/uploads\/2017\/05\/logo-1.png\",\"width\":190,\"height\":57,\"caption\":\"Plum Plum Creations di Arianna Sautariello\"},\"image\":{\"@id\":\"https:\/\/plumplumcreations.com\/it\/#\/schema\/logo\/image\/\"},\"sameAs\":[\"https:\/\/www.facebook.com\/plumplumcreations\/\",\"https:\/\/x.com\/Plum2Creations\",\"http:\/\/instagram.com\/plumplumcreations\",\"http:\/\/pinterest.com\/ariautas\",\"https:\/\/www.youtube.com\/channel\/UCVw_esEH4FG7Pd2CNkOViig\"]}]}<\/script>\n<!-- \/ Yoast SEO plugin. -->","yoast_head_json":{"title":"Ponte degli Scudi - Plum Plum Creations","robots":{"index":"index","follow":"follow","max-snippet":"max-snippet:-1","max-image-preview":"max-image-preview:large","max-video-preview":"max-video-preview:-1"},"canonical":"https:\/\/plumplumcreations.com\/it\/prodotto\/ponte-degli-scudi-2\/","og_locale":"it_IT","og_type":"article","og_title":"Ponte degli Scudi - Plum Plum Creations","og_description":"Ponte degli Scudi\u00a0\u00e8 un ponte nel sestiere di Castello a Venezia. Castello \u00e8 il pi\u00f9 grande dei sei sestieri di Venezia. Se c\u2019\u00e8 un quartiere di Venezia che si pu\u00f2 definire \u201ccaratteristico\u201d, questo \u00e8 certamente Castello con i suoi canali, chiese e giardinetti risalenti al XIII secolo. Qui si possono vedere i vestiti stesi ad ... read more","og_url":"https:\/\/plumplumcreations.com\/it\/prodotto\/ponte-degli-scudi-2\/","og_site_name":"Plum Plum Creations","article_publisher":"https:\/\/www.facebook.com\/plumplumcreations\/","article_modified_time":"2020-05-25T22:00:17+00:00","og_image":[{"width":2000,"height":1335,"url":"https:\/\/plumplumcreations.com\/wp-content\/uploads\/2017\/05\/ponte_scudi.jpg","type":"image\/jpeg"}],"twitter_card":"summary_large_image","twitter_site":"@Plum2Creations","twitter_misc":{"Tempo di lettura stimato":"1 minuto"},"schema":{"@context":"https:\/\/schema.org","@graph":[{"@type":"WebPage","@id":"https:\/\/plumplumcreations.com\/it\/prodotto\/ponte-degli-scudi-2\/","url":"https:\/\/plumplumcreations.com\/it\/prodotto\/ponte-degli-scudi-2\/","name":"Ponte degli Scudi - Plum Plum Creations","isPartOf":{"@id":"https:\/\/plumplumcreations.com\/it\/#website"},"primaryImageOfPage":{"@id":"https:\/\/plumplumcreations.com\/it\/prodotto\/ponte-degli-scudi-2\/#primaryimage"},"image":{"@id":"https:\/\/plumplumcreations.com\/it\/prodotto\/ponte-degli-scudi-2\/#primaryimage"},"thumbnailUrl":"https:\/\/plumplumcreations.com\/wp-content\/uploads\/2017\/05\/ponte_scudi.jpg","datePublished":"2017-05-11T08:16:30+00:00","dateModified":"2020-05-25T22:00:17+00:00","breadcrumb":{"@id":"https:\/\/plumplumcreations.com\/it\/prodotto\/ponte-degli-scudi-2\/#breadcrumb"},"inLanguage":"it-IT","potentialAction":[{"@type":"ReadAction","target":["https:\/\/plumplumcreations.com\/it\/prodotto\/ponte-degli-scudi-2\/"]}]},{"@type":"ImageObject","inLanguage":"it-IT","@id":"https:\/\/plumplumcreations.com\/it\/prodotto\/ponte-degli-scudi-2\/#primaryimage","url":"https:\/\/plumplumcreations.com\/wp-content\/uploads\/2017\/05\/ponte_scudi.jpg","contentUrl":"https:\/\/plumplumcreations.com\/wp-content\/uploads\/2017\/05\/ponte_scudi.jpg","width":2000,"height":1335},{"@type":"BreadcrumbList","@id":"https:\/\/plumplumcreations.com\/it\/prodotto\/ponte-degli-scudi-2\/#breadcrumb","itemListElement":[{"@type":"ListItem","position":1,"name":"Home","item":"https:\/\/plumplumcreations.com\/it\/"},{"@type":"ListItem","position":2,"name":"Lavori","item":"https:\/\/plumplumcreations.com\/it\/lavori\/"},{"@type":"ListItem","position":3,"name":"Ponte degli Scudi"}]},{"@type":"WebSite","@id":"https:\/\/plumplumcreations.com\/it\/#website","url":"https:\/\/plumplumcreations.com\/it\/","name":"Plum Plum Creations","description":"Art for Crafts'sake","publisher":{"@id":"https:\/\/plumplumcreations.com\/it\/#organization"},"potentialAction":[{"@type":"SearchAction","target":{"@type":"EntryPoint","urlTemplate":"https:\/\/plumplumcreations.com\/it\/?s={search_term_string}"},"query-input":{"@type":"PropertyValueSpecification","valueRequired":true,"valueName":"search_term_string"}}],"inLanguage":"it-IT"},{"@type":"Organization","@id":"https:\/\/plumplumcreations.com\/it\/#organization","name":"Plum Plum Creations di Arianna Sautariello","url":"https:\/\/plumplumcreations.com\/it\/","logo":{"@type":"ImageObject","inLanguage":"it-IT","@id":"https:\/\/plumplumcreations.com\/it\/#\/schema\/logo\/image\/","url":"https:\/\/plumplumcreations.com\/wp-content\/uploads\/2017\/05\/logo-1.png","contentUrl":"https:\/\/plumplumcreations.com\/wp-content\/uploads\/2017\/05\/logo-1.png","width":190,"height":57,"caption":"Plum Plum Creations di Arianna Sautariello"},"image":{"@id":"https:\/\/plumplumcreations.com\/it\/#\/schema\/logo\/image\/"},"sameAs":["https:\/\/www.facebook.com\/plumplumcreations\/","https:\/\/x.com\/Plum2Creations","http:\/\/instagram.com\/plumplumcreations","http:\/\/pinterest.com\/ariautas","https:\/\/www.youtube.com\/channel\/UCVw_esEH4FG7Pd2CNkOViig"]}]}},"_links":{"self":[{"href":"https:\/\/plumplumcreations.com\/it\/wp-json\/wp\/v2\/product\/2661","targetHints":{"allow":["GET"]}}],"collection":[{"href":"https:\/\/plumplumcreations.com\/it\/wp-json\/wp\/v2\/product"}],"about":[{"href":"https:\/\/plumplumcreations.com\/it\/wp-json\/wp\/v2\/types\/product"}],"wp:featuredmedia":[{"embeddable":true,"href":"https:\/\/plumplumcreations.com\/it\/wp-json\/wp\/v2\/media\/2658"}],"wp:attachment":[{"href":"https:\/\/plumplumcreations.com\/it\/wp-json\/wp\/v2\/media?parent=2661"}],"wp:term":[{"taxonomy":"product_brand","embeddable":true,"href":"https:\/\/plumplumcreations.com\/it\/wp-json\/wp\/v2\/product_brand?post=2661"},{"taxonomy":"product_cat","embeddable":true,"href":"https:\/\/plumplumcreations.com\/it\/wp-json\/wp\/v2\/product_cat?post=2661"},{"taxonomy":"product_tag","embeddable":true,"href":"https:\/\/plumplumcreations.com\/it\/wp-json\/wp\/v2\/product_tag?post=2661"}],"curies":[{"name":"wp","href":"https:\/\/api.w.org\/{rel}","templated":true}]}}