{"id":3250,"date":"2017-05-12T23:53:01","date_gmt":"2017-05-12T21:53:01","guid":{"rendered":"http:\/\/plumplumcreations.com\/prodotto\/s-maria-del-giglio\/"},"modified":"2020-04-28T01:01:38","modified_gmt":"2020-04-27T23:01:38","slug":"s-maria-del-giglio","status":"publish","type":"product","link":"https:\/\/plumplumcreations.com\/it\/prodotto\/s-maria-del-giglio\/","title":{"rendered":"S.\u00a0Maria del Giglio"},"content":{"rendered":"<div class=\"wpb-content-wrapper\"><p>[vc_row][vc_column][vc_column_text]S.\u00a0Maria del Giglio \u00e8 una chiesa di Venezia.<\/p>\n<p>La chiesa \u00e8 pi\u00f9 comunemente conosciuta come Chiesa di Santa Maria Zobenigo, dopo che la famiglia Jubanico la fond\u00f2 nel IX\u00b0 secolo. L\u2019edificio \u00e8 situato sul Campo Santa Maria Zobenigo, ad ovest di Piazza San Marco. E\u2019 stata ricostruito da Giuseppe Sardi per l\u2019Ammiraglio\u00a0Antonio Barbaro tra il 1678 e il 1681 e ha una delle pi\u00f9 belle facciate barocche veneziane in tutta Venezia.<\/p>\n<p>Formato carta:\u00a0cm. 17,5 x 25<br \/>\nDimensione immagine:\u00a0cm. 10,6 x 16,5<\/p>\n<p>Stampata con inchiostro calcografico su carta rosaspina.<\/p>\n<p><strong>Venduto senza cornice<\/strong>[\/vc_column_text][\/vc_column][\/vc_row][vc_row][vc_column][vc_message style=&#8221;square&#8221;]Questo oggetto \u00e8 fatto a mano nel mio studio di Venezia \u2013 ci possono essere piccole variazioni di colore, rendendolo un pezzo unico. L\u2019opera pu\u00f2 apparire leggermente diversa dalle foto. Piccole imperfezioni o irregolarit\u00e0 aggiungono fascino all\u2019opera artigianale, distinguendo questo lavoro\u00a0dalle stampe prodotte in serie[\/vc_message][\/vc_column][\/vc_row]<\/p>\n<\/div>","protected":false},"excerpt":{"rendered":"<p>[vc_row][vc_column][vc_column_text]S.\u00a0Maria del Giglio \u00e8 una chiesa di Venezia. La chiesa \u00e8 pi\u00f9 comunemente conosciuta come Chiesa di Santa Maria Zobenigo, dopo che la famiglia Jubanico la fond\u00f2 nel IX\u00b0 secolo. L\u2019edificio \u00e8 situato sul Campo Santa Maria Zobenigo, ad ovest di Piazza San Marco. E\u2019 stata ricostruito da Giuseppe Sardi per l\u2019Ammiraglio\u00a0Antonio Barbaro tra il &#8230;<a class=\"r_more_blog\" href=\"https:\/\/plumplumcreations.com\/it\/prodotto\/s-maria-del-giglio\/#more-3250\"><i class=\"fa fa-sign-in\"><\/i> read more<\/a><\/p>\n","protected":false},"featured_media":3245,"template":"","meta":[],"product_brand":[],"product_cat":[34,42,691],"product_tag":[63,456,507,133,457,265,132,83],"class_list":{"0":"post-3250","1":"product","2":"type-product","3":"status-publish","4":"has-post-thumbnail","6":"product_cat-calcog","7":"product_cat-incisioni","8":"product_cat-tutti-prodotti","9":"product_tag-acquaforte","10":"product_tag-arte-venezia-it","11":"product_tag-bianco-e-nero","12":"product_tag-chiesa","13":"product_tag-chiesa-di-venezia","14":"product_tag-paesaggio-veneziano-it","15":"product_tag-stampa-it","16":"product_tag-venezia","18":"first","19":"outofstock","20":"shipping-taxable","21":"purchasable","22":"product-type-variable"},"yoast_head":"<!-- This site is optimized with the Yoast SEO plugin v27.2 - https:\/\/yoast.com\/product\/yoast-seo-wordpress\/ -->\n<title>S.\u00a0Maria del Giglio - Plum Plum Creations<\/title>\n<meta name=\"robots\" content=\"index, follow, max-snippet:-1, max-image-preview:large, max-video-preview:-1\" \/>\n<link rel=\"canonical\" href=\"https:\/\/plumplumcreations.com\/it\/prodotto\/s-maria-del-giglio\/\" \/>\n<meta property=\"og:locale\" content=\"it_IT\" \/>\n<meta property=\"og:type\" content=\"article\" \/>\n<meta property=\"og:title\" content=\"S.\u00a0Maria del Giglio - Plum Plum Creations\" \/>\n<meta property=\"og:description\" content=\"[vc_row][vc_column][vc_column_text]S.\u00a0Maria del Giglio \u00e8 una chiesa di Venezia. La chiesa \u00e8 pi\u00f9 comunemente conosciuta come Chiesa di Santa Maria Zobenigo, dopo che la famiglia Jubanico la fond\u00f2 nel IX\u00b0 secolo. L\u2019edificio \u00e8 situato sul Campo Santa Maria Zobenigo, ad ovest di Piazza San Marco. E\u2019 stata ricostruito da Giuseppe Sardi per l\u2019Ammiraglio\u00a0Antonio Barbaro tra il ... read more\" \/>\n<meta property=\"og:url\" content=\"https:\/\/plumplumcreations.com\/it\/prodotto\/s-maria-del-giglio\/\" \/>\n<meta property=\"og:site_name\" content=\"Plum Plum Creations\" \/>\n<meta property=\"article:publisher\" content=\"https:\/\/www.facebook.com\/plumplumcreations\/\" \/>\n<meta property=\"article:modified_time\" content=\"2020-04-27T23:01:38+00:00\" \/>\n<meta property=\"og:image\" content=\"https:\/\/plumplumcreations.com\/wp-content\/uploads\/2017\/05\/giglio_avorio_lightblue.jpg\" \/>\n\t<meta property=\"og:image:width\" content=\"2000\" \/>\n\t<meta property=\"og:image:height\" content=\"1335\" \/>\n\t<meta property=\"og:image:type\" content=\"image\/jpeg\" \/>\n<meta name=\"twitter:card\" content=\"summary_large_image\" \/>\n<meta name=\"twitter:site\" content=\"@Plum2Creations\" \/>\n<meta name=\"twitter:label1\" content=\"Tempo di lettura stimato\" \/>\n\t<meta name=\"twitter:data1\" content=\"1 minuto\" \/>\n<script type=\"application\/ld+json\" class=\"yoast-schema-graph\">{\"@context\":\"https:\/\/schema.org\",\"@graph\":[{\"@type\":\"WebPage\",\"@id\":\"https:\/\/plumplumcreations.com\/it\/prodotto\/s-maria-del-giglio\/\",\"url\":\"https:\/\/plumplumcreations.com\/it\/prodotto\/s-maria-del-giglio\/\",\"name\":\"S.\u00a0Maria del Giglio - Plum Plum Creations\",\"isPartOf\":{\"@id\":\"https:\/\/plumplumcreations.com\/it\/#website\"},\"primaryImageOfPage\":{\"@id\":\"https:\/\/plumplumcreations.com\/it\/prodotto\/s-maria-del-giglio\/#primaryimage\"},\"image\":{\"@id\":\"https:\/\/plumplumcreations.com\/it\/prodotto\/s-maria-del-giglio\/#primaryimage\"},\"thumbnailUrl\":\"https:\/\/plumplumcreations.com\/wp-content\/uploads\/2017\/05\/giglio_avorio_lightblue.jpg\",\"datePublished\":\"2017-05-12T21:53:01+00:00\",\"dateModified\":\"2020-04-27T23:01:38+00:00\",\"breadcrumb\":{\"@id\":\"https:\/\/plumplumcreations.com\/it\/prodotto\/s-maria-del-giglio\/#breadcrumb\"},\"inLanguage\":\"it-IT\",\"potentialAction\":[{\"@type\":\"ReadAction\",\"target\":[\"https:\/\/plumplumcreations.com\/it\/prodotto\/s-maria-del-giglio\/\"]}]},{\"@type\":\"ImageObject\",\"inLanguage\":\"it-IT\",\"@id\":\"https:\/\/plumplumcreations.com\/it\/prodotto\/s-maria-del-giglio\/#primaryimage\",\"url\":\"https:\/\/plumplumcreations.com\/wp-content\/uploads\/2017\/05\/giglio_avorio_lightblue.jpg\",\"contentUrl\":\"https:\/\/plumplumcreations.com\/wp-content\/uploads\/2017\/05\/giglio_avorio_lightblue.jpg\",\"width\":2000,\"height\":1335},{\"@type\":\"BreadcrumbList\",\"@id\":\"https:\/\/plumplumcreations.com\/it\/prodotto\/s-maria-del-giglio\/#breadcrumb\",\"itemListElement\":[{\"@type\":\"ListItem\",\"position\":1,\"name\":\"Home\",\"item\":\"https:\/\/plumplumcreations.com\/it\/\"},{\"@type\":\"ListItem\",\"position\":2,\"name\":\"Lavori\",\"item\":\"https:\/\/plumplumcreations.com\/it\/lavori\/\"},{\"@type\":\"ListItem\",\"position\":3,\"name\":\"S.\u00a0Maria del Giglio\"}]},{\"@type\":\"WebSite\",\"@id\":\"https:\/\/plumplumcreations.com\/it\/#website\",\"url\":\"https:\/\/plumplumcreations.com\/it\/\",\"name\":\"Plum Plum Creations\",\"description\":\"Art for Crafts'sake\",\"publisher\":{\"@id\":\"https:\/\/plumplumcreations.com\/it\/#organization\"},\"potentialAction\":[{\"@type\":\"SearchAction\",\"target\":{\"@type\":\"EntryPoint\",\"urlTemplate\":\"https:\/\/plumplumcreations.com\/it\/?s={search_term_string}\"},\"query-input\":{\"@type\":\"PropertyValueSpecification\",\"valueRequired\":true,\"valueName\":\"search_term_string\"}}],\"inLanguage\":\"it-IT\"},{\"@type\":\"Organization\",\"@id\":\"https:\/\/plumplumcreations.com\/it\/#organization\",\"name\":\"Plum Plum Creations di Arianna Sautariello\",\"url\":\"https:\/\/plumplumcreations.com\/it\/\",\"logo\":{\"@type\":\"ImageObject\",\"inLanguage\":\"it-IT\",\"@id\":\"https:\/\/plumplumcreations.com\/it\/#\/schema\/logo\/image\/\",\"url\":\"https:\/\/plumplumcreations.com\/wp-content\/uploads\/2017\/05\/logo-1.png\",\"contentUrl\":\"https:\/\/plumplumcreations.com\/wp-content\/uploads\/2017\/05\/logo-1.png\",\"width\":190,\"height\":57,\"caption\":\"Plum Plum Creations di Arianna Sautariello\"},\"image\":{\"@id\":\"https:\/\/plumplumcreations.com\/it\/#\/schema\/logo\/image\/\"},\"sameAs\":[\"https:\/\/www.facebook.com\/plumplumcreations\/\",\"https:\/\/x.com\/Plum2Creations\",\"http:\/\/instagram.com\/plumplumcreations\",\"http:\/\/pinterest.com\/ariautas\",\"https:\/\/www.youtube.com\/channel\/UCVw_esEH4FG7Pd2CNkOViig\"]}]}<\/script>\n<!-- \/ Yoast SEO plugin. -->","yoast_head_json":{"title":"S.\u00a0Maria del Giglio - Plum Plum Creations","robots":{"index":"index","follow":"follow","max-snippet":"max-snippet:-1","max-image-preview":"max-image-preview:large","max-video-preview":"max-video-preview:-1"},"canonical":"https:\/\/plumplumcreations.com\/it\/prodotto\/s-maria-del-giglio\/","og_locale":"it_IT","og_type":"article","og_title":"S.\u00a0Maria del Giglio - Plum Plum Creations","og_description":"[vc_row][vc_column][vc_column_text]S.\u00a0Maria del Giglio \u00e8 una chiesa di Venezia. La chiesa \u00e8 pi\u00f9 comunemente conosciuta come Chiesa di Santa Maria Zobenigo, dopo che la famiglia Jubanico la fond\u00f2 nel IX\u00b0 secolo. L\u2019edificio \u00e8 situato sul Campo Santa Maria Zobenigo, ad ovest di Piazza San Marco. E\u2019 stata ricostruito da Giuseppe Sardi per l\u2019Ammiraglio\u00a0Antonio Barbaro tra il ... read more","og_url":"https:\/\/plumplumcreations.com\/it\/prodotto\/s-maria-del-giglio\/","og_site_name":"Plum Plum Creations","article_publisher":"https:\/\/www.facebook.com\/plumplumcreations\/","article_modified_time":"2020-04-27T23:01:38+00:00","og_image":[{"width":2000,"height":1335,"url":"https:\/\/plumplumcreations.com\/wp-content\/uploads\/2017\/05\/giglio_avorio_lightblue.jpg","type":"image\/jpeg"}],"twitter_card":"summary_large_image","twitter_site":"@Plum2Creations","twitter_misc":{"Tempo di lettura stimato":"1 minuto"},"schema":{"@context":"https:\/\/schema.org","@graph":[{"@type":"WebPage","@id":"https:\/\/plumplumcreations.com\/it\/prodotto\/s-maria-del-giglio\/","url":"https:\/\/plumplumcreations.com\/it\/prodotto\/s-maria-del-giglio\/","name":"S.\u00a0Maria del Giglio - Plum Plum Creations","isPartOf":{"@id":"https:\/\/plumplumcreations.com\/it\/#website"},"primaryImageOfPage":{"@id":"https:\/\/plumplumcreations.com\/it\/prodotto\/s-maria-del-giglio\/#primaryimage"},"image":{"@id":"https:\/\/plumplumcreations.com\/it\/prodotto\/s-maria-del-giglio\/#primaryimage"},"thumbnailUrl":"https:\/\/plumplumcreations.com\/wp-content\/uploads\/2017\/05\/giglio_avorio_lightblue.jpg","datePublished":"2017-05-12T21:53:01+00:00","dateModified":"2020-04-27T23:01:38+00:00","breadcrumb":{"@id":"https:\/\/plumplumcreations.com\/it\/prodotto\/s-maria-del-giglio\/#breadcrumb"},"inLanguage":"it-IT","potentialAction":[{"@type":"ReadAction","target":["https:\/\/plumplumcreations.com\/it\/prodotto\/s-maria-del-giglio\/"]}]},{"@type":"ImageObject","inLanguage":"it-IT","@id":"https:\/\/plumplumcreations.com\/it\/prodotto\/s-maria-del-giglio\/#primaryimage","url":"https:\/\/plumplumcreations.com\/wp-content\/uploads\/2017\/05\/giglio_avorio_lightblue.jpg","contentUrl":"https:\/\/plumplumcreations.com\/wp-content\/uploads\/2017\/05\/giglio_avorio_lightblue.jpg","width":2000,"height":1335},{"@type":"BreadcrumbList","@id":"https:\/\/plumplumcreations.com\/it\/prodotto\/s-maria-del-giglio\/#breadcrumb","itemListElement":[{"@type":"ListItem","position":1,"name":"Home","item":"https:\/\/plumplumcreations.com\/it\/"},{"@type":"ListItem","position":2,"name":"Lavori","item":"https:\/\/plumplumcreations.com\/it\/lavori\/"},{"@type":"ListItem","position":3,"name":"S.\u00a0Maria del Giglio"}]},{"@type":"WebSite","@id":"https:\/\/plumplumcreations.com\/it\/#website","url":"https:\/\/plumplumcreations.com\/it\/","name":"Plum Plum Creations","description":"Art for Crafts'sake","publisher":{"@id":"https:\/\/plumplumcreations.com\/it\/#organization"},"potentialAction":[{"@type":"SearchAction","target":{"@type":"EntryPoint","urlTemplate":"https:\/\/plumplumcreations.com\/it\/?s={search_term_string}"},"query-input":{"@type":"PropertyValueSpecification","valueRequired":true,"valueName":"search_term_string"}}],"inLanguage":"it-IT"},{"@type":"Organization","@id":"https:\/\/plumplumcreations.com\/it\/#organization","name":"Plum Plum Creations di Arianna Sautariello","url":"https:\/\/plumplumcreations.com\/it\/","logo":{"@type":"ImageObject","inLanguage":"it-IT","@id":"https:\/\/plumplumcreations.com\/it\/#\/schema\/logo\/image\/","url":"https:\/\/plumplumcreations.com\/wp-content\/uploads\/2017\/05\/logo-1.png","contentUrl":"https:\/\/plumplumcreations.com\/wp-content\/uploads\/2017\/05\/logo-1.png","width":190,"height":57,"caption":"Plum Plum Creations di Arianna Sautariello"},"image":{"@id":"https:\/\/plumplumcreations.com\/it\/#\/schema\/logo\/image\/"},"sameAs":["https:\/\/www.facebook.com\/plumplumcreations\/","https:\/\/x.com\/Plum2Creations","http:\/\/instagram.com\/plumplumcreations","http:\/\/pinterest.com\/ariautas","https:\/\/www.youtube.com\/channel\/UCVw_esEH4FG7Pd2CNkOViig"]}]}},"_links":{"self":[{"href":"https:\/\/plumplumcreations.com\/it\/wp-json\/wp\/v2\/product\/3250","targetHints":{"allow":["GET"]}}],"collection":[{"href":"https:\/\/plumplumcreations.com\/it\/wp-json\/wp\/v2\/product"}],"about":[{"href":"https:\/\/plumplumcreations.com\/it\/wp-json\/wp\/v2\/types\/product"}],"wp:featuredmedia":[{"embeddable":true,"href":"https:\/\/plumplumcreations.com\/it\/wp-json\/wp\/v2\/media\/3245"}],"wp:attachment":[{"href":"https:\/\/plumplumcreations.com\/it\/wp-json\/wp\/v2\/media?parent=3250"}],"wp:term":[{"taxonomy":"product_brand","embeddable":true,"href":"https:\/\/plumplumcreations.com\/it\/wp-json\/wp\/v2\/product_brand?post=3250"},{"taxonomy":"product_cat","embeddable":true,"href":"https:\/\/plumplumcreations.com\/it\/wp-json\/wp\/v2\/product_cat?post=3250"},{"taxonomy":"product_tag","embeddable":true,"href":"https:\/\/plumplumcreations.com\/it\/wp-json\/wp\/v2\/product_tag?post=3250"}],"curies":[{"name":"wp","href":"https:\/\/api.w.org\/{rel}","templated":true}]}}