{"id":4549,"date":"2018-03-27T15:11:40","date_gmt":"2018-03-27T13:11:40","guid":{"rendered":"https:\/\/plumplumcreations.com\/product\/ponte-di-rialto-disegno\/"},"modified":"2018-06-29T12:25:37","modified_gmt":"2018-06-29T10:25:37","slug":"ponte-di-rialto-disegno","status":"publish","type":"product","link":"https:\/\/plumplumcreations.com\/it\/prodotto\/ponte-di-rialto-disegno\/","title":{"rendered":"Ponte di Rialto &#8211; Disegno"},"content":{"rendered":"<div class=\"wpb-content-wrapper\"><p>[vc_row][vc_column][vc_column_text]Il\u00a0<b>Ponte di Rialto<\/b>\u00a0\u00a0\u00e8 uno dei quattro ponti che attraversano il Canal Grande a Venezia. E\u2019 il pi\u00f9 antico ponte sul canale, ed era la linea di demarcazione tra i sestieri di San Marco e di San Polo, ed \u00e8 uno dei ponti pi\u00f9 famosi del mondo, dal momento che \u00e8 un simbolo di Venezia.<\/p>\n<p>Il primo ponte\u00a0del Canal Grande era un ponte di barche costruito nel 1181. E\u2019 stato sostituito nel 1255 da un ponte di legno. Durante la prima met\u00e0 del XV\u00b0 secolo, due file di negozi sono stati costruiti lungo i lati del ponte. Nel 1444 \u00e8 crollato sotto il peso della folla che assisteva ad un\u00a0corteo di barche ed \u00e8 crollato di nuovo nel 1524. L\u2019idea di ricostruire il ponte in pietra fu proposto per la prima nel 1503, e l\u2019attuale ponte in pietra, ad una sola arcata progettato da Antonio da Ponte, \u00e8 stato finalmente completato nel 1591.<\/p>\n<p><strong>Disegno<\/strong> a pennarello indelebile fino e colorato con pennarelli a base d\u2019acqua senza acidi su carta Fabriano a grana fine con 50% di cotone senza acidi che garantisce l\u2019inalterabilit\u00e0 nel tempo.<br \/>\n<strong>Dimensione<\/strong>: A4 (cm. 29,7\u00d721)<\/p>\n<p><strong>VENDUTO SENZA CORNICE<\/strong>[\/vc_column_text][\/vc_column][\/vc_row][vc_row][vc_column][vc_message]Se vi piace questo acquerello e volete ordinarne uno nuovo, posso dipingerlo nuovamente. Naturalmente ci potrebbero essere variazioni di colore, rendendolo di fatto un pezzo unico. Se desiderate avere questo acquerello potete contattarmi <a href=\"https:\/\/plumplumcreations.com\/it\/contatti\/\">cliccando qui<\/a>, grazie mille.[\/vc_message][\/vc_column][\/vc_row]<\/p>\n<\/div>","protected":false},"excerpt":{"rendered":"<p>[vc_row][vc_column][vc_column_text]Il\u00a0Ponte di Rialto\u00a0\u00a0\u00e8 uno dei quattro ponti che attraversano il Canal Grande a Venezia. E\u2019 il pi\u00f9 antico ponte sul canale, ed era la linea di demarcazione tra i sestieri di San Marco e di San Polo, ed \u00e8 uno dei ponti pi\u00f9 famosi del mondo, dal momento che \u00e8 un simbolo di Venezia. Il &#8230;<a class=\"r_more_blog\" href=\"https:\/\/plumplumcreations.com\/it\/prodotto\/ponte-di-rialto-disegno\/#more-4549\"><i class=\"fa fa-sign-in\"><\/i> read more<\/a><\/p>\n","protected":false},"featured_media":4547,"template":"","meta":[],"product_brand":[],"product_cat":[36,691],"product_tag":[280,630,392,176,247,246,83],"class_list":{"0":"post-4549","1":"product","2":"type-product","3":"status-publish","4":"has-post-thumbnail","6":"product_cat-dipinti","7":"product_cat-tutti-prodotti","8":"product_tag-disegno","9":"product_tag-pennarelli","10":"product_tag-pennarello","11":"product_tag-ponte","12":"product_tag-ponte-di-rialto","13":"product_tag-rialto-it","14":"product_tag-venezia","16":"first","17":"outofstock","18":"sold-individually","19":"shipping-taxable","20":"product-type-simple"},"yoast_head":"<!-- This site is optimized with the Yoast SEO plugin v27.2 - https:\/\/yoast.com\/product\/yoast-seo-wordpress\/ -->\n<title>Ponte di Rialto - Disegno - Plum Plum Creations<\/title>\n<meta name=\"robots\" content=\"index, follow, max-snippet:-1, max-image-preview:large, max-video-preview:-1\" \/>\n<link rel=\"canonical\" href=\"https:\/\/plumplumcreations.com\/it\/prodotto\/ponte-di-rialto-disegno\/\" \/>\n<meta property=\"og:locale\" content=\"it_IT\" \/>\n<meta property=\"og:type\" content=\"article\" \/>\n<meta property=\"og:title\" content=\"Ponte di Rialto - Disegno - Plum Plum Creations\" \/>\n<meta property=\"og:description\" content=\"[vc_row][vc_column][vc_column_text]Il\u00a0Ponte di Rialto\u00a0\u00a0\u00e8 uno dei quattro ponti che attraversano il Canal Grande a Venezia. E\u2019 il pi\u00f9 antico ponte sul canale, ed era la linea di demarcazione tra i sestieri di San Marco e di San Polo, ed \u00e8 uno dei ponti pi\u00f9 famosi del mondo, dal momento che \u00e8 un simbolo di Venezia. Il ... read more\" \/>\n<meta property=\"og:url\" content=\"https:\/\/plumplumcreations.com\/it\/prodotto\/ponte-di-rialto-disegno\/\" \/>\n<meta property=\"og:site_name\" content=\"Plum Plum Creations\" \/>\n<meta property=\"article:publisher\" content=\"https:\/\/www.facebook.com\/plumplumcreations\/\" \/>\n<meta property=\"article:modified_time\" content=\"2018-06-29T10:25:37+00:00\" \/>\n<meta property=\"og:image\" content=\"https:\/\/plumplumcreations.com\/wp-content\/uploads\/2018\/03\/ponte_rialto_quadro-1.jpg\" \/>\n\t<meta property=\"og:image:width\" content=\"2000\" \/>\n\t<meta property=\"og:image:height\" content=\"1335\" \/>\n\t<meta property=\"og:image:type\" content=\"image\/jpeg\" \/>\n<meta name=\"twitter:card\" content=\"summary_large_image\" \/>\n<meta name=\"twitter:site\" content=\"@Plum2Creations\" \/>\n<meta name=\"twitter:label1\" content=\"Tempo di lettura stimato\" \/>\n\t<meta name=\"twitter:data1\" content=\"1 minuto\" \/>\n<script type=\"application\/ld+json\" class=\"yoast-schema-graph\">{\"@context\":\"https:\/\/schema.org\",\"@graph\":[{\"@type\":\"WebPage\",\"@id\":\"https:\/\/plumplumcreations.com\/it\/prodotto\/ponte-di-rialto-disegno\/\",\"url\":\"https:\/\/plumplumcreations.com\/it\/prodotto\/ponte-di-rialto-disegno\/\",\"name\":\"Ponte di Rialto - Disegno - Plum Plum Creations\",\"isPartOf\":{\"@id\":\"https:\/\/plumplumcreations.com\/it\/#website\"},\"primaryImageOfPage\":{\"@id\":\"https:\/\/plumplumcreations.com\/it\/prodotto\/ponte-di-rialto-disegno\/#primaryimage\"},\"image\":{\"@id\":\"https:\/\/plumplumcreations.com\/it\/prodotto\/ponte-di-rialto-disegno\/#primaryimage\"},\"thumbnailUrl\":\"https:\/\/plumplumcreations.com\/wp-content\/uploads\/2018\/03\/ponte_rialto_quadro-1.jpg\",\"datePublished\":\"2018-03-27T13:11:40+00:00\",\"dateModified\":\"2018-06-29T10:25:37+00:00\",\"breadcrumb\":{\"@id\":\"https:\/\/plumplumcreations.com\/it\/prodotto\/ponte-di-rialto-disegno\/#breadcrumb\"},\"inLanguage\":\"it-IT\",\"potentialAction\":[{\"@type\":\"ReadAction\",\"target\":[\"https:\/\/plumplumcreations.com\/it\/prodotto\/ponte-di-rialto-disegno\/\"]}]},{\"@type\":\"ImageObject\",\"inLanguage\":\"it-IT\",\"@id\":\"https:\/\/plumplumcreations.com\/it\/prodotto\/ponte-di-rialto-disegno\/#primaryimage\",\"url\":\"https:\/\/plumplumcreations.com\/wp-content\/uploads\/2018\/03\/ponte_rialto_quadro-1.jpg\",\"contentUrl\":\"https:\/\/plumplumcreations.com\/wp-content\/uploads\/2018\/03\/ponte_rialto_quadro-1.jpg\",\"width\":2000,\"height\":1335},{\"@type\":\"BreadcrumbList\",\"@id\":\"https:\/\/plumplumcreations.com\/it\/prodotto\/ponte-di-rialto-disegno\/#breadcrumb\",\"itemListElement\":[{\"@type\":\"ListItem\",\"position\":1,\"name\":\"Home\",\"item\":\"https:\/\/plumplumcreations.com\/it\/\"},{\"@type\":\"ListItem\",\"position\":2,\"name\":\"Lavori\",\"item\":\"https:\/\/plumplumcreations.com\/it\/lavori\/\"},{\"@type\":\"ListItem\",\"position\":3,\"name\":\"Ponte di Rialto &#8211; Disegno\"}]},{\"@type\":\"WebSite\",\"@id\":\"https:\/\/plumplumcreations.com\/it\/#website\",\"url\":\"https:\/\/plumplumcreations.com\/it\/\",\"name\":\"Plum Plum Creations\",\"description\":\"Art for Crafts'sake\",\"publisher\":{\"@id\":\"https:\/\/plumplumcreations.com\/it\/#organization\"},\"potentialAction\":[{\"@type\":\"SearchAction\",\"target\":{\"@type\":\"EntryPoint\",\"urlTemplate\":\"https:\/\/plumplumcreations.com\/it\/?s={search_term_string}\"},\"query-input\":{\"@type\":\"PropertyValueSpecification\",\"valueRequired\":true,\"valueName\":\"search_term_string\"}}],\"inLanguage\":\"it-IT\"},{\"@type\":\"Organization\",\"@id\":\"https:\/\/plumplumcreations.com\/it\/#organization\",\"name\":\"Plum Plum Creations di Arianna Sautariello\",\"url\":\"https:\/\/plumplumcreations.com\/it\/\",\"logo\":{\"@type\":\"ImageObject\",\"inLanguage\":\"it-IT\",\"@id\":\"https:\/\/plumplumcreations.com\/it\/#\/schema\/logo\/image\/\",\"url\":\"https:\/\/plumplumcreations.com\/wp-content\/uploads\/2017\/05\/logo-1.png\",\"contentUrl\":\"https:\/\/plumplumcreations.com\/wp-content\/uploads\/2017\/05\/logo-1.png\",\"width\":190,\"height\":57,\"caption\":\"Plum Plum Creations di Arianna Sautariello\"},\"image\":{\"@id\":\"https:\/\/plumplumcreations.com\/it\/#\/schema\/logo\/image\/\"},\"sameAs\":[\"https:\/\/www.facebook.com\/plumplumcreations\/\",\"https:\/\/x.com\/Plum2Creations\",\"http:\/\/instagram.com\/plumplumcreations\",\"http:\/\/pinterest.com\/ariautas\",\"https:\/\/www.youtube.com\/channel\/UCVw_esEH4FG7Pd2CNkOViig\"]}]}<\/script>\n<!-- \/ Yoast SEO plugin. -->","yoast_head_json":{"title":"Ponte di Rialto - Disegno - Plum Plum Creations","robots":{"index":"index","follow":"follow","max-snippet":"max-snippet:-1","max-image-preview":"max-image-preview:large","max-video-preview":"max-video-preview:-1"},"canonical":"https:\/\/plumplumcreations.com\/it\/prodotto\/ponte-di-rialto-disegno\/","og_locale":"it_IT","og_type":"article","og_title":"Ponte di Rialto - Disegno - Plum Plum Creations","og_description":"[vc_row][vc_column][vc_column_text]Il\u00a0Ponte di Rialto\u00a0\u00a0\u00e8 uno dei quattro ponti che attraversano il Canal Grande a Venezia. E\u2019 il pi\u00f9 antico ponte sul canale, ed era la linea di demarcazione tra i sestieri di San Marco e di San Polo, ed \u00e8 uno dei ponti pi\u00f9 famosi del mondo, dal momento che \u00e8 un simbolo di Venezia. Il ... read more","og_url":"https:\/\/plumplumcreations.com\/it\/prodotto\/ponte-di-rialto-disegno\/","og_site_name":"Plum Plum Creations","article_publisher":"https:\/\/www.facebook.com\/plumplumcreations\/","article_modified_time":"2018-06-29T10:25:37+00:00","og_image":[{"width":2000,"height":1335,"url":"https:\/\/plumplumcreations.com\/wp-content\/uploads\/2018\/03\/ponte_rialto_quadro-1.jpg","type":"image\/jpeg"}],"twitter_card":"summary_large_image","twitter_site":"@Plum2Creations","twitter_misc":{"Tempo di lettura stimato":"1 minuto"},"schema":{"@context":"https:\/\/schema.org","@graph":[{"@type":"WebPage","@id":"https:\/\/plumplumcreations.com\/it\/prodotto\/ponte-di-rialto-disegno\/","url":"https:\/\/plumplumcreations.com\/it\/prodotto\/ponte-di-rialto-disegno\/","name":"Ponte di Rialto - Disegno - Plum Plum Creations","isPartOf":{"@id":"https:\/\/plumplumcreations.com\/it\/#website"},"primaryImageOfPage":{"@id":"https:\/\/plumplumcreations.com\/it\/prodotto\/ponte-di-rialto-disegno\/#primaryimage"},"image":{"@id":"https:\/\/plumplumcreations.com\/it\/prodotto\/ponte-di-rialto-disegno\/#primaryimage"},"thumbnailUrl":"https:\/\/plumplumcreations.com\/wp-content\/uploads\/2018\/03\/ponte_rialto_quadro-1.jpg","datePublished":"2018-03-27T13:11:40+00:00","dateModified":"2018-06-29T10:25:37+00:00","breadcrumb":{"@id":"https:\/\/plumplumcreations.com\/it\/prodotto\/ponte-di-rialto-disegno\/#breadcrumb"},"inLanguage":"it-IT","potentialAction":[{"@type":"ReadAction","target":["https:\/\/plumplumcreations.com\/it\/prodotto\/ponte-di-rialto-disegno\/"]}]},{"@type":"ImageObject","inLanguage":"it-IT","@id":"https:\/\/plumplumcreations.com\/it\/prodotto\/ponte-di-rialto-disegno\/#primaryimage","url":"https:\/\/plumplumcreations.com\/wp-content\/uploads\/2018\/03\/ponte_rialto_quadro-1.jpg","contentUrl":"https:\/\/plumplumcreations.com\/wp-content\/uploads\/2018\/03\/ponte_rialto_quadro-1.jpg","width":2000,"height":1335},{"@type":"BreadcrumbList","@id":"https:\/\/plumplumcreations.com\/it\/prodotto\/ponte-di-rialto-disegno\/#breadcrumb","itemListElement":[{"@type":"ListItem","position":1,"name":"Home","item":"https:\/\/plumplumcreations.com\/it\/"},{"@type":"ListItem","position":2,"name":"Lavori","item":"https:\/\/plumplumcreations.com\/it\/lavori\/"},{"@type":"ListItem","position":3,"name":"Ponte di Rialto &#8211; Disegno"}]},{"@type":"WebSite","@id":"https:\/\/plumplumcreations.com\/it\/#website","url":"https:\/\/plumplumcreations.com\/it\/","name":"Plum Plum Creations","description":"Art for Crafts'sake","publisher":{"@id":"https:\/\/plumplumcreations.com\/it\/#organization"},"potentialAction":[{"@type":"SearchAction","target":{"@type":"EntryPoint","urlTemplate":"https:\/\/plumplumcreations.com\/it\/?s={search_term_string}"},"query-input":{"@type":"PropertyValueSpecification","valueRequired":true,"valueName":"search_term_string"}}],"inLanguage":"it-IT"},{"@type":"Organization","@id":"https:\/\/plumplumcreations.com\/it\/#organization","name":"Plum Plum Creations di Arianna Sautariello","url":"https:\/\/plumplumcreations.com\/it\/","logo":{"@type":"ImageObject","inLanguage":"it-IT","@id":"https:\/\/plumplumcreations.com\/it\/#\/schema\/logo\/image\/","url":"https:\/\/plumplumcreations.com\/wp-content\/uploads\/2017\/05\/logo-1.png","contentUrl":"https:\/\/plumplumcreations.com\/wp-content\/uploads\/2017\/05\/logo-1.png","width":190,"height":57,"caption":"Plum Plum Creations di Arianna Sautariello"},"image":{"@id":"https:\/\/plumplumcreations.com\/it\/#\/schema\/logo\/image\/"},"sameAs":["https:\/\/www.facebook.com\/plumplumcreations\/","https:\/\/x.com\/Plum2Creations","http:\/\/instagram.com\/plumplumcreations","http:\/\/pinterest.com\/ariautas","https:\/\/www.youtube.com\/channel\/UCVw_esEH4FG7Pd2CNkOViig"]}]}},"_links":{"self":[{"href":"https:\/\/plumplumcreations.com\/it\/wp-json\/wp\/v2\/product\/4549","targetHints":{"allow":["GET"]}}],"collection":[{"href":"https:\/\/plumplumcreations.com\/it\/wp-json\/wp\/v2\/product"}],"about":[{"href":"https:\/\/plumplumcreations.com\/it\/wp-json\/wp\/v2\/types\/product"}],"wp:featuredmedia":[{"embeddable":true,"href":"https:\/\/plumplumcreations.com\/it\/wp-json\/wp\/v2\/media\/4547"}],"wp:attachment":[{"href":"https:\/\/plumplumcreations.com\/it\/wp-json\/wp\/v2\/media?parent=4549"}],"wp:term":[{"taxonomy":"product_brand","embeddable":true,"href":"https:\/\/plumplumcreations.com\/it\/wp-json\/wp\/v2\/product_brand?post=4549"},{"taxonomy":"product_cat","embeddable":true,"href":"https:\/\/plumplumcreations.com\/it\/wp-json\/wp\/v2\/product_cat?post=4549"},{"taxonomy":"product_tag","embeddable":true,"href":"https:\/\/plumplumcreations.com\/it\/wp-json\/wp\/v2\/product_tag?post=4549"}],"curies":[{"name":"wp","href":"https:\/\/api.w.org\/{rel}","templated":true}]}}