{"id":4555,"date":"2018-03-28T11:06:57","date_gmt":"2018-03-28T09:06:57","guid":{"rendered":"https:\/\/plumplumcreations.com\/product\/palazzo-giustinian-disegno\/"},"modified":"2019-02-20T09:27:47","modified_gmt":"2019-02-20T08:27:47","slug":"palazzo-giustinian-disegno","status":"publish","type":"product","link":"https:\/\/plumplumcreations.com\/it\/prodotto\/palazzo-giustinian-disegno\/","title":{"rendered":"Palazzo Giustinian &#8211; Disegno"},"content":{"rendered":"<div class=\"wpb-content-wrapper\"><p>[vc_row][vc_column][vc_column_text]<b>Palazzo Giustinian<\/b> <sup id=\"cite_ref-1\" class=\"reference\"><\/sup> \u00e8 un palazzo di Venezia ubicato nel sestiere di Dorsoduro\u00a0affacciato sul Canal Grande di fianco a Ca\u2019 Foscari; insieme a quest\u2019ultima \u00e8 fra le migliori espressioni del tardo gotico veneziano.<\/p>\n<p>\u00c8 un edificio unitario, nonostante sia pi\u00f9 propriamente formato da due edifici gemelli: il palazzo di destra, che ospita ambienti dell\u2019Universit\u00e0 Ca\u2019 Foscari, \u00e8 conosciuto come <em>Ca\u2019 Giustinian dei Vescovi<\/em>, dal nome del ramo di quella famiglia che vi abitava; l\u2019altro (propriet\u00e0 della nobile famiglia friulana Brandolini D\u2019Adda) come <em>Ca\u2019 Giustinian dalle Zogie<\/em>.<\/p>\n<p>La famiglia Giustinian ha venduto i palazzi nel XIX secolo. Fino ad allora, vi abitarono tra gli altri\u00a0il compositore <strong>Richard Wagner<\/strong>, che tra il 1858 ed il 1859 vi compose il secondo atto del <i>Tristano e Isotta<\/i>, e\u00a0dal 1925 al 1935\u00a0il violinista ungherese <strong>Franz von Vecsey<\/strong>\u00a0 (e si ricorda come i gondolieri portassero i turisti sotto le sue finestre per far ascoltare loro il violinista che suonava).<\/p>\n<p><strong>Disegno<\/strong> a pennarello indelebile fino su carta Fabriano a grana fine con 50% di cotone senza acidi che garantisce l\u2019inalterabilit\u00e0 nel tempo.<br \/>\n<strong>Dimensione<\/strong>: A4 (cm. 29,7\u00d721)<\/p>\n<p><strong>VENDUTO SENZA CORNICE<\/strong>[\/vc_column_text][vc_message]If you like this watercolor and you want to order a new one like this, I can paint it again. There may be slight variations in color, making this a unique, one-of-a-kind piece of art. Please <a href=\"https:\/\/plumplumcreations.com\/contacts\/\">contact me<\/a> if you wish to have this watercolor, thank you.[\/vc_message][\/vc_column][\/vc_row]<\/p>\n<\/div>","protected":false},"excerpt":{"rendered":"<p>[vc_row][vc_column][vc_column_text]Palazzo Giustinian \u00e8 un palazzo di Venezia ubicato nel sestiere di Dorsoduro\u00a0affacciato sul Canal Grande di fianco a Ca\u2019 Foscari; insieme a quest\u2019ultima \u00e8 fra le migliori espressioni del tardo gotico veneziano. \u00c8 un edificio unitario, nonostante sia pi\u00f9 propriamente formato da due edifici gemelli: il palazzo di destra, che ospita ambienti dell\u2019Universit\u00e0 Ca\u2019 Foscari, &#8230;<a class=\"r_more_blog\" href=\"https:\/\/plumplumcreations.com\/it\/prodotto\/palazzo-giustinian-disegno\/#more-4555\"><i class=\"fa fa-sign-in\"><\/i> read more<\/a><\/p>\n","protected":false},"featured_media":4552,"template":"","meta":[],"product_brand":[],"product_cat":[36,691],"product_tag":[638,280,637,636,392,639,640,83],"class_list":{"0":"post-4555","1":"product","2":"type-product","3":"status-publish","4":"has-post-thumbnail","6":"product_cat-dipinti","7":"product_cat-tutti-prodotti","8":"product_tag-ca-foscari-it","9":"product_tag-disegno","10":"product_tag-giustinian-it","11":"product_tag-palazzo-giustinian-it","12":"product_tag-pennarello","13":"product_tag-pennarello-it","14":"product_tag-pennarello-sottile-it","15":"product_tag-venezia","17":"first","18":"outofstock","19":"sold-individually","20":"shipping-taxable","21":"product-type-simple"},"yoast_head":"<!-- This site is optimized with the Yoast SEO plugin v27.2 - https:\/\/yoast.com\/product\/yoast-seo-wordpress\/ -->\n<title>Palazzo Giustinian - Disegno - Plum Plum Creations<\/title>\n<meta name=\"robots\" content=\"index, follow, max-snippet:-1, max-image-preview:large, max-video-preview:-1\" \/>\n<link rel=\"canonical\" href=\"https:\/\/plumplumcreations.com\/it\/prodotto\/palazzo-giustinian-disegno\/\" \/>\n<meta property=\"og:locale\" content=\"it_IT\" \/>\n<meta property=\"og:type\" content=\"article\" \/>\n<meta property=\"og:title\" content=\"Palazzo Giustinian - Disegno - Plum Plum Creations\" \/>\n<meta property=\"og:description\" content=\"[vc_row][vc_column][vc_column_text]Palazzo Giustinian \u00e8 un palazzo di Venezia ubicato nel sestiere di Dorsoduro\u00a0affacciato sul Canal Grande di fianco a Ca\u2019 Foscari; insieme a quest\u2019ultima \u00e8 fra le migliori espressioni del tardo gotico veneziano. \u00c8 un edificio unitario, nonostante sia pi\u00f9 propriamente formato da due edifici gemelli: il palazzo di destra, che ospita ambienti dell\u2019Universit\u00e0 Ca\u2019 Foscari, ... read more\" \/>\n<meta property=\"og:url\" content=\"https:\/\/plumplumcreations.com\/it\/prodotto\/palazzo-giustinian-disegno\/\" \/>\n<meta property=\"og:site_name\" content=\"Plum Plum Creations\" \/>\n<meta property=\"article:publisher\" content=\"https:\/\/www.facebook.com\/plumplumcreations\/\" \/>\n<meta property=\"article:modified_time\" content=\"2019-02-20T08:27:47+00:00\" \/>\n<meta property=\"og:image\" content=\"https:\/\/plumplumcreations.com\/wp-content\/uploads\/2018\/03\/giustinian_cornice.jpg\" \/>\n\t<meta property=\"og:image:width\" content=\"2000\" \/>\n\t<meta property=\"og:image:height\" content=\"1335\" \/>\n\t<meta property=\"og:image:type\" content=\"image\/jpeg\" \/>\n<meta name=\"twitter:card\" content=\"summary_large_image\" \/>\n<meta name=\"twitter:site\" content=\"@Plum2Creations\" \/>\n<meta name=\"twitter:label1\" content=\"Tempo di lettura stimato\" \/>\n\t<meta name=\"twitter:data1\" content=\"1 minuto\" \/>\n<script type=\"application\/ld+json\" class=\"yoast-schema-graph\">{\"@context\":\"https:\/\/schema.org\",\"@graph\":[{\"@type\":\"WebPage\",\"@id\":\"https:\/\/plumplumcreations.com\/it\/prodotto\/palazzo-giustinian-disegno\/\",\"url\":\"https:\/\/plumplumcreations.com\/it\/prodotto\/palazzo-giustinian-disegno\/\",\"name\":\"Palazzo Giustinian - Disegno - Plum Plum Creations\",\"isPartOf\":{\"@id\":\"https:\/\/plumplumcreations.com\/it\/#website\"},\"primaryImageOfPage\":{\"@id\":\"https:\/\/plumplumcreations.com\/it\/prodotto\/palazzo-giustinian-disegno\/#primaryimage\"},\"image\":{\"@id\":\"https:\/\/plumplumcreations.com\/it\/prodotto\/palazzo-giustinian-disegno\/#primaryimage\"},\"thumbnailUrl\":\"https:\/\/plumplumcreations.com\/wp-content\/uploads\/2018\/03\/giustinian_cornice.jpg\",\"datePublished\":\"2018-03-28T09:06:57+00:00\",\"dateModified\":\"2019-02-20T08:27:47+00:00\",\"breadcrumb\":{\"@id\":\"https:\/\/plumplumcreations.com\/it\/prodotto\/palazzo-giustinian-disegno\/#breadcrumb\"},\"inLanguage\":\"it-IT\",\"potentialAction\":[{\"@type\":\"ReadAction\",\"target\":[\"https:\/\/plumplumcreations.com\/it\/prodotto\/palazzo-giustinian-disegno\/\"]}]},{\"@type\":\"ImageObject\",\"inLanguage\":\"it-IT\",\"@id\":\"https:\/\/plumplumcreations.com\/it\/prodotto\/palazzo-giustinian-disegno\/#primaryimage\",\"url\":\"https:\/\/plumplumcreations.com\/wp-content\/uploads\/2018\/03\/giustinian_cornice.jpg\",\"contentUrl\":\"https:\/\/plumplumcreations.com\/wp-content\/uploads\/2018\/03\/giustinian_cornice.jpg\",\"width\":2000,\"height\":1335},{\"@type\":\"BreadcrumbList\",\"@id\":\"https:\/\/plumplumcreations.com\/it\/prodotto\/palazzo-giustinian-disegno\/#breadcrumb\",\"itemListElement\":[{\"@type\":\"ListItem\",\"position\":1,\"name\":\"Home\",\"item\":\"https:\/\/plumplumcreations.com\/it\/\"},{\"@type\":\"ListItem\",\"position\":2,\"name\":\"Lavori\",\"item\":\"https:\/\/plumplumcreations.com\/it\/lavori\/\"},{\"@type\":\"ListItem\",\"position\":3,\"name\":\"Palazzo Giustinian &#8211; Disegno\"}]},{\"@type\":\"WebSite\",\"@id\":\"https:\/\/plumplumcreations.com\/it\/#website\",\"url\":\"https:\/\/plumplumcreations.com\/it\/\",\"name\":\"Plum Plum Creations\",\"description\":\"Art for Crafts'sake\",\"publisher\":{\"@id\":\"https:\/\/plumplumcreations.com\/it\/#organization\"},\"potentialAction\":[{\"@type\":\"SearchAction\",\"target\":{\"@type\":\"EntryPoint\",\"urlTemplate\":\"https:\/\/plumplumcreations.com\/it\/?s={search_term_string}\"},\"query-input\":{\"@type\":\"PropertyValueSpecification\",\"valueRequired\":true,\"valueName\":\"search_term_string\"}}],\"inLanguage\":\"it-IT\"},{\"@type\":\"Organization\",\"@id\":\"https:\/\/plumplumcreations.com\/it\/#organization\",\"name\":\"Plum Plum Creations di Arianna Sautariello\",\"url\":\"https:\/\/plumplumcreations.com\/it\/\",\"logo\":{\"@type\":\"ImageObject\",\"inLanguage\":\"it-IT\",\"@id\":\"https:\/\/plumplumcreations.com\/it\/#\/schema\/logo\/image\/\",\"url\":\"https:\/\/plumplumcreations.com\/wp-content\/uploads\/2017\/05\/logo-1.png\",\"contentUrl\":\"https:\/\/plumplumcreations.com\/wp-content\/uploads\/2017\/05\/logo-1.png\",\"width\":190,\"height\":57,\"caption\":\"Plum Plum Creations di Arianna Sautariello\"},\"image\":{\"@id\":\"https:\/\/plumplumcreations.com\/it\/#\/schema\/logo\/image\/\"},\"sameAs\":[\"https:\/\/www.facebook.com\/plumplumcreations\/\",\"https:\/\/x.com\/Plum2Creations\",\"http:\/\/instagram.com\/plumplumcreations\",\"http:\/\/pinterest.com\/ariautas\",\"https:\/\/www.youtube.com\/channel\/UCVw_esEH4FG7Pd2CNkOViig\"]}]}<\/script>\n<!-- \/ Yoast SEO plugin. -->","yoast_head_json":{"title":"Palazzo Giustinian - Disegno - Plum Plum Creations","robots":{"index":"index","follow":"follow","max-snippet":"max-snippet:-1","max-image-preview":"max-image-preview:large","max-video-preview":"max-video-preview:-1"},"canonical":"https:\/\/plumplumcreations.com\/it\/prodotto\/palazzo-giustinian-disegno\/","og_locale":"it_IT","og_type":"article","og_title":"Palazzo Giustinian - Disegno - Plum Plum Creations","og_description":"[vc_row][vc_column][vc_column_text]Palazzo Giustinian \u00e8 un palazzo di Venezia ubicato nel sestiere di Dorsoduro\u00a0affacciato sul Canal Grande di fianco a Ca\u2019 Foscari; insieme a quest\u2019ultima \u00e8 fra le migliori espressioni del tardo gotico veneziano. \u00c8 un edificio unitario, nonostante sia pi\u00f9 propriamente formato da due edifici gemelli: il palazzo di destra, che ospita ambienti dell\u2019Universit\u00e0 Ca\u2019 Foscari, ... read more","og_url":"https:\/\/plumplumcreations.com\/it\/prodotto\/palazzo-giustinian-disegno\/","og_site_name":"Plum Plum Creations","article_publisher":"https:\/\/www.facebook.com\/plumplumcreations\/","article_modified_time":"2019-02-20T08:27:47+00:00","og_image":[{"width":2000,"height":1335,"url":"https:\/\/plumplumcreations.com\/wp-content\/uploads\/2018\/03\/giustinian_cornice.jpg","type":"image\/jpeg"}],"twitter_card":"summary_large_image","twitter_site":"@Plum2Creations","twitter_misc":{"Tempo di lettura stimato":"1 minuto"},"schema":{"@context":"https:\/\/schema.org","@graph":[{"@type":"WebPage","@id":"https:\/\/plumplumcreations.com\/it\/prodotto\/palazzo-giustinian-disegno\/","url":"https:\/\/plumplumcreations.com\/it\/prodotto\/palazzo-giustinian-disegno\/","name":"Palazzo Giustinian - Disegno - Plum Plum Creations","isPartOf":{"@id":"https:\/\/plumplumcreations.com\/it\/#website"},"primaryImageOfPage":{"@id":"https:\/\/plumplumcreations.com\/it\/prodotto\/palazzo-giustinian-disegno\/#primaryimage"},"image":{"@id":"https:\/\/plumplumcreations.com\/it\/prodotto\/palazzo-giustinian-disegno\/#primaryimage"},"thumbnailUrl":"https:\/\/plumplumcreations.com\/wp-content\/uploads\/2018\/03\/giustinian_cornice.jpg","datePublished":"2018-03-28T09:06:57+00:00","dateModified":"2019-02-20T08:27:47+00:00","breadcrumb":{"@id":"https:\/\/plumplumcreations.com\/it\/prodotto\/palazzo-giustinian-disegno\/#breadcrumb"},"inLanguage":"it-IT","potentialAction":[{"@type":"ReadAction","target":["https:\/\/plumplumcreations.com\/it\/prodotto\/palazzo-giustinian-disegno\/"]}]},{"@type":"ImageObject","inLanguage":"it-IT","@id":"https:\/\/plumplumcreations.com\/it\/prodotto\/palazzo-giustinian-disegno\/#primaryimage","url":"https:\/\/plumplumcreations.com\/wp-content\/uploads\/2018\/03\/giustinian_cornice.jpg","contentUrl":"https:\/\/plumplumcreations.com\/wp-content\/uploads\/2018\/03\/giustinian_cornice.jpg","width":2000,"height":1335},{"@type":"BreadcrumbList","@id":"https:\/\/plumplumcreations.com\/it\/prodotto\/palazzo-giustinian-disegno\/#breadcrumb","itemListElement":[{"@type":"ListItem","position":1,"name":"Home","item":"https:\/\/plumplumcreations.com\/it\/"},{"@type":"ListItem","position":2,"name":"Lavori","item":"https:\/\/plumplumcreations.com\/it\/lavori\/"},{"@type":"ListItem","position":3,"name":"Palazzo Giustinian &#8211; Disegno"}]},{"@type":"WebSite","@id":"https:\/\/plumplumcreations.com\/it\/#website","url":"https:\/\/plumplumcreations.com\/it\/","name":"Plum Plum Creations","description":"Art for Crafts'sake","publisher":{"@id":"https:\/\/plumplumcreations.com\/it\/#organization"},"potentialAction":[{"@type":"SearchAction","target":{"@type":"EntryPoint","urlTemplate":"https:\/\/plumplumcreations.com\/it\/?s={search_term_string}"},"query-input":{"@type":"PropertyValueSpecification","valueRequired":true,"valueName":"search_term_string"}}],"inLanguage":"it-IT"},{"@type":"Organization","@id":"https:\/\/plumplumcreations.com\/it\/#organization","name":"Plum Plum Creations di Arianna Sautariello","url":"https:\/\/plumplumcreations.com\/it\/","logo":{"@type":"ImageObject","inLanguage":"it-IT","@id":"https:\/\/plumplumcreations.com\/it\/#\/schema\/logo\/image\/","url":"https:\/\/plumplumcreations.com\/wp-content\/uploads\/2017\/05\/logo-1.png","contentUrl":"https:\/\/plumplumcreations.com\/wp-content\/uploads\/2017\/05\/logo-1.png","width":190,"height":57,"caption":"Plum Plum Creations di Arianna Sautariello"},"image":{"@id":"https:\/\/plumplumcreations.com\/it\/#\/schema\/logo\/image\/"},"sameAs":["https:\/\/www.facebook.com\/plumplumcreations\/","https:\/\/x.com\/Plum2Creations","http:\/\/instagram.com\/plumplumcreations","http:\/\/pinterest.com\/ariautas","https:\/\/www.youtube.com\/channel\/UCVw_esEH4FG7Pd2CNkOViig"]}]}},"_links":{"self":[{"href":"https:\/\/plumplumcreations.com\/it\/wp-json\/wp\/v2\/product\/4555","targetHints":{"allow":["GET"]}}],"collection":[{"href":"https:\/\/plumplumcreations.com\/it\/wp-json\/wp\/v2\/product"}],"about":[{"href":"https:\/\/plumplumcreations.com\/it\/wp-json\/wp\/v2\/types\/product"}],"wp:featuredmedia":[{"embeddable":true,"href":"https:\/\/plumplumcreations.com\/it\/wp-json\/wp\/v2\/media\/4552"}],"wp:attachment":[{"href":"https:\/\/plumplumcreations.com\/it\/wp-json\/wp\/v2\/media?parent=4555"}],"wp:term":[{"taxonomy":"product_brand","embeddable":true,"href":"https:\/\/plumplumcreations.com\/it\/wp-json\/wp\/v2\/product_brand?post=4555"},{"taxonomy":"product_cat","embeddable":true,"href":"https:\/\/plumplumcreations.com\/it\/wp-json\/wp\/v2\/product_cat?post=4555"},{"taxonomy":"product_tag","embeddable":true,"href":"https:\/\/plumplumcreations.com\/it\/wp-json\/wp\/v2\/product_tag?post=4555"}],"curies":[{"name":"wp","href":"https:\/\/api.w.org\/{rel}","templated":true}]}}