{"id":4566,"date":"2018-04-14T14:58:56","date_gmt":"2018-04-14T13:06:05","guid":{"rendered":"https:\/\/plumplumcreations.com\/?post_type=product&#038;p=4566"},"modified":"2018-04-30T12:35:47","modified_gmt":"2018-04-30T10:35:47","slug":"fontego-dei-turchi-acquerello","status":"publish","type":"product","link":"https:\/\/plumplumcreations.com\/it\/prodotto\/fontego-dei-turchi-acquerello\/","title":{"rendered":"Fontego dei Turchi acquerello"},"content":{"rendered":"<p>Il <strong>Fontego dei Turchi<\/strong> fu costruito come palazzo per la famiglia Pesaro nel XIII\u00b0 secolo.<\/p>\n<p>La sua doppia loggia in stile veneziano-bizantino mostra lo scopo per cui l&#8217;edificio \u00e8 stato creato: un deposito commerciale per merci provenienti dall&#8217;Est.<\/p>\n<p>Nel 1381 l&#8217;edificio fu dato a Nicol\u00f2 d&#8217;Este, signore di Ferrara, e poi (nel 1621) &#8211; dopo essere passato pi\u00f9 volte di mano &#8211; divenne il <strong>Fontego per i mercanti turchi<\/strong> della citt\u00e0. Dal 1865 in poi sub\u00ec ampi lavori di restauro. Successivamente ospit\u00f2 il Museo Correr e in seguito, dal 1923, il Museo di Storia Naturale.<br \/>\n(fonte <a href=\"http:\/\/msn.visitmuve.it\/it\/il-museo\/la-sede-e-la-storia\/cenni-architettonici\/\">MUVE<\/a>)<\/p>\n<p><strong>Tecnica utilizzata<\/strong>: disegno a pennarello nero sottile colorato con acquerelli\u00a0su carta artistico Fabriano da 300 gr.<br \/>\n<strong>Misura<\/strong>: cm. 35&#215;25<\/p>\n<p><strong>VENDUTO SENZA CORNICE<\/strong><\/p>\n","protected":false},"excerpt":{"rendered":"<p>Il Fontego dei Turchi fu costruito come palazzo per la famiglia Pesaro nel XIII\u00b0 secolo. La sua doppia loggia in stile veneziano-bizantino mostra lo scopo per cui l&#8217;edificio \u00e8 stato creato: un deposito commerciale per merci provenienti dall&#8217;Est. Nel 1381 l&#8217;edificio fu dato a Nicol\u00f2 d&#8217;Este, signore di Ferrara, e poi (nel 1621) &#8211; dopo &#8230;<a class=\"r_more_blog\" href=\"https:\/\/plumplumcreations.com\/it\/prodotto\/fontego-dei-turchi-acquerello\/#more-4566\"><i class=\"fa fa-sign-in\"><\/i> read more<\/a><\/p>\n","protected":false},"featured_media":4563,"template":"","meta":[],"product_brand":[],"product_cat":[36,691],"product_tag":[272,289,653,654,648,651,652,649,650],"class_list":{"0":"post-4566","1":"product","2":"type-product","3":"status-publish","4":"has-post-thumbnail","6":"product_cat-dipinti","7":"product_cat-tutti-prodotti","8":"product_tag-acquerello","9":"product_tag-dipinto","10":"product_tag-famiglia-pesaro","11":"product_tag-fontego-it","12":"product_tag-fontego-dei-turchi-it","13":"product_tag-mercanti-turchi","14":"product_tag-pesaro-it","15":"product_tag-turchi-it","16":"product_tag-turchi-it-2","18":"first","19":"outofstock","20":"sold-individually","21":"shipping-taxable","22":"product-type-simple"},"yoast_head":"<!-- This site is optimized with the Yoast SEO plugin v27.2 - https:\/\/yoast.com\/product\/yoast-seo-wordpress\/ -->\n<title>Fontego dei Turchi acquerello - Plum Plum Creations<\/title>\n<meta name=\"description\" content=\"Il Fontego dei Turchi fu costruito come palazzo per la famiglia Pesaro nel XIII\u00b0 secolo. La sua doppia loggia in stile veneziano-bizantino mostra lo scopo per cui l&#039;edificio \u00e8 stato creato: un deposito commerciale per merci provenienti dall&#039;Est.\" \/>\n<meta name=\"robots\" content=\"index, follow, max-snippet:-1, max-image-preview:large, max-video-preview:-1\" \/>\n<link rel=\"canonical\" href=\"https:\/\/plumplumcreations.com\/it\/prodotto\/fontego-dei-turchi-acquerello\/\" \/>\n<meta property=\"og:locale\" content=\"it_IT\" \/>\n<meta property=\"og:type\" content=\"article\" \/>\n<meta property=\"og:title\" content=\"Fontego dei Turchi acquerello - Plum Plum Creations\" \/>\n<meta property=\"og:description\" content=\"Il Fontego dei Turchi fu costruito come palazzo per la famiglia Pesaro nel XIII\u00b0 secolo. La sua doppia loggia in stile veneziano-bizantino mostra lo scopo per cui l&#039;edificio \u00e8 stato creato: un deposito commerciale per merci provenienti dall&#039;Est.\" \/>\n<meta property=\"og:url\" content=\"https:\/\/plumplumcreations.com\/it\/prodotto\/fontego-dei-turchi-acquerello\/\" \/>\n<meta property=\"og:site_name\" content=\"Plum Plum Creations\" \/>\n<meta property=\"article:publisher\" content=\"https:\/\/www.facebook.com\/plumplumcreations\/\" \/>\n<meta property=\"article:modified_time\" content=\"2018-04-30T10:35:47+00:00\" \/>\n<meta property=\"og:image\" content=\"https:\/\/plumplumcreations.com\/wp-content\/uploads\/2018\/04\/fontego_01.jpg\" \/>\n\t<meta property=\"og:image:width\" content=\"2000\" \/>\n\t<meta property=\"og:image:height\" content=\"1335\" \/>\n\t<meta property=\"og:image:type\" content=\"image\/jpeg\" \/>\n<meta name=\"twitter:card\" content=\"summary_large_image\" \/>\n<meta name=\"twitter:site\" content=\"@Plum2Creations\" \/>\n<meta name=\"twitter:label1\" content=\"Tempo di lettura stimato\" \/>\n\t<meta name=\"twitter:data1\" content=\"1 minuto\" \/>\n<script type=\"application\/ld+json\" class=\"yoast-schema-graph\">{\"@context\":\"https:\/\/schema.org\",\"@graph\":[{\"@type\":\"WebPage\",\"@id\":\"https:\/\/plumplumcreations.com\/it\/prodotto\/fontego-dei-turchi-acquerello\/\",\"url\":\"https:\/\/plumplumcreations.com\/it\/prodotto\/fontego-dei-turchi-acquerello\/\",\"name\":\"Fontego dei Turchi acquerello - Plum Plum Creations\",\"isPartOf\":{\"@id\":\"https:\/\/plumplumcreations.com\/it\/#website\"},\"primaryImageOfPage\":{\"@id\":\"https:\/\/plumplumcreations.com\/it\/prodotto\/fontego-dei-turchi-acquerello\/#primaryimage\"},\"image\":{\"@id\":\"https:\/\/plumplumcreations.com\/it\/prodotto\/fontego-dei-turchi-acquerello\/#primaryimage\"},\"thumbnailUrl\":\"https:\/\/plumplumcreations.com\/wp-content\/uploads\/2018\/04\/fontego_01.jpg\",\"datePublished\":\"2018-04-14T13:06:05+00:00\",\"dateModified\":\"2018-04-30T10:35:47+00:00\",\"description\":\"Il Fontego dei Turchi fu costruito come palazzo per la famiglia Pesaro nel XIII\u00b0 secolo. La sua doppia loggia in stile veneziano-bizantino mostra lo scopo per cui l'edificio \u00e8 stato creato: un deposito commerciale per merci provenienti dall'Est.\",\"breadcrumb\":{\"@id\":\"https:\/\/plumplumcreations.com\/it\/prodotto\/fontego-dei-turchi-acquerello\/#breadcrumb\"},\"inLanguage\":\"it-IT\",\"potentialAction\":[{\"@type\":\"ReadAction\",\"target\":[\"https:\/\/plumplumcreations.com\/it\/prodotto\/fontego-dei-turchi-acquerello\/\"]}]},{\"@type\":\"ImageObject\",\"inLanguage\":\"it-IT\",\"@id\":\"https:\/\/plumplumcreations.com\/it\/prodotto\/fontego-dei-turchi-acquerello\/#primaryimage\",\"url\":\"https:\/\/plumplumcreations.com\/wp-content\/uploads\/2018\/04\/fontego_01.jpg\",\"contentUrl\":\"https:\/\/plumplumcreations.com\/wp-content\/uploads\/2018\/04\/fontego_01.jpg\",\"width\":2000,\"height\":1335},{\"@type\":\"BreadcrumbList\",\"@id\":\"https:\/\/plumplumcreations.com\/it\/prodotto\/fontego-dei-turchi-acquerello\/#breadcrumb\",\"itemListElement\":[{\"@type\":\"ListItem\",\"position\":1,\"name\":\"Home\",\"item\":\"https:\/\/plumplumcreations.com\/it\/\"},{\"@type\":\"ListItem\",\"position\":2,\"name\":\"Lavori\",\"item\":\"https:\/\/plumplumcreations.com\/it\/lavori\/\"},{\"@type\":\"ListItem\",\"position\":3,\"name\":\"Fontego dei Turchi acquerello\"}]},{\"@type\":\"WebSite\",\"@id\":\"https:\/\/plumplumcreations.com\/it\/#website\",\"url\":\"https:\/\/plumplumcreations.com\/it\/\",\"name\":\"Plum Plum Creations\",\"description\":\"Art for Crafts'sake\",\"publisher\":{\"@id\":\"https:\/\/plumplumcreations.com\/it\/#organization\"},\"potentialAction\":[{\"@type\":\"SearchAction\",\"target\":{\"@type\":\"EntryPoint\",\"urlTemplate\":\"https:\/\/plumplumcreations.com\/it\/?s={search_term_string}\"},\"query-input\":{\"@type\":\"PropertyValueSpecification\",\"valueRequired\":true,\"valueName\":\"search_term_string\"}}],\"inLanguage\":\"it-IT\"},{\"@type\":\"Organization\",\"@id\":\"https:\/\/plumplumcreations.com\/it\/#organization\",\"name\":\"Plum Plum Creations di Arianna Sautariello\",\"url\":\"https:\/\/plumplumcreations.com\/it\/\",\"logo\":{\"@type\":\"ImageObject\",\"inLanguage\":\"it-IT\",\"@id\":\"https:\/\/plumplumcreations.com\/it\/#\/schema\/logo\/image\/\",\"url\":\"https:\/\/plumplumcreations.com\/wp-content\/uploads\/2017\/05\/logo-1.png\",\"contentUrl\":\"https:\/\/plumplumcreations.com\/wp-content\/uploads\/2017\/05\/logo-1.png\",\"width\":190,\"height\":57,\"caption\":\"Plum Plum Creations di Arianna Sautariello\"},\"image\":{\"@id\":\"https:\/\/plumplumcreations.com\/it\/#\/schema\/logo\/image\/\"},\"sameAs\":[\"https:\/\/www.facebook.com\/plumplumcreations\/\",\"https:\/\/x.com\/Plum2Creations\",\"http:\/\/instagram.com\/plumplumcreations\",\"http:\/\/pinterest.com\/ariautas\",\"https:\/\/www.youtube.com\/channel\/UCVw_esEH4FG7Pd2CNkOViig\"]}]}<\/script>\n<!-- \/ Yoast SEO plugin. -->","yoast_head_json":{"title":"Fontego dei Turchi acquerello - Plum Plum Creations","description":"Il Fontego dei Turchi fu costruito come palazzo per la famiglia Pesaro nel XIII\u00b0 secolo. La sua doppia loggia in stile veneziano-bizantino mostra lo scopo per cui l'edificio \u00e8 stato creato: un deposito commerciale per merci provenienti dall'Est.","robots":{"index":"index","follow":"follow","max-snippet":"max-snippet:-1","max-image-preview":"max-image-preview:large","max-video-preview":"max-video-preview:-1"},"canonical":"https:\/\/plumplumcreations.com\/it\/prodotto\/fontego-dei-turchi-acquerello\/","og_locale":"it_IT","og_type":"article","og_title":"Fontego dei Turchi acquerello - Plum Plum Creations","og_description":"Il Fontego dei Turchi fu costruito come palazzo per la famiglia Pesaro nel XIII\u00b0 secolo. La sua doppia loggia in stile veneziano-bizantino mostra lo scopo per cui l'edificio \u00e8 stato creato: un deposito commerciale per merci provenienti dall'Est.","og_url":"https:\/\/plumplumcreations.com\/it\/prodotto\/fontego-dei-turchi-acquerello\/","og_site_name":"Plum Plum Creations","article_publisher":"https:\/\/www.facebook.com\/plumplumcreations\/","article_modified_time":"2018-04-30T10:35:47+00:00","og_image":[{"width":2000,"height":1335,"url":"https:\/\/plumplumcreations.com\/wp-content\/uploads\/2018\/04\/fontego_01.jpg","type":"image\/jpeg"}],"twitter_card":"summary_large_image","twitter_site":"@Plum2Creations","twitter_misc":{"Tempo di lettura stimato":"1 minuto"},"schema":{"@context":"https:\/\/schema.org","@graph":[{"@type":"WebPage","@id":"https:\/\/plumplumcreations.com\/it\/prodotto\/fontego-dei-turchi-acquerello\/","url":"https:\/\/plumplumcreations.com\/it\/prodotto\/fontego-dei-turchi-acquerello\/","name":"Fontego dei Turchi acquerello - Plum Plum Creations","isPartOf":{"@id":"https:\/\/plumplumcreations.com\/it\/#website"},"primaryImageOfPage":{"@id":"https:\/\/plumplumcreations.com\/it\/prodotto\/fontego-dei-turchi-acquerello\/#primaryimage"},"image":{"@id":"https:\/\/plumplumcreations.com\/it\/prodotto\/fontego-dei-turchi-acquerello\/#primaryimage"},"thumbnailUrl":"https:\/\/plumplumcreations.com\/wp-content\/uploads\/2018\/04\/fontego_01.jpg","datePublished":"2018-04-14T13:06:05+00:00","dateModified":"2018-04-30T10:35:47+00:00","description":"Il Fontego dei Turchi fu costruito come palazzo per la famiglia Pesaro nel XIII\u00b0 secolo. La sua doppia loggia in stile veneziano-bizantino mostra lo scopo per cui l'edificio \u00e8 stato creato: un deposito commerciale per merci provenienti dall'Est.","breadcrumb":{"@id":"https:\/\/plumplumcreations.com\/it\/prodotto\/fontego-dei-turchi-acquerello\/#breadcrumb"},"inLanguage":"it-IT","potentialAction":[{"@type":"ReadAction","target":["https:\/\/plumplumcreations.com\/it\/prodotto\/fontego-dei-turchi-acquerello\/"]}]},{"@type":"ImageObject","inLanguage":"it-IT","@id":"https:\/\/plumplumcreations.com\/it\/prodotto\/fontego-dei-turchi-acquerello\/#primaryimage","url":"https:\/\/plumplumcreations.com\/wp-content\/uploads\/2018\/04\/fontego_01.jpg","contentUrl":"https:\/\/plumplumcreations.com\/wp-content\/uploads\/2018\/04\/fontego_01.jpg","width":2000,"height":1335},{"@type":"BreadcrumbList","@id":"https:\/\/plumplumcreations.com\/it\/prodotto\/fontego-dei-turchi-acquerello\/#breadcrumb","itemListElement":[{"@type":"ListItem","position":1,"name":"Home","item":"https:\/\/plumplumcreations.com\/it\/"},{"@type":"ListItem","position":2,"name":"Lavori","item":"https:\/\/plumplumcreations.com\/it\/lavori\/"},{"@type":"ListItem","position":3,"name":"Fontego dei Turchi acquerello"}]},{"@type":"WebSite","@id":"https:\/\/plumplumcreations.com\/it\/#website","url":"https:\/\/plumplumcreations.com\/it\/","name":"Plum Plum Creations","description":"Art for Crafts'sake","publisher":{"@id":"https:\/\/plumplumcreations.com\/it\/#organization"},"potentialAction":[{"@type":"SearchAction","target":{"@type":"EntryPoint","urlTemplate":"https:\/\/plumplumcreations.com\/it\/?s={search_term_string}"},"query-input":{"@type":"PropertyValueSpecification","valueRequired":true,"valueName":"search_term_string"}}],"inLanguage":"it-IT"},{"@type":"Organization","@id":"https:\/\/plumplumcreations.com\/it\/#organization","name":"Plum Plum Creations di Arianna Sautariello","url":"https:\/\/plumplumcreations.com\/it\/","logo":{"@type":"ImageObject","inLanguage":"it-IT","@id":"https:\/\/plumplumcreations.com\/it\/#\/schema\/logo\/image\/","url":"https:\/\/plumplumcreations.com\/wp-content\/uploads\/2017\/05\/logo-1.png","contentUrl":"https:\/\/plumplumcreations.com\/wp-content\/uploads\/2017\/05\/logo-1.png","width":190,"height":57,"caption":"Plum Plum Creations di Arianna Sautariello"},"image":{"@id":"https:\/\/plumplumcreations.com\/it\/#\/schema\/logo\/image\/"},"sameAs":["https:\/\/www.facebook.com\/plumplumcreations\/","https:\/\/x.com\/Plum2Creations","http:\/\/instagram.com\/plumplumcreations","http:\/\/pinterest.com\/ariautas","https:\/\/www.youtube.com\/channel\/UCVw_esEH4FG7Pd2CNkOViig"]}]}},"_links":{"self":[{"href":"https:\/\/plumplumcreations.com\/it\/wp-json\/wp\/v2\/product\/4566","targetHints":{"allow":["GET"]}}],"collection":[{"href":"https:\/\/plumplumcreations.com\/it\/wp-json\/wp\/v2\/product"}],"about":[{"href":"https:\/\/plumplumcreations.com\/it\/wp-json\/wp\/v2\/types\/product"}],"wp:featuredmedia":[{"embeddable":true,"href":"https:\/\/plumplumcreations.com\/it\/wp-json\/wp\/v2\/media\/4563"}],"wp:attachment":[{"href":"https:\/\/plumplumcreations.com\/it\/wp-json\/wp\/v2\/media?parent=4566"}],"wp:term":[{"taxonomy":"product_brand","embeddable":true,"href":"https:\/\/plumplumcreations.com\/it\/wp-json\/wp\/v2\/product_brand?post=4566"},{"taxonomy":"product_cat","embeddable":true,"href":"https:\/\/plumplumcreations.com\/it\/wp-json\/wp\/v2\/product_cat?post=4566"},{"taxonomy":"product_tag","embeddable":true,"href":"https:\/\/plumplumcreations.com\/it\/wp-json\/wp\/v2\/product_tag?post=4566"}],"curies":[{"name":"wp","href":"https:\/\/api.w.org\/{rel}","templated":true}]}}