{"id":4959,"date":"2018-06-29T15:34:45","date_gmt":"2018-06-29T13:34:45","guid":{"rendered":"https:\/\/plumplumcreations.com\/product\/fontego-dei-turchi-riproduzione\/"},"modified":"2020-05-26T00:00:19","modified_gmt":"2020-05-25T22:00:19","slug":"fontego-dei-turchi-riproduzione","status":"publish","type":"product","link":"https:\/\/plumplumcreations.com\/it\/prodotto\/fontego-dei-turchi-riproduzione\/","title":{"rendered":"Fontego dei Turchi &#8211; Riproduzione"},"content":{"rendered":"<div class=\"wpb-content-wrapper\"><p>[vc_row][vc_column][vc_column_text]Il <strong>Fontego dei Turchi<\/strong> fu costruito come palazzo per la famiglia Pesaro nel XIII\u00b0 secolo.<\/p>\n<p>La sua doppia loggia in stile veneziano-bizantino mostra lo scopo per cui l\u2019edificio \u00e8 stato creato: un deposito commerciale per merci provenienti dall\u2019Est.<\/p>\n<p>Nel 1381 l\u2019edificio fu dato a Nicol\u00f2 d\u2019Este, signore di Ferrara, e poi (nel 1621) \u2013 dopo essere passato pi\u00f9 volte di mano \u2013 divenne il <strong>Fontego per i mercanti turchi<\/strong> della citt\u00e0. Dal 1865 in poi sub\u00ec ampi lavori di restauro. Successivamente ospit\u00f2 il Museo Correr e in seguito, dal 1923, il Museo di Storia Naturale.<br \/>\n(fonte <a href=\"http:\/\/msn.visitmuve.it\/it\/il-museo\/la-sede-e-la-storia\/cenni-architettonici\/\">MUVE<\/a>)<\/p>\n<p><b>Riproduzione<\/b>\u00a0stampata\u00a0su carta martellata avorio\u00a0Modigliani\u00a0da\u00a0260 gr.<\/p>\n<p>Dimensione carta:\u00a0cm.\u00a035\u00d725<\/p>\n<p><strong>VENDUTO SENZA CORNICE<\/strong>[\/vc_column_text][\/vc_column][\/vc_row]<\/p>\n<\/div>","protected":false},"excerpt":{"rendered":"<p>[vc_row][vc_column][vc_column_text]Il Fontego dei Turchi fu costruito come palazzo per la famiglia Pesaro nel XIII\u00b0 secolo. La sua doppia loggia in stile veneziano-bizantino mostra lo scopo per cui l\u2019edificio \u00e8 stato creato: un deposito commerciale per merci provenienti dall\u2019Est. Nel 1381 l\u2019edificio fu dato a Nicol\u00f2 d\u2019Este, signore di Ferrara, e poi (nel 1621) \u2013 dopo &#8230;<a class=\"r_more_blog\" href=\"https:\/\/plumplumcreations.com\/it\/prodotto\/fontego-dei-turchi-riproduzione\/#more-4959\"><i class=\"fa fa-sign-in\"><\/i> read more<\/a><\/p>\n","protected":false},"featured_media":4958,"template":"","meta":[],"product_brand":[],"product_cat":[37,691],"product_tag":[653,654,648,651,652,406,649,650],"class_list":{"0":"post-4959","1":"product","2":"type-product","3":"status-publish","4":"has-post-thumbnail","6":"product_cat-riproduzioni","7":"product_cat-tutti-prodotti","8":"product_tag-famiglia-pesaro","9":"product_tag-fontego-it","10":"product_tag-fontego-dei-turchi-it","11":"product_tag-mercanti-turchi","12":"product_tag-pesaro-it","13":"product_tag-riproduzione","14":"product_tag-turchi-it","15":"product_tag-turchi-it-2","17":"first","18":"instock","19":"shipping-taxable","20":"purchasable","21":"product-type-simple"},"yoast_head":"<!-- This site is optimized with the Yoast SEO plugin v27.2 - https:\/\/yoast.com\/product\/yoast-seo-wordpress\/ -->\n<title>Fontego dei Turchi - Riproduzione - Plum Plum Creations<\/title>\n<meta name=\"robots\" content=\"index, follow, max-snippet:-1, max-image-preview:large, max-video-preview:-1\" \/>\n<link rel=\"canonical\" href=\"https:\/\/plumplumcreations.com\/it\/prodotto\/fontego-dei-turchi-riproduzione\/\" \/>\n<meta property=\"og:locale\" content=\"it_IT\" \/>\n<meta property=\"og:type\" content=\"article\" \/>\n<meta property=\"og:title\" content=\"Fontego dei Turchi - Riproduzione - Plum Plum Creations\" \/>\n<meta property=\"og:description\" content=\"[vc_row][vc_column][vc_column_text]Il Fontego dei Turchi fu costruito come palazzo per la famiglia Pesaro nel XIII\u00b0 secolo. La sua doppia loggia in stile veneziano-bizantino mostra lo scopo per cui l\u2019edificio \u00e8 stato creato: un deposito commerciale per merci provenienti dall\u2019Est. Nel 1381 l\u2019edificio fu dato a Nicol\u00f2 d\u2019Este, signore di Ferrara, e poi (nel 1621) \u2013 dopo ... read more\" \/>\n<meta property=\"og:url\" content=\"https:\/\/plumplumcreations.com\/it\/prodotto\/fontego-dei-turchi-riproduzione\/\" \/>\n<meta property=\"og:site_name\" content=\"Plum Plum Creations\" \/>\n<meta property=\"article:publisher\" content=\"https:\/\/www.facebook.com\/plumplumcreations\/\" \/>\n<meta property=\"article:modified_time\" content=\"2020-05-25T22:00:19+00:00\" \/>\n<meta property=\"og:image\" content=\"https:\/\/plumplumcreations.com\/wp-content\/uploads\/2018\/06\/fontego_riproduzione.jpg\" \/>\n\t<meta property=\"og:image:width\" content=\"2000\" \/>\n\t<meta property=\"og:image:height\" content=\"1335\" \/>\n\t<meta property=\"og:image:type\" content=\"image\/jpeg\" \/>\n<meta name=\"twitter:card\" content=\"summary_large_image\" \/>\n<meta name=\"twitter:site\" content=\"@Plum2Creations\" \/>\n<meta name=\"twitter:label1\" content=\"Tempo di lettura stimato\" \/>\n\t<meta name=\"twitter:data1\" content=\"1 minuto\" \/>\n<script type=\"application\/ld+json\" class=\"yoast-schema-graph\">{\"@context\":\"https:\/\/schema.org\",\"@graph\":[{\"@type\":\"WebPage\",\"@id\":\"https:\/\/plumplumcreations.com\/it\/prodotto\/fontego-dei-turchi-riproduzione\/\",\"url\":\"https:\/\/plumplumcreations.com\/it\/prodotto\/fontego-dei-turchi-riproduzione\/\",\"name\":\"Fontego dei Turchi - Riproduzione - Plum Plum Creations\",\"isPartOf\":{\"@id\":\"https:\/\/plumplumcreations.com\/it\/#website\"},\"primaryImageOfPage\":{\"@id\":\"https:\/\/plumplumcreations.com\/it\/prodotto\/fontego-dei-turchi-riproduzione\/#primaryimage\"},\"image\":{\"@id\":\"https:\/\/plumplumcreations.com\/it\/prodotto\/fontego-dei-turchi-riproduzione\/#primaryimage\"},\"thumbnailUrl\":\"https:\/\/plumplumcreations.com\/wp-content\/uploads\/2018\/06\/fontego_riproduzione.jpg\",\"datePublished\":\"2018-06-29T13:34:45+00:00\",\"dateModified\":\"2020-05-25T22:00:19+00:00\",\"breadcrumb\":{\"@id\":\"https:\/\/plumplumcreations.com\/it\/prodotto\/fontego-dei-turchi-riproduzione\/#breadcrumb\"},\"inLanguage\":\"it-IT\",\"potentialAction\":[{\"@type\":\"ReadAction\",\"target\":[\"https:\/\/plumplumcreations.com\/it\/prodotto\/fontego-dei-turchi-riproduzione\/\"]}]},{\"@type\":\"ImageObject\",\"inLanguage\":\"it-IT\",\"@id\":\"https:\/\/plumplumcreations.com\/it\/prodotto\/fontego-dei-turchi-riproduzione\/#primaryimage\",\"url\":\"https:\/\/plumplumcreations.com\/wp-content\/uploads\/2018\/06\/fontego_riproduzione.jpg\",\"contentUrl\":\"https:\/\/plumplumcreations.com\/wp-content\/uploads\/2018\/06\/fontego_riproduzione.jpg\",\"width\":2000,\"height\":1335},{\"@type\":\"BreadcrumbList\",\"@id\":\"https:\/\/plumplumcreations.com\/it\/prodotto\/fontego-dei-turchi-riproduzione\/#breadcrumb\",\"itemListElement\":[{\"@type\":\"ListItem\",\"position\":1,\"name\":\"Home\",\"item\":\"https:\/\/plumplumcreations.com\/it\/\"},{\"@type\":\"ListItem\",\"position\":2,\"name\":\"Lavori\",\"item\":\"https:\/\/plumplumcreations.com\/it\/lavori\/\"},{\"@type\":\"ListItem\",\"position\":3,\"name\":\"Fontego dei Turchi &#8211; Riproduzione\"}]},{\"@type\":\"WebSite\",\"@id\":\"https:\/\/plumplumcreations.com\/it\/#website\",\"url\":\"https:\/\/plumplumcreations.com\/it\/\",\"name\":\"Plum Plum Creations\",\"description\":\"Art for Crafts'sake\",\"publisher\":{\"@id\":\"https:\/\/plumplumcreations.com\/it\/#organization\"},\"potentialAction\":[{\"@type\":\"SearchAction\",\"target\":{\"@type\":\"EntryPoint\",\"urlTemplate\":\"https:\/\/plumplumcreations.com\/it\/?s={search_term_string}\"},\"query-input\":{\"@type\":\"PropertyValueSpecification\",\"valueRequired\":true,\"valueName\":\"search_term_string\"}}],\"inLanguage\":\"it-IT\"},{\"@type\":\"Organization\",\"@id\":\"https:\/\/plumplumcreations.com\/it\/#organization\",\"name\":\"Plum Plum Creations di Arianna Sautariello\",\"url\":\"https:\/\/plumplumcreations.com\/it\/\",\"logo\":{\"@type\":\"ImageObject\",\"inLanguage\":\"it-IT\",\"@id\":\"https:\/\/plumplumcreations.com\/it\/#\/schema\/logo\/image\/\",\"url\":\"https:\/\/plumplumcreations.com\/wp-content\/uploads\/2017\/05\/logo-1.png\",\"contentUrl\":\"https:\/\/plumplumcreations.com\/wp-content\/uploads\/2017\/05\/logo-1.png\",\"width\":190,\"height\":57,\"caption\":\"Plum Plum Creations di Arianna Sautariello\"},\"image\":{\"@id\":\"https:\/\/plumplumcreations.com\/it\/#\/schema\/logo\/image\/\"},\"sameAs\":[\"https:\/\/www.facebook.com\/plumplumcreations\/\",\"https:\/\/x.com\/Plum2Creations\",\"http:\/\/instagram.com\/plumplumcreations\",\"http:\/\/pinterest.com\/ariautas\",\"https:\/\/www.youtube.com\/channel\/UCVw_esEH4FG7Pd2CNkOViig\"]}]}<\/script>\n<!-- \/ Yoast SEO plugin. -->","yoast_head_json":{"title":"Fontego dei Turchi - Riproduzione - Plum Plum Creations","robots":{"index":"index","follow":"follow","max-snippet":"max-snippet:-1","max-image-preview":"max-image-preview:large","max-video-preview":"max-video-preview:-1"},"canonical":"https:\/\/plumplumcreations.com\/it\/prodotto\/fontego-dei-turchi-riproduzione\/","og_locale":"it_IT","og_type":"article","og_title":"Fontego dei Turchi - Riproduzione - Plum Plum Creations","og_description":"[vc_row][vc_column][vc_column_text]Il Fontego dei Turchi fu costruito come palazzo per la famiglia Pesaro nel XIII\u00b0 secolo. La sua doppia loggia in stile veneziano-bizantino mostra lo scopo per cui l\u2019edificio \u00e8 stato creato: un deposito commerciale per merci provenienti dall\u2019Est. Nel 1381 l\u2019edificio fu dato a Nicol\u00f2 d\u2019Este, signore di Ferrara, e poi (nel 1621) \u2013 dopo ... read more","og_url":"https:\/\/plumplumcreations.com\/it\/prodotto\/fontego-dei-turchi-riproduzione\/","og_site_name":"Plum Plum Creations","article_publisher":"https:\/\/www.facebook.com\/plumplumcreations\/","article_modified_time":"2020-05-25T22:00:19+00:00","og_image":[{"width":2000,"height":1335,"url":"https:\/\/plumplumcreations.com\/wp-content\/uploads\/2018\/06\/fontego_riproduzione.jpg","type":"image\/jpeg"}],"twitter_card":"summary_large_image","twitter_site":"@Plum2Creations","twitter_misc":{"Tempo di lettura stimato":"1 minuto"},"schema":{"@context":"https:\/\/schema.org","@graph":[{"@type":"WebPage","@id":"https:\/\/plumplumcreations.com\/it\/prodotto\/fontego-dei-turchi-riproduzione\/","url":"https:\/\/plumplumcreations.com\/it\/prodotto\/fontego-dei-turchi-riproduzione\/","name":"Fontego dei Turchi - Riproduzione - Plum Plum Creations","isPartOf":{"@id":"https:\/\/plumplumcreations.com\/it\/#website"},"primaryImageOfPage":{"@id":"https:\/\/plumplumcreations.com\/it\/prodotto\/fontego-dei-turchi-riproduzione\/#primaryimage"},"image":{"@id":"https:\/\/plumplumcreations.com\/it\/prodotto\/fontego-dei-turchi-riproduzione\/#primaryimage"},"thumbnailUrl":"https:\/\/plumplumcreations.com\/wp-content\/uploads\/2018\/06\/fontego_riproduzione.jpg","datePublished":"2018-06-29T13:34:45+00:00","dateModified":"2020-05-25T22:00:19+00:00","breadcrumb":{"@id":"https:\/\/plumplumcreations.com\/it\/prodotto\/fontego-dei-turchi-riproduzione\/#breadcrumb"},"inLanguage":"it-IT","potentialAction":[{"@type":"ReadAction","target":["https:\/\/plumplumcreations.com\/it\/prodotto\/fontego-dei-turchi-riproduzione\/"]}]},{"@type":"ImageObject","inLanguage":"it-IT","@id":"https:\/\/plumplumcreations.com\/it\/prodotto\/fontego-dei-turchi-riproduzione\/#primaryimage","url":"https:\/\/plumplumcreations.com\/wp-content\/uploads\/2018\/06\/fontego_riproduzione.jpg","contentUrl":"https:\/\/plumplumcreations.com\/wp-content\/uploads\/2018\/06\/fontego_riproduzione.jpg","width":2000,"height":1335},{"@type":"BreadcrumbList","@id":"https:\/\/plumplumcreations.com\/it\/prodotto\/fontego-dei-turchi-riproduzione\/#breadcrumb","itemListElement":[{"@type":"ListItem","position":1,"name":"Home","item":"https:\/\/plumplumcreations.com\/it\/"},{"@type":"ListItem","position":2,"name":"Lavori","item":"https:\/\/plumplumcreations.com\/it\/lavori\/"},{"@type":"ListItem","position":3,"name":"Fontego dei Turchi &#8211; Riproduzione"}]},{"@type":"WebSite","@id":"https:\/\/plumplumcreations.com\/it\/#website","url":"https:\/\/plumplumcreations.com\/it\/","name":"Plum Plum Creations","description":"Art for Crafts'sake","publisher":{"@id":"https:\/\/plumplumcreations.com\/it\/#organization"},"potentialAction":[{"@type":"SearchAction","target":{"@type":"EntryPoint","urlTemplate":"https:\/\/plumplumcreations.com\/it\/?s={search_term_string}"},"query-input":{"@type":"PropertyValueSpecification","valueRequired":true,"valueName":"search_term_string"}}],"inLanguage":"it-IT"},{"@type":"Organization","@id":"https:\/\/plumplumcreations.com\/it\/#organization","name":"Plum Plum Creations di Arianna Sautariello","url":"https:\/\/plumplumcreations.com\/it\/","logo":{"@type":"ImageObject","inLanguage":"it-IT","@id":"https:\/\/plumplumcreations.com\/it\/#\/schema\/logo\/image\/","url":"https:\/\/plumplumcreations.com\/wp-content\/uploads\/2017\/05\/logo-1.png","contentUrl":"https:\/\/plumplumcreations.com\/wp-content\/uploads\/2017\/05\/logo-1.png","width":190,"height":57,"caption":"Plum Plum Creations di Arianna Sautariello"},"image":{"@id":"https:\/\/plumplumcreations.com\/it\/#\/schema\/logo\/image\/"},"sameAs":["https:\/\/www.facebook.com\/plumplumcreations\/","https:\/\/x.com\/Plum2Creations","http:\/\/instagram.com\/plumplumcreations","http:\/\/pinterest.com\/ariautas","https:\/\/www.youtube.com\/channel\/UCVw_esEH4FG7Pd2CNkOViig"]}]}},"_links":{"self":[{"href":"https:\/\/plumplumcreations.com\/it\/wp-json\/wp\/v2\/product\/4959","targetHints":{"allow":["GET"]}}],"collection":[{"href":"https:\/\/plumplumcreations.com\/it\/wp-json\/wp\/v2\/product"}],"about":[{"href":"https:\/\/plumplumcreations.com\/it\/wp-json\/wp\/v2\/types\/product"}],"wp:featuredmedia":[{"embeddable":true,"href":"https:\/\/plumplumcreations.com\/it\/wp-json\/wp\/v2\/media\/4958"}],"wp:attachment":[{"href":"https:\/\/plumplumcreations.com\/it\/wp-json\/wp\/v2\/media?parent=4959"}],"wp:term":[{"taxonomy":"product_brand","embeddable":true,"href":"https:\/\/plumplumcreations.com\/it\/wp-json\/wp\/v2\/product_brand?post=4959"},{"taxonomy":"product_cat","embeddable":true,"href":"https:\/\/plumplumcreations.com\/it\/wp-json\/wp\/v2\/product_cat?post=4959"},{"taxonomy":"product_tag","embeddable":true,"href":"https:\/\/plumplumcreations.com\/it\/wp-json\/wp\/v2\/product_tag?post=4959"}],"curies":[{"name":"wp","href":"https:\/\/api.w.org\/{rel}","templated":true}]}}