{"id":7159,"date":"2020-01-13T12:43:13","date_gmt":"2020-01-13T11:43:13","guid":{"rendered":"https:\/\/plumplumcreations.com\/product\/microrganismo-4\/"},"modified":"2020-04-28T01:01:40","modified_gmt":"2020-04-27T23:01:40","slug":"microrganismo-4","status":"publish","type":"product","link":"https:\/\/plumplumcreations.com\/it\/prodotto\/microrganismo-4\/","title":{"rendered":"Microrganismo 4"},"content":{"rendered":"<div class=\"wpb-content-wrapper\"><p>[vc_row][vc_column][vc_column_text]<br \/>\n<b><i>Microrganismo 4<\/i><\/b> \u00e8 un\u2019incisione calcografica fatta da me durante un mio studio personale sui microrganismi del mondo acquatico.<\/p>\n<p><i><b>Cyclops strenuus<\/b><\/i> \u00e8 una specie comune di ciclopide che si trova nei piccoli corpi idrici dell\u2019Europa centrale: in questa incisione la femmina \u00e8 a sinistra e il maschio \u00e8 a destra. Per essere ancora pi\u00f9 specifici, queste particolari specie sono quelle che si trovano nel Lago di Tovel (Dolomiti del Brenta).<\/p>\n<p>La tecnica usata per questa incisione \u00e8 acquaforte a due morsure e acquatinta a due morsure<\/p>\n<p><strong>Dimensione carta<\/strong>: cm. 18 x 25<br \/>\n<strong>Dimensione immagine<\/strong>: cm. 14,5 x 19,8<\/p>\n<p><strong>Venduto senza cornice<\/strong><br \/>\n[\/vc_column_text][vc_message]Questo oggetto \u00e8 fatto a mano nel mio studio di Venezia \u2013 ci possono essere piccole variazioni di colore, rendendolo un pezzo unico. L\u2019opera pu\u00f2 apparire leggermente diversa dalle foto. Piccole imperfezioni o irregolarit\u00e0 aggiungono fascino all\u2019opera artigianale, distinguendo questo lavoro dalle stampe prodotte in serie[\/vc_message][\/vc_column][\/vc_row]<\/p>\n<\/div>","protected":false},"excerpt":{"rendered":"<p>[vc_row][vc_column][vc_column_text] Microrganismo 4 \u00e8 un\u2019incisione calcografica fatta da me durante un mio studio personale sui microrganismi del mondo acquatico. Cyclops strenuus \u00e8 una specie comune di ciclopide che si trova nei piccoli corpi idrici dell\u2019Europa centrale: in questa incisione la femmina \u00e8 a sinistra e il maschio \u00e8 a destra. Per essere ancora pi\u00f9 specifici, &#8230;<a class=\"r_more_blog\" href=\"https:\/\/plumplumcreations.com\/it\/prodotto\/microrganismo-4\/#more-7159\"><i class=\"fa fa-sign-in\"><\/i> read more<\/a><\/p>\n","protected":false},"featured_media":7153,"template":"","meta":[],"product_brand":[],"product_cat":[42,34,691],"product_tag":[],"class_list":{"0":"post-7159","1":"product","2":"type-product","3":"status-publish","4":"has-post-thumbnail","6":"product_cat-incisioni","7":"product_cat-calcog","8":"product_cat-tutti-prodotti","10":"first","11":"instock","12":"shipping-taxable","13":"purchasable","14":"product-type-variable"},"yoast_head":"<!-- This site is optimized with the Yoast SEO plugin v27.2 - https:\/\/yoast.com\/product\/yoast-seo-wordpress\/ -->\n<title>Microrganismo 4 - Plum Plum Creations<\/title>\n<meta name=\"description\" content=\"Microrganismo 4 \u00e8 un\u2019incisione calcografica fatta da me durante un mio studio personale sui microrganismi del mondo acquatico. Acquaforte e acquatinta.\" \/>\n<meta name=\"robots\" content=\"index, follow, max-snippet:-1, max-image-preview:large, max-video-preview:-1\" \/>\n<link rel=\"canonical\" href=\"https:\/\/plumplumcreations.com\/it\/prodotto\/microrganismo-4\/\" \/>\n<meta property=\"og:locale\" content=\"it_IT\" \/>\n<meta property=\"og:type\" content=\"article\" \/>\n<meta property=\"og:title\" content=\"Microrganismo 4 - Plum Plum Creations\" \/>\n<meta property=\"og:description\" content=\"Microrganismo 4 \u00e8 un\u2019incisione calcografica fatta da me durante un mio studio personale sui microrganismi del mondo acquatico. Acquaforte e acquatinta.\" \/>\n<meta property=\"og:url\" content=\"https:\/\/plumplumcreations.com\/it\/prodotto\/microrganismo-4\/\" \/>\n<meta property=\"og:site_name\" content=\"Plum Plum Creations\" \/>\n<meta property=\"article:publisher\" content=\"https:\/\/www.facebook.com\/plumplumcreations\/\" \/>\n<meta property=\"article:modified_time\" content=\"2020-04-27T23:01:40+00:00\" \/>\n<meta property=\"og:image\" content=\"https:\/\/plumplumcreations.com\/wp-content\/uploads\/2020\/01\/micro_02_bianco_nero.jpg\" \/>\n\t<meta property=\"og:image:width\" content=\"2000\" \/>\n\t<meta property=\"og:image:height\" content=\"1335\" \/>\n\t<meta property=\"og:image:type\" content=\"image\/jpeg\" \/>\n<meta name=\"twitter:card\" content=\"summary_large_image\" \/>\n<meta name=\"twitter:site\" content=\"@Plum2Creations\" \/>\n<meta name=\"twitter:label1\" content=\"Tempo di lettura stimato\" \/>\n\t<meta name=\"twitter:data1\" content=\"1 minuto\" \/>\n<script type=\"application\/ld+json\" class=\"yoast-schema-graph\">{\"@context\":\"https:\/\/schema.org\",\"@graph\":[{\"@type\":\"WebPage\",\"@id\":\"https:\/\/plumplumcreations.com\/it\/prodotto\/microrganismo-4\/\",\"url\":\"https:\/\/plumplumcreations.com\/it\/prodotto\/microrganismo-4\/\",\"name\":\"Microrganismo 4 - Plum Plum Creations\",\"isPartOf\":{\"@id\":\"https:\/\/plumplumcreations.com\/it\/#website\"},\"primaryImageOfPage\":{\"@id\":\"https:\/\/plumplumcreations.com\/it\/prodotto\/microrganismo-4\/#primaryimage\"},\"image\":{\"@id\":\"https:\/\/plumplumcreations.com\/it\/prodotto\/microrganismo-4\/#primaryimage\"},\"thumbnailUrl\":\"https:\/\/plumplumcreations.com\/wp-content\/uploads\/2020\/01\/micro_02_bianco_nero.jpg\",\"datePublished\":\"2020-01-13T11:43:13+00:00\",\"dateModified\":\"2020-04-27T23:01:40+00:00\",\"description\":\"Microrganismo 4 \u00e8 un\u2019incisione calcografica fatta da me durante un mio studio personale sui microrganismi del mondo acquatico. Acquaforte e acquatinta.\",\"breadcrumb\":{\"@id\":\"https:\/\/plumplumcreations.com\/it\/prodotto\/microrganismo-4\/#breadcrumb\"},\"inLanguage\":\"it-IT\",\"potentialAction\":[{\"@type\":\"ReadAction\",\"target\":[\"https:\/\/plumplumcreations.com\/it\/prodotto\/microrganismo-4\/\"]}]},{\"@type\":\"ImageObject\",\"inLanguage\":\"it-IT\",\"@id\":\"https:\/\/plumplumcreations.com\/it\/prodotto\/microrganismo-4\/#primaryimage\",\"url\":\"https:\/\/plumplumcreations.com\/wp-content\/uploads\/2020\/01\/micro_02_bianco_nero.jpg\",\"contentUrl\":\"https:\/\/plumplumcreations.com\/wp-content\/uploads\/2020\/01\/micro_02_bianco_nero.jpg\",\"width\":2000,\"height\":1335,\"caption\":\"Microorganism 4\"},{\"@type\":\"BreadcrumbList\",\"@id\":\"https:\/\/plumplumcreations.com\/it\/prodotto\/microrganismo-4\/#breadcrumb\",\"itemListElement\":[{\"@type\":\"ListItem\",\"position\":1,\"name\":\"Home\",\"item\":\"https:\/\/plumplumcreations.com\/it\/\"},{\"@type\":\"ListItem\",\"position\":2,\"name\":\"Lavori\",\"item\":\"https:\/\/plumplumcreations.com\/it\/lavori\/\"},{\"@type\":\"ListItem\",\"position\":3,\"name\":\"Microrganismo 4\"}]},{\"@type\":\"WebSite\",\"@id\":\"https:\/\/plumplumcreations.com\/it\/#website\",\"url\":\"https:\/\/plumplumcreations.com\/it\/\",\"name\":\"Plum Plum Creations\",\"description\":\"Art for Crafts'sake\",\"publisher\":{\"@id\":\"https:\/\/plumplumcreations.com\/it\/#organization\"},\"potentialAction\":[{\"@type\":\"SearchAction\",\"target\":{\"@type\":\"EntryPoint\",\"urlTemplate\":\"https:\/\/plumplumcreations.com\/it\/?s={search_term_string}\"},\"query-input\":{\"@type\":\"PropertyValueSpecification\",\"valueRequired\":true,\"valueName\":\"search_term_string\"}}],\"inLanguage\":\"it-IT\"},{\"@type\":\"Organization\",\"@id\":\"https:\/\/plumplumcreations.com\/it\/#organization\",\"name\":\"Plum Plum Creations di Arianna Sautariello\",\"url\":\"https:\/\/plumplumcreations.com\/it\/\",\"logo\":{\"@type\":\"ImageObject\",\"inLanguage\":\"it-IT\",\"@id\":\"https:\/\/plumplumcreations.com\/it\/#\/schema\/logo\/image\/\",\"url\":\"https:\/\/plumplumcreations.com\/wp-content\/uploads\/2017\/05\/logo-1.png\",\"contentUrl\":\"https:\/\/plumplumcreations.com\/wp-content\/uploads\/2017\/05\/logo-1.png\",\"width\":190,\"height\":57,\"caption\":\"Plum Plum Creations di Arianna Sautariello\"},\"image\":{\"@id\":\"https:\/\/plumplumcreations.com\/it\/#\/schema\/logo\/image\/\"},\"sameAs\":[\"https:\/\/www.facebook.com\/plumplumcreations\/\",\"https:\/\/x.com\/Plum2Creations\",\"http:\/\/instagram.com\/plumplumcreations\",\"http:\/\/pinterest.com\/ariautas\",\"https:\/\/www.youtube.com\/channel\/UCVw_esEH4FG7Pd2CNkOViig\"]}]}<\/script>\n<!-- \/ Yoast SEO plugin. -->","yoast_head_json":{"title":"Microrganismo 4 - Plum Plum Creations","description":"Microrganismo 4 \u00e8 un\u2019incisione calcografica fatta da me durante un mio studio personale sui microrganismi del mondo acquatico. Acquaforte e acquatinta.","robots":{"index":"index","follow":"follow","max-snippet":"max-snippet:-1","max-image-preview":"max-image-preview:large","max-video-preview":"max-video-preview:-1"},"canonical":"https:\/\/plumplumcreations.com\/it\/prodotto\/microrganismo-4\/","og_locale":"it_IT","og_type":"article","og_title":"Microrganismo 4 - Plum Plum Creations","og_description":"Microrganismo 4 \u00e8 un\u2019incisione calcografica fatta da me durante un mio studio personale sui microrganismi del mondo acquatico. Acquaforte e acquatinta.","og_url":"https:\/\/plumplumcreations.com\/it\/prodotto\/microrganismo-4\/","og_site_name":"Plum Plum Creations","article_publisher":"https:\/\/www.facebook.com\/plumplumcreations\/","article_modified_time":"2020-04-27T23:01:40+00:00","og_image":[{"width":2000,"height":1335,"url":"https:\/\/plumplumcreations.com\/wp-content\/uploads\/2020\/01\/micro_02_bianco_nero.jpg","type":"image\/jpeg"}],"twitter_card":"summary_large_image","twitter_site":"@Plum2Creations","twitter_misc":{"Tempo di lettura stimato":"1 minuto"},"schema":{"@context":"https:\/\/schema.org","@graph":[{"@type":"WebPage","@id":"https:\/\/plumplumcreations.com\/it\/prodotto\/microrganismo-4\/","url":"https:\/\/plumplumcreations.com\/it\/prodotto\/microrganismo-4\/","name":"Microrganismo 4 - Plum Plum Creations","isPartOf":{"@id":"https:\/\/plumplumcreations.com\/it\/#website"},"primaryImageOfPage":{"@id":"https:\/\/plumplumcreations.com\/it\/prodotto\/microrganismo-4\/#primaryimage"},"image":{"@id":"https:\/\/plumplumcreations.com\/it\/prodotto\/microrganismo-4\/#primaryimage"},"thumbnailUrl":"https:\/\/plumplumcreations.com\/wp-content\/uploads\/2020\/01\/micro_02_bianco_nero.jpg","datePublished":"2020-01-13T11:43:13+00:00","dateModified":"2020-04-27T23:01:40+00:00","description":"Microrganismo 4 \u00e8 un\u2019incisione calcografica fatta da me durante un mio studio personale sui microrganismi del mondo acquatico. Acquaforte e acquatinta.","breadcrumb":{"@id":"https:\/\/plumplumcreations.com\/it\/prodotto\/microrganismo-4\/#breadcrumb"},"inLanguage":"it-IT","potentialAction":[{"@type":"ReadAction","target":["https:\/\/plumplumcreations.com\/it\/prodotto\/microrganismo-4\/"]}]},{"@type":"ImageObject","inLanguage":"it-IT","@id":"https:\/\/plumplumcreations.com\/it\/prodotto\/microrganismo-4\/#primaryimage","url":"https:\/\/plumplumcreations.com\/wp-content\/uploads\/2020\/01\/micro_02_bianco_nero.jpg","contentUrl":"https:\/\/plumplumcreations.com\/wp-content\/uploads\/2020\/01\/micro_02_bianco_nero.jpg","width":2000,"height":1335,"caption":"Microorganism 4"},{"@type":"BreadcrumbList","@id":"https:\/\/plumplumcreations.com\/it\/prodotto\/microrganismo-4\/#breadcrumb","itemListElement":[{"@type":"ListItem","position":1,"name":"Home","item":"https:\/\/plumplumcreations.com\/it\/"},{"@type":"ListItem","position":2,"name":"Lavori","item":"https:\/\/plumplumcreations.com\/it\/lavori\/"},{"@type":"ListItem","position":3,"name":"Microrganismo 4"}]},{"@type":"WebSite","@id":"https:\/\/plumplumcreations.com\/it\/#website","url":"https:\/\/plumplumcreations.com\/it\/","name":"Plum Plum Creations","description":"Art for Crafts'sake","publisher":{"@id":"https:\/\/plumplumcreations.com\/it\/#organization"},"potentialAction":[{"@type":"SearchAction","target":{"@type":"EntryPoint","urlTemplate":"https:\/\/plumplumcreations.com\/it\/?s={search_term_string}"},"query-input":{"@type":"PropertyValueSpecification","valueRequired":true,"valueName":"search_term_string"}}],"inLanguage":"it-IT"},{"@type":"Organization","@id":"https:\/\/plumplumcreations.com\/it\/#organization","name":"Plum Plum Creations di Arianna Sautariello","url":"https:\/\/plumplumcreations.com\/it\/","logo":{"@type":"ImageObject","inLanguage":"it-IT","@id":"https:\/\/plumplumcreations.com\/it\/#\/schema\/logo\/image\/","url":"https:\/\/plumplumcreations.com\/wp-content\/uploads\/2017\/05\/logo-1.png","contentUrl":"https:\/\/plumplumcreations.com\/wp-content\/uploads\/2017\/05\/logo-1.png","width":190,"height":57,"caption":"Plum Plum Creations di Arianna Sautariello"},"image":{"@id":"https:\/\/plumplumcreations.com\/it\/#\/schema\/logo\/image\/"},"sameAs":["https:\/\/www.facebook.com\/plumplumcreations\/","https:\/\/x.com\/Plum2Creations","http:\/\/instagram.com\/plumplumcreations","http:\/\/pinterest.com\/ariautas","https:\/\/www.youtube.com\/channel\/UCVw_esEH4FG7Pd2CNkOViig"]}]}},"_links":{"self":[{"href":"https:\/\/plumplumcreations.com\/it\/wp-json\/wp\/v2\/product\/7159","targetHints":{"allow":["GET"]}}],"collection":[{"href":"https:\/\/plumplumcreations.com\/it\/wp-json\/wp\/v2\/product"}],"about":[{"href":"https:\/\/plumplumcreations.com\/it\/wp-json\/wp\/v2\/types\/product"}],"wp:featuredmedia":[{"embeddable":true,"href":"https:\/\/plumplumcreations.com\/it\/wp-json\/wp\/v2\/media\/7153"}],"wp:attachment":[{"href":"https:\/\/plumplumcreations.com\/it\/wp-json\/wp\/v2\/media?parent=7159"}],"wp:term":[{"taxonomy":"product_brand","embeddable":true,"href":"https:\/\/plumplumcreations.com\/it\/wp-json\/wp\/v2\/product_brand?post=7159"},{"taxonomy":"product_cat","embeddable":true,"href":"https:\/\/plumplumcreations.com\/it\/wp-json\/wp\/v2\/product_cat?post=7159"},{"taxonomy":"product_tag","embeddable":true,"href":"https:\/\/plumplumcreations.com\/it\/wp-json\/wp\/v2\/product_tag?post=7159"}],"curies":[{"name":"wp","href":"https:\/\/api.w.org\/{rel}","templated":true}]}}