{"id":7574,"date":"2020-04-27T16:41:07","date_gmt":"2020-04-27T14:48:10","guid":{"rendered":"https:\/\/plumplumcreations.com\/?post_type=product&#038;p=7574"},"modified":"2020-04-27T17:48:49","modified_gmt":"2020-04-27T15:48:49","slug":"santa-maria-del-giglio","status":"publish","type":"product","link":"https:\/\/plumplumcreations.com\/it\/prodotto\/santa-maria-del-giglio\/","title":{"rendered":"Santa Maria del Giglio"},"content":{"rendered":"<div class=\"wpb-content-wrapper\"><div class=\"vc_row wpb_row vc_row-fluid\">\n<div class=\"wpb_column vc_column_container vc_col-sm-12\">\n<div class=\"vc_column-inner\">\n<div class=\"wpb_wrapper\">\n<div class=\"wpb_text_column wpb_content_element \">\n<div class=\"wpb_wrapper\">\n<div class=\"vc_row wpb_row vc_row-fluid\">\n<div class=\"wpb_column vc_column_container vc_col-sm-12\">\n<div class=\"vc_column-inner\">\n<div class=\"wpb_wrapper\">\n<div class=\"wpb_text_column wpb_content_element \">\n<div class=\"wpb_wrapper\">\n<p>S.\u00a0Maria del Giglio \u00e8 una chiesa di Venezia.<\/p>\n<p>Stampata su lastra di zinco con inchiostro calcografico (tecniche usate: acquaforte e acquatinta) su carta rosaspina bianca. La calcografia \u00e8 stata poi colorata a mano con la tecnica dell\u2019acquerello. La sigla P.d.A. in basso a sinistra, al posto del numero di serie, significa Prova d\u2019Artista (<em>P.d.A. \u201cProva d\u2019Artista\u201d<\/em>).<\/p>\n<p>La chiesa \u00e8 pi\u00f9 comunemente conosciuta come Chiesa di Santa Maria Zobenigo, dopo che la famiglia Jubanico la fond\u00f2 nel IX\u00b0 secolo. L\u2019edificio \u00e8 situato sul Campo Santa Maria Zobenigo, ad ovest di Piazza San Marco. E\u2019 stata ricostruito da Giuseppe Sardi per l\u2019Ammiraglio\u00a0Antonio Barbaro tra il 1678 e il 1681 e ha una delle pi\u00f9 belle facciate barocche veneziane in tutta Venezia.<\/p>\n<p>Formato carta:\u00a0cm. 17,5 x 25<br \/>\nDimensione immagine:\u00a0cm. 10,6 x 16,5<\/p>\n<p><strong>Pezzo unico.<br \/>\nVenduto senza cornice.<\/strong><\/p>\n<\/div>\n<\/div>\n<\/div>\n<\/div>\n<\/div>\n<\/div>\n<\/div>\n<\/div>\n<\/div>\n<\/div>\n<\/div>\n<\/div>\n<\/div>","protected":false},"excerpt":{"rendered":"<p>S.\u00a0Maria del Giglio \u00e8 una chiesa di Venezia. Stampata su lastra di zinco con inchiostro calcografico (tecniche usate: acquaforte e acquatinta) su carta rosaspina bianca. La calcografia \u00e8 stata poi colorata a mano con la tecnica dell\u2019acquerello. La sigla P.d.A. in basso a sinistra, al posto del numero di serie, significa Prova d\u2019Artista (P.d.A. \u201cProva &#8230;<a class=\"r_more_blog\" href=\"https:\/\/plumplumcreations.com\/it\/prodotto\/santa-maria-del-giglio\/#more-7574\"><i class=\"fa fa-sign-in\"><\/i> read more<\/a><\/p>\n","protected":false},"featured_media":7571,"template":"","meta":[],"product_brand":[],"product_cat":[794,691],"product_tag":[63,272,456,133,457,265,132,83],"class_list":{"0":"post-7574","1":"product","2":"type-product","3":"status-publish","4":"has-post-thumbnail","6":"product_cat-incisioni-acquerellate","7":"product_cat-tutti-prodotti","8":"product_tag-acquaforte","9":"product_tag-acquerello","10":"product_tag-arte-venezia-it","11":"product_tag-chiesa","12":"product_tag-chiesa-di-venezia","13":"product_tag-paesaggio-veneziano-it","14":"product_tag-stampa-it","15":"product_tag-venezia","17":"first","18":"outofstock","19":"sold-individually","20":"shipping-taxable","21":"product-type-simple"},"yoast_head":"<!-- This site is optimized with the Yoast SEO plugin v27.2 - https:\/\/yoast.com\/product\/yoast-seo-wordpress\/ -->\n<title>Santa Maria del Giglio - Plum Plum Creations<\/title>\n<meta name=\"description\" content=\"S.\u00a0Maria del Giglio \u00e8 una chiesa di Venezia. Stampata su lastra di zinco con inchiostro calcografico su carta rosaspina. La stampa \u00e8 stata poi acquerellata.\" \/>\n<meta name=\"robots\" content=\"index, follow, max-snippet:-1, max-image-preview:large, max-video-preview:-1\" \/>\n<link rel=\"canonical\" href=\"https:\/\/plumplumcreations.com\/it\/prodotto\/santa-maria-del-giglio\/\" \/>\n<meta property=\"og:locale\" content=\"it_IT\" \/>\n<meta property=\"og:type\" content=\"article\" \/>\n<meta property=\"og:title\" content=\"Santa Maria del Giglio - Plum Plum Creations\" \/>\n<meta property=\"og:description\" content=\"S.\u00a0Maria del Giglio \u00e8 una chiesa di Venezia. Stampata su lastra di zinco con inchiostro calcografico su carta rosaspina. La stampa \u00e8 stata poi acquerellata.\" \/>\n<meta property=\"og:url\" content=\"https:\/\/plumplumcreations.com\/it\/prodotto\/santa-maria-del-giglio\/\" \/>\n<meta property=\"og:site_name\" content=\"Plum Plum Creations\" \/>\n<meta property=\"article:publisher\" content=\"https:\/\/www.facebook.com\/plumplumcreations\/\" \/>\n<meta property=\"article:modified_time\" content=\"2020-04-27T15:48:49+00:00\" \/>\n<meta property=\"og:image\" content=\"https:\/\/plumplumcreations.com\/wp-content\/uploads\/2020\/04\/Giglio.jpg\" \/>\n\t<meta property=\"og:image:width\" content=\"2000\" \/>\n\t<meta property=\"og:image:height\" content=\"1335\" \/>\n\t<meta property=\"og:image:type\" content=\"image\/jpeg\" \/>\n<meta name=\"twitter:card\" content=\"summary_large_image\" \/>\n<meta name=\"twitter:site\" content=\"@Plum2Creations\" \/>\n<meta name=\"twitter:label1\" content=\"Tempo di lettura stimato\" \/>\n\t<meta name=\"twitter:data1\" content=\"1 minuto\" \/>\n<script type=\"application\/ld+json\" class=\"yoast-schema-graph\">{\"@context\":\"https:\/\/schema.org\",\"@graph\":[{\"@type\":\"WebPage\",\"@id\":\"https:\/\/plumplumcreations.com\/it\/prodotto\/santa-maria-del-giglio\/\",\"url\":\"https:\/\/plumplumcreations.com\/it\/prodotto\/santa-maria-del-giglio\/\",\"name\":\"Santa Maria del Giglio - Plum Plum Creations\",\"isPartOf\":{\"@id\":\"https:\/\/plumplumcreations.com\/it\/#website\"},\"primaryImageOfPage\":{\"@id\":\"https:\/\/plumplumcreations.com\/it\/prodotto\/santa-maria-del-giglio\/#primaryimage\"},\"image\":{\"@id\":\"https:\/\/plumplumcreations.com\/it\/prodotto\/santa-maria-del-giglio\/#primaryimage\"},\"thumbnailUrl\":\"https:\/\/plumplumcreations.com\/wp-content\/uploads\/2020\/04\/Giglio.jpg\",\"datePublished\":\"2020-04-27T14:48:10+00:00\",\"dateModified\":\"2020-04-27T15:48:49+00:00\",\"description\":\"S.\u00a0Maria del Giglio \u00e8 una chiesa di Venezia. Stampata su lastra di zinco con inchiostro calcografico su carta rosaspina. La stampa \u00e8 stata poi acquerellata.\",\"breadcrumb\":{\"@id\":\"https:\/\/plumplumcreations.com\/it\/prodotto\/santa-maria-del-giglio\/#breadcrumb\"},\"inLanguage\":\"it-IT\",\"potentialAction\":[{\"@type\":\"ReadAction\",\"target\":[\"https:\/\/plumplumcreations.com\/it\/prodotto\/santa-maria-del-giglio\/\"]}]},{\"@type\":\"ImageObject\",\"inLanguage\":\"it-IT\",\"@id\":\"https:\/\/plumplumcreations.com\/it\/prodotto\/santa-maria-del-giglio\/#primaryimage\",\"url\":\"https:\/\/plumplumcreations.com\/wp-content\/uploads\/2020\/04\/Giglio.jpg\",\"contentUrl\":\"https:\/\/plumplumcreations.com\/wp-content\/uploads\/2020\/04\/Giglio.jpg\",\"width\":2000,\"height\":1335},{\"@type\":\"BreadcrumbList\",\"@id\":\"https:\/\/plumplumcreations.com\/it\/prodotto\/santa-maria-del-giglio\/#breadcrumb\",\"itemListElement\":[{\"@type\":\"ListItem\",\"position\":1,\"name\":\"Home\",\"item\":\"https:\/\/plumplumcreations.com\/it\/\"},{\"@type\":\"ListItem\",\"position\":2,\"name\":\"Lavori\",\"item\":\"https:\/\/plumplumcreations.com\/it\/lavori\/\"},{\"@type\":\"ListItem\",\"position\":3,\"name\":\"Santa Maria del Giglio\"}]},{\"@type\":\"WebSite\",\"@id\":\"https:\/\/plumplumcreations.com\/it\/#website\",\"url\":\"https:\/\/plumplumcreations.com\/it\/\",\"name\":\"Plum Plum Creations\",\"description\":\"Art for Crafts'sake\",\"publisher\":{\"@id\":\"https:\/\/plumplumcreations.com\/it\/#organization\"},\"potentialAction\":[{\"@type\":\"SearchAction\",\"target\":{\"@type\":\"EntryPoint\",\"urlTemplate\":\"https:\/\/plumplumcreations.com\/it\/?s={search_term_string}\"},\"query-input\":{\"@type\":\"PropertyValueSpecification\",\"valueRequired\":true,\"valueName\":\"search_term_string\"}}],\"inLanguage\":\"it-IT\"},{\"@type\":\"Organization\",\"@id\":\"https:\/\/plumplumcreations.com\/it\/#organization\",\"name\":\"Plum Plum Creations di Arianna Sautariello\",\"url\":\"https:\/\/plumplumcreations.com\/it\/\",\"logo\":{\"@type\":\"ImageObject\",\"inLanguage\":\"it-IT\",\"@id\":\"https:\/\/plumplumcreations.com\/it\/#\/schema\/logo\/image\/\",\"url\":\"https:\/\/plumplumcreations.com\/wp-content\/uploads\/2017\/05\/logo-1.png\",\"contentUrl\":\"https:\/\/plumplumcreations.com\/wp-content\/uploads\/2017\/05\/logo-1.png\",\"width\":190,\"height\":57,\"caption\":\"Plum Plum Creations di Arianna Sautariello\"},\"image\":{\"@id\":\"https:\/\/plumplumcreations.com\/it\/#\/schema\/logo\/image\/\"},\"sameAs\":[\"https:\/\/www.facebook.com\/plumplumcreations\/\",\"https:\/\/x.com\/Plum2Creations\",\"http:\/\/instagram.com\/plumplumcreations\",\"http:\/\/pinterest.com\/ariautas\",\"https:\/\/www.youtube.com\/channel\/UCVw_esEH4FG7Pd2CNkOViig\"]}]}<\/script>\n<!-- \/ Yoast SEO plugin. -->","yoast_head_json":{"title":"Santa Maria del Giglio - Plum Plum Creations","description":"S.\u00a0Maria del Giglio \u00e8 una chiesa di Venezia. Stampata su lastra di zinco con inchiostro calcografico su carta rosaspina. La stampa \u00e8 stata poi acquerellata.","robots":{"index":"index","follow":"follow","max-snippet":"max-snippet:-1","max-image-preview":"max-image-preview:large","max-video-preview":"max-video-preview:-1"},"canonical":"https:\/\/plumplumcreations.com\/it\/prodotto\/santa-maria-del-giglio\/","og_locale":"it_IT","og_type":"article","og_title":"Santa Maria del Giglio - Plum Plum Creations","og_description":"S.\u00a0Maria del Giglio \u00e8 una chiesa di Venezia. Stampata su lastra di zinco con inchiostro calcografico su carta rosaspina. La stampa \u00e8 stata poi acquerellata.","og_url":"https:\/\/plumplumcreations.com\/it\/prodotto\/santa-maria-del-giglio\/","og_site_name":"Plum Plum Creations","article_publisher":"https:\/\/www.facebook.com\/plumplumcreations\/","article_modified_time":"2020-04-27T15:48:49+00:00","og_image":[{"width":2000,"height":1335,"url":"https:\/\/plumplumcreations.com\/wp-content\/uploads\/2020\/04\/Giglio.jpg","type":"image\/jpeg"}],"twitter_card":"summary_large_image","twitter_site":"@Plum2Creations","twitter_misc":{"Tempo di lettura stimato":"1 minuto"},"schema":{"@context":"https:\/\/schema.org","@graph":[{"@type":"WebPage","@id":"https:\/\/plumplumcreations.com\/it\/prodotto\/santa-maria-del-giglio\/","url":"https:\/\/plumplumcreations.com\/it\/prodotto\/santa-maria-del-giglio\/","name":"Santa Maria del Giglio - Plum Plum Creations","isPartOf":{"@id":"https:\/\/plumplumcreations.com\/it\/#website"},"primaryImageOfPage":{"@id":"https:\/\/plumplumcreations.com\/it\/prodotto\/santa-maria-del-giglio\/#primaryimage"},"image":{"@id":"https:\/\/plumplumcreations.com\/it\/prodotto\/santa-maria-del-giglio\/#primaryimage"},"thumbnailUrl":"https:\/\/plumplumcreations.com\/wp-content\/uploads\/2020\/04\/Giglio.jpg","datePublished":"2020-04-27T14:48:10+00:00","dateModified":"2020-04-27T15:48:49+00:00","description":"S.\u00a0Maria del Giglio \u00e8 una chiesa di Venezia. Stampata su lastra di zinco con inchiostro calcografico su carta rosaspina. La stampa \u00e8 stata poi acquerellata.","breadcrumb":{"@id":"https:\/\/plumplumcreations.com\/it\/prodotto\/santa-maria-del-giglio\/#breadcrumb"},"inLanguage":"it-IT","potentialAction":[{"@type":"ReadAction","target":["https:\/\/plumplumcreations.com\/it\/prodotto\/santa-maria-del-giglio\/"]}]},{"@type":"ImageObject","inLanguage":"it-IT","@id":"https:\/\/plumplumcreations.com\/it\/prodotto\/santa-maria-del-giglio\/#primaryimage","url":"https:\/\/plumplumcreations.com\/wp-content\/uploads\/2020\/04\/Giglio.jpg","contentUrl":"https:\/\/plumplumcreations.com\/wp-content\/uploads\/2020\/04\/Giglio.jpg","width":2000,"height":1335},{"@type":"BreadcrumbList","@id":"https:\/\/plumplumcreations.com\/it\/prodotto\/santa-maria-del-giglio\/#breadcrumb","itemListElement":[{"@type":"ListItem","position":1,"name":"Home","item":"https:\/\/plumplumcreations.com\/it\/"},{"@type":"ListItem","position":2,"name":"Lavori","item":"https:\/\/plumplumcreations.com\/it\/lavori\/"},{"@type":"ListItem","position":3,"name":"Santa Maria del Giglio"}]},{"@type":"WebSite","@id":"https:\/\/plumplumcreations.com\/it\/#website","url":"https:\/\/plumplumcreations.com\/it\/","name":"Plum Plum Creations","description":"Art for Crafts'sake","publisher":{"@id":"https:\/\/plumplumcreations.com\/it\/#organization"},"potentialAction":[{"@type":"SearchAction","target":{"@type":"EntryPoint","urlTemplate":"https:\/\/plumplumcreations.com\/it\/?s={search_term_string}"},"query-input":{"@type":"PropertyValueSpecification","valueRequired":true,"valueName":"search_term_string"}}],"inLanguage":"it-IT"},{"@type":"Organization","@id":"https:\/\/plumplumcreations.com\/it\/#organization","name":"Plum Plum Creations di Arianna Sautariello","url":"https:\/\/plumplumcreations.com\/it\/","logo":{"@type":"ImageObject","inLanguage":"it-IT","@id":"https:\/\/plumplumcreations.com\/it\/#\/schema\/logo\/image\/","url":"https:\/\/plumplumcreations.com\/wp-content\/uploads\/2017\/05\/logo-1.png","contentUrl":"https:\/\/plumplumcreations.com\/wp-content\/uploads\/2017\/05\/logo-1.png","width":190,"height":57,"caption":"Plum Plum Creations di Arianna Sautariello"},"image":{"@id":"https:\/\/plumplumcreations.com\/it\/#\/schema\/logo\/image\/"},"sameAs":["https:\/\/www.facebook.com\/plumplumcreations\/","https:\/\/x.com\/Plum2Creations","http:\/\/instagram.com\/plumplumcreations","http:\/\/pinterest.com\/ariautas","https:\/\/www.youtube.com\/channel\/UCVw_esEH4FG7Pd2CNkOViig"]}]}},"_links":{"self":[{"href":"https:\/\/plumplumcreations.com\/it\/wp-json\/wp\/v2\/product\/7574","targetHints":{"allow":["GET"]}}],"collection":[{"href":"https:\/\/plumplumcreations.com\/it\/wp-json\/wp\/v2\/product"}],"about":[{"href":"https:\/\/plumplumcreations.com\/it\/wp-json\/wp\/v2\/types\/product"}],"wp:featuredmedia":[{"embeddable":true,"href":"https:\/\/plumplumcreations.com\/it\/wp-json\/wp\/v2\/media\/7571"}],"wp:attachment":[{"href":"https:\/\/plumplumcreations.com\/it\/wp-json\/wp\/v2\/media?parent=7574"}],"wp:term":[{"taxonomy":"product_brand","embeddable":true,"href":"https:\/\/plumplumcreations.com\/it\/wp-json\/wp\/v2\/product_brand?post=7574"},{"taxonomy":"product_cat","embeddable":true,"href":"https:\/\/plumplumcreations.com\/it\/wp-json\/wp\/v2\/product_cat?post=7574"},{"taxonomy":"product_tag","embeddable":true,"href":"https:\/\/plumplumcreations.com\/it\/wp-json\/wp\/v2\/product_tag?post=7574"}],"curies":[{"name":"wp","href":"https:\/\/api.w.org\/{rel}","templated":true}]}}